{"id":2177014,"date":"2025-04-03T05:24:02","date_gmt":"2025-04-03T05:24:02","guid":{"rendered":"https:\/\/two.travel\/pruebas\/?page_id=2177014"},"modified":"2025-05-14T20:53:51","modified_gmt":"2025-05-14T20:53:51","slug":"villa-oracle-7","status":"publish","type":"page","link":"https:\/\/two.travel\/es\/villa-oracle-7\/","title":{"rendered":"Villa Or\u00e1culo 7"},"content":{"rendered":"<h3 class=\"wp-block-heading\" id=\"h-7-bedroom-penthouse-with-rooftop-pool\">\u00c1tico de 7 dormitorios con piscina en la azotea<\/h3>\n\n\n\n<p>En el centro de la Ciudad Vieja, este \u00e1tico de 7 dormitorios recientemente renovado es perfecto para sus vacaciones. Esta gran casa moderna est\u00e1 totalmente equipada y te pone pasos de todos los sitios incre\u00edbles, incluyendo la famosa torre del reloj y deliciosos restaurantes de la ciudad hist\u00f3rica tiene para ofrecer.<\/p>\n\n\n\n<p>Te encantar\u00e1 la incre\u00edble vista de la famosa torre del reloj desde la comodidad de tu habitaci\u00f3n<\/p>\n\n\n\n<p><\/p>","protected":false},"excerpt":{"rendered":"<p>7 bedroom penthouse with rooftop pool In the center of the Old City, this newly renovated 7 bedroom penthouse is perfect for your vacation. This modern big house is fully equipped and puts you steps from all the amazing sites including the famous clock tower and delicious restaurants the historical city has to offer. You [&hellip;]<\/p>\n","protected":false},"author":1,"featured_media":2177033,"parent":0,"menu_order":0,"comment_status":"closed","ping_status":"closed","template":"","meta":{"_acf_changed":false,"content-type":"","footnotes":""},"class_list":["post-2177014","page","type-page","status-publish","has-post-thumbnail","hentry"],"acf":[],"yoast_head":"<!-- This site is optimized with the Yoast SEO Premium plugin v27.3 (Yoast SEO v27.3) - https:\/\/yoast.com\/product\/yoast-seo-premium-wordpress\/ -->\n<title>Villa Oracle 7 - Two Travel Concierge<\/title>\n<meta name=\"description\" content=\"A 7 bedroom Cartagena apartment with rooftop pool and views of the clock tower.\" \/>\n<meta name=\"robots\" content=\"index, follow, max-snippet:-1, max-image-preview:large, max-video-preview:-1\" \/>\n<link rel=\"canonical\" href=\"https:\/\/two.travel\/es\/villa-oracle-7\/\" \/>\n<meta property=\"og:locale\" content=\"es_ES\" \/>\n<meta property=\"og:type\" content=\"article\" \/>\n<meta property=\"og:title\" content=\"Villa Oracle 7\" \/>\n<meta property=\"og:description\" content=\"A 7 bedroom Cartagena apartment with rooftop pool and views of the clock tower.\" \/>\n<meta property=\"og:url\" content=\"https:\/\/two.travel\/es\/villa-oracle-7\/\" \/>\n<meta property=\"og:site_name\" content=\"Two Travel Concierge\" \/>\n<meta property=\"article:publisher\" content=\"https:\/\/www.facebook.com\/twotravelconcierge\" \/>\n<meta property=\"article:modified_time\" content=\"2025-05-14T20:53:51+00:00\" \/>\n<meta property=\"og:image\" content=\"https:\/\/two.travel\/wp-content\/uploads\/2025\/04\/ORACLE7-01-scaled-1.jpg\" \/>\n\t<meta property=\"og:image:width\" content=\"1620\" \/>\n\t<meta property=\"og:image:height\" content=\"1080\" \/>\n\t<meta property=\"og:image:type\" content=\"image\/jpeg\" \/>\n<meta name=\"twitter:card\" content=\"summary_large_image\" \/>\n<meta name=\"twitter:label1\" content=\"Tiempo de lectura\" \/>\n\t<meta name=\"twitter:data1\" content=\"1 minuto\" \/>\n<script type=\"application\/ld+json\" class=\"yoast-schema-graph\">{\"@context\":\"https:\\\/\\\/schema.org\",\"@graph\":[{\"@type\":\"WebPage\",\"@id\":\"https:\\\/\\\/two.travel\\\/villa-oracle-7\\\/\",\"url\":\"https:\\\/\\\/two.travel\\\/villa-oracle-7\\\/\",\"name\":\"Villa Oracle 7 - Two Travel Concierge\",\"isPartOf\":{\"@id\":\"https:\\\/\\\/two.travel\\\/#website\"},\"primaryImageOfPage\":{\"@id\":\"https:\\\/\\\/two.travel\\\/villa-oracle-7\\\/#primaryimage\"},\"image\":{\"@id\":\"https:\\\/\\\/two.travel\\\/villa-oracle-7\\\/#primaryimage\"},\"thumbnailUrl\":\"https:\\\/\\\/two.travel\\\/wp-content\\\/uploads\\\/2025\\\/04\\\/ORACLE7-01-scaled-1.jpg\",\"datePublished\":\"2025-04-03T05:24:02+00:00\",\"dateModified\":\"2025-05-14T20:53:51+00:00\",\"description\":\"A 7 bedroom Cartagena apartment with rooftop pool and views of the clock tower.\",\"breadcrumb\":{\"@id\":\"https:\\\/\\\/two.travel\\\/#breadcrumb\"},\"inLanguage\":\"es-CO\",\"potentialAction\":[{\"@type\":\"ReadAction\",\"target\":[\"https:\\\/\\\/two.travel\\\/villa-oracle-7\\\/\"]}]},{\"@type\":\"ImageObject\",\"inLanguage\":\"es-CO\",\"@id\":\"https:\\\/\\\/two.travel\\\/villa-oracle-7\\\/#primaryimage\",\"url\":\"https:\\\/\\\/two.travel\\\/wp-content\\\/uploads\\\/2025\\\/04\\\/ORACLE7-01-scaled-1.jpg\",\"contentUrl\":\"https:\\\/\\\/two.travel\\\/wp-content\\\/uploads\\\/2025\\\/04\\\/ORACLE7-01-scaled-1.jpg\",\"width\":1620,\"height\":1080},{\"@type\":\"BreadcrumbList\",\"@id\":\"https:\\\/\\\/two.travel\\\/villa-oracle-7\\\/#breadcrumb\",\"itemListElement\":[{\"@type\":\"ListItem\",\"position\":1,\"name\":\"Home\",\"item\":\"https:\\\/\\\/two.travel\\\/\"},{\"@type\":\"ListItem\",\"position\":2,\"name\":\"Villa Oracle 7\"}]},{\"@type\":\"WebSite\",\"@id\":\"https:\\\/\\\/two.travel\\\/#website\",\"url\":\"https:\\\/\\\/two.travel\\\/\",\"name\":\"Two Travel Concierge\",\"description\":\"Luxury Travel: Villas, Boats, Concierge, and Weddings in Colombia and Mexico\",\"publisher\":{\"@id\":\"https:\\\/\\\/two.travel\\\/#organization\"},\"alternateName\":\"Two Travel\",\"potentialAction\":[{\"@type\":\"SearchAction\",\"target\":{\"@type\":\"EntryPoint\",\"urlTemplate\":\"https:\\\/\\\/two.travel\\\/?s={search_term_string}\"},\"query-input\":{\"@type\":\"PropertyValueSpecification\",\"valueRequired\":true,\"valueName\":\"search_term_string\"}}],\"inLanguage\":\"es-CO\"},{\"@type\":\"Organization\",\"@id\":\"https:\\\/\\\/two.travel\\\/#organization\",\"name\":\"Two Travel Concierge\",\"alternateName\":\"Two Travel\",\"url\":\"https:\\\/\\\/two.travel\\\/\",\"logo\":{\"@type\":\"ImageObject\",\"inLanguage\":\"es-CO\",\"@id\":\"https:\\\/\\\/two.travel\\\/#\\\/schema\\\/logo\\\/image\\\/\",\"url\":\"https:\\\/\\\/two.travel\\\/wp-content\\\/uploads\\\/2025\\\/02\\\/cropped-Two-Travel-LOGO-300x179-1.png\",\"contentUrl\":\"https:\\\/\\\/two.travel\\\/wp-content\\\/uploads\\\/2025\\\/02\\\/cropped-Two-Travel-LOGO-300x179-1.png\",\"width\":300,\"height\":178,\"caption\":\"Two Travel Concierge\"},\"image\":{\"@id\":\"https:\\\/\\\/two.travel\\\/#\\\/schema\\\/logo\\\/image\\\/\"},\"sameAs\":[\"https:\\\/\\\/www.facebook.com\\\/twotravelconcierge\",\"https:\\\/\\\/www.instagram.com\\\/twotravelconcierge\\\/\",\"https:\\\/\\\/www.linkedin.com\\\/company\\\/two-travel\\\/\"],\"description\":\"Two Travel is a boutique travel concierge and Destination Management Company specializing in curated group experiences across Colombia and Mexico.\",\"email\":\"reservations@two.travel\",\"telephone\":\"+12126530000\",\"legalName\":\"Tino Destinations\",\"foundingDate\":\"2016-07-11\",\"numberOfEmployees\":{\"@type\":\"QuantitativeValue\",\"minValue\":\"51\",\"maxValue\":\"200\"}}]}<\/script>\n<!-- \/ Yoast SEO Premium plugin. -->","yoast_head_json":{"title":"Villa Oracle 7 - Dos conserjes de viaje","description":"Un apartamento de 7 dormitorios en Cartagena con piscina en la azotea y vistas a la torre del reloj.","robots":{"index":"index","follow":"follow","max-snippet":"max-snippet:-1","max-image-preview":"max-image-preview:large","max-video-preview":"max-video-preview:-1"},"canonical":"https:\/\/two.travel\/es\/villa-oracle-7\/","og_locale":"es_ES","og_type":"article","og_title":"Villa Oracle 7","og_description":"A 7 bedroom Cartagena apartment with rooftop pool and views of the clock tower.","og_url":"https:\/\/two.travel\/es\/villa-oracle-7\/","og_site_name":"Two Travel Concierge","article_publisher":"https:\/\/www.facebook.com\/twotravelconcierge","article_modified_time":"2025-05-14T20:53:51+00:00","og_image":[{"width":1620,"height":1080,"url":"https:\/\/two.travel\/wp-content\/uploads\/2025\/04\/ORACLE7-01-scaled-1.jpg","type":"image\/jpeg"}],"twitter_card":"summary_large_image","twitter_misc":{"Tiempo de lectura":"1 minuto"},"schema":{"@context":"https:\/\/schema.org","@graph":[{"@type":"WebPage","@id":"https:\/\/two.travel\/villa-oracle-7\/","url":"https:\/\/two.travel\/villa-oracle-7\/","name":"Villa Oracle 7 - Dos conserjes de viaje","isPartOf":{"@id":"https:\/\/two.travel\/#website"},"primaryImageOfPage":{"@id":"https:\/\/two.travel\/villa-oracle-7\/#primaryimage"},"image":{"@id":"https:\/\/two.travel\/villa-oracle-7\/#primaryimage"},"thumbnailUrl":"https:\/\/two.travel\/wp-content\/uploads\/2025\/04\/ORACLE7-01-scaled-1.jpg","datePublished":"2025-04-03T05:24:02+00:00","dateModified":"2025-05-14T20:53:51+00:00","description":"Un apartamento de 7 dormitorios en Cartagena con piscina en la azotea y vistas a la torre del reloj.","breadcrumb":{"@id":"https:\/\/two.travel\/#breadcrumb"},"inLanguage":"es-CO","potentialAction":[{"@type":"ReadAction","target":["https:\/\/two.travel\/villa-oracle-7\/"]}]},{"@type":"ImageObject","inLanguage":"es-CO","@id":"https:\/\/two.travel\/villa-oracle-7\/#primaryimage","url":"https:\/\/two.travel\/wp-content\/uploads\/2025\/04\/ORACLE7-01-scaled-1.jpg","contentUrl":"https:\/\/two.travel\/wp-content\/uploads\/2025\/04\/ORACLE7-01-scaled-1.jpg","width":1620,"height":1080},{"@type":"BreadcrumbList","@id":"https:\/\/two.travel\/villa-oracle-7\/#breadcrumb","itemListElement":[{"@type":"ListItem","position":1,"name":"Home","item":"https:\/\/two.travel\/"},{"@type":"ListItem","position":2,"name":"Villa Oracle 7"}]},{"@type":"WebSite","@id":"https:\/\/two.travel\/#website","url":"https:\/\/two.travel\/","name":"Dos conserjes de viajes","description":"Luxury Travel: Villas, Boats, Concierge, and Weddings in Colombia and Mexico","publisher":{"@id":"https:\/\/two.travel\/#organization"},"alternateName":"Two Travel","potentialAction":[{"@type":"SearchAction","target":{"@type":"EntryPoint","urlTemplate":"https:\/\/two.travel\/?s={search_term_string}"},"query-input":{"@type":"PropertyValueSpecification","valueRequired":true,"valueName":"search_term_string"}}],"inLanguage":"es-CO"},{"@type":"Organization","@id":"https:\/\/two.travel\/#organization","name":"Dos conserjes de viajes","alternateName":"Two Travel","url":"https:\/\/two.travel\/","logo":{"@type":"ImageObject","inLanguage":"es-CO","@id":"https:\/\/two.travel\/#\/schema\/logo\/image\/","url":"https:\/\/two.travel\/wp-content\/uploads\/2025\/02\/cropped-Two-Travel-LOGO-300x179-1.png","contentUrl":"https:\/\/two.travel\/wp-content\/uploads\/2025\/02\/cropped-Two-Travel-LOGO-300x179-1.png","width":300,"height":178,"caption":"Two Travel Concierge"},"image":{"@id":"https:\/\/two.travel\/#\/schema\/logo\/image\/"},"sameAs":["https:\/\/www.facebook.com\/twotravelconcierge","https:\/\/www.instagram.com\/twotravelconcierge\/","https:\/\/www.linkedin.com\/company\/two-travel\/"],"description":"Two Travel is a boutique travel concierge and Destination Management Company specializing in curated group experiences across Colombia and Mexico.","email":"reservations@two.travel","telephone":"+12126530000","legalName":"Tino Destinations","foundingDate":"2016-07-11","numberOfEmployees":{"@type":"QuantitativeValue","minValue":"51","maxValue":"200"}}]}},"_links":{"self":[{"href":"https:\/\/two.travel\/es\/wp-json\/wp\/v2\/pages\/2177014","targetHints":{"allow":["GET"]}}],"collection":[{"href":"https:\/\/two.travel\/es\/wp-json\/wp\/v2\/pages"}],"about":[{"href":"https:\/\/two.travel\/es\/wp-json\/wp\/v2\/types\/page"}],"author":[{"embeddable":true,"href":"https:\/\/two.travel\/es\/wp-json\/wp\/v2\/users\/1"}],"replies":[{"embeddable":true,"href":"https:\/\/two.travel\/es\/wp-json\/wp\/v2\/comments?post=2177014"}],"version-history":[{"count":4,"href":"https:\/\/two.travel\/es\/wp-json\/wp\/v2\/pages\/2177014\/revisions"}],"predecessor-version":[{"id":2179725,"href":"https:\/\/two.travel\/es\/wp-json\/wp\/v2\/pages\/2177014\/revisions\/2179725"}],"wp:featuredmedia":[{"embeddable":true,"href":"https:\/\/two.travel\/es\/wp-json\/wp\/v2\/media\/2177033"}],"wp:attachment":[{"href":"https:\/\/two.travel\/es\/wp-json\/wp\/v2\/media?parent=2177014"}],"curies":[{"name":"wp","href":"https:\/\/api.w.org\/{rel}","templated":true}]}}