{"id":2176978,"date":"2025-04-03T04:49:03","date_gmt":"2025-04-03T04:49:03","guid":{"rendered":"https:\/\/two.travel\/pruebas\/?page_id=2176978"},"modified":"2025-04-23T04:30:28","modified_gmt":"2025-04-23T04:30:28","slug":"larga-villa-cartagena-2","status":"publish","type":"page","link":"https:\/\/two.travel\/es\/larga-villa-cartagena-2\/","title":{"rendered":"Villa Larga"},"content":{"rendered":"<h2 class=\"wp-block-heading\" id=\"h-5-bedroom-colonial-luxury-villa-with-jacuzzi-pool-and-rooftop\">Villa colonial de lujo de 5 dormitorios con jacuzzi, piscina y azotea<\/h2>\n\n\n\n<p>Esta casa restaurada de 250 a\u00f1os de antig\u00fcedad se encuentra en uno de los barrios m\u00e1s cool del mundo: Getseman\u00ed. Esta propiedad de 3.000 pies cuadrados puede alojar c\u00f3modamente a 13 hu\u00e9spedes. Dispone de 5 dormitorios con 7 camas, aire acondicionado, Wi-Fi y ba\u00f1os en suite con agua caliente. Gracias a las incre\u00edbles zonas comunes como: cocina moderna, acogedora sala de estar, azotea con jacuzzi y piscina privada, esta villa es la opci\u00f3n perfecta para ser su hogar durante sus vacaciones en el Caribe.<br><br>Su tiempo en Cartagena ser\u00e1 libre de estr\u00e9s si te quedas aqu\u00ed, esta casa cuenta con seguridad 24\/7, y un cocinero y limpiador para cocinar deliciosas comidas para usted y mantener todo agradable y limpio.<\/p>","protected":false},"excerpt":{"rendered":"<p>5 Bedroom colonial luxury villa with jacuzzi, pool and rooftop This 250-year old restored house is located in one of the coolest neighborhoods in the world: Getseman\u00ed. This 3,000 sq ft property can comfortably accommodate 13 guests. It has 5 bedrooms with 7 beds, air conditioning, Wi-Fi and en-suite bathrooms with hot water. Thanks to [&hellip;]<\/p>\n","protected":false},"author":1,"featured_media":2176979,"parent":0,"menu_order":0,"comment_status":"closed","ping_status":"closed","template":"","meta":{"_acf_changed":false,"content-type":"","footnotes":""},"class_list":["post-2176978","page","type-page","status-publish","has-post-thumbnail","hentry"],"acf":[],"yoast_head":"<!-- This site is optimized with the Yoast SEO Premium plugin v27.3 (Yoast SEO v27.3) - https:\/\/yoast.com\/product\/yoast-seo-premium-wordpress\/ -->\n<title>Larga Villa - Cartagena<\/title>\n<meta name=\"description\" content=\"Restored colonial villa with 5 bedrooms and bathrooms, a rooftop with jacuzzi and private pool. Contact us to book this house in Cartagena.\" \/>\n<meta name=\"robots\" content=\"index, follow, max-snippet:-1, max-image-preview:large, max-video-preview:-1\" \/>\n<link rel=\"canonical\" href=\"https:\/\/two.travel\/es\/larga-villa-cartagena-2\/\" \/>\n<meta property=\"og:locale\" content=\"es_ES\" \/>\n<meta property=\"og:type\" content=\"article\" \/>\n<meta property=\"og:title\" content=\"Larga Villa\" \/>\n<meta property=\"og:description\" content=\"Restored colonial villa with 5 bedrooms and bathrooms, a rooftop with jacuzzi and private pool. Contact us to book this house in Cartagena.\" \/>\n<meta property=\"og:url\" content=\"https:\/\/two.travel\/es\/larga-villa-cartagena-2\/\" \/>\n<meta property=\"og:site_name\" content=\"Two Travel Concierge\" \/>\n<meta property=\"article:publisher\" content=\"https:\/\/www.facebook.com\/twotravelconcierge\" \/>\n<meta property=\"article:modified_time\" content=\"2025-04-23T04:30:28+00:00\" \/>\n<meta property=\"og:image\" content=\"https:\/\/two.travel\/wp-content\/uploads\/2025\/04\/larga-villa-01.jpeg\" \/>\n\t<meta property=\"og:image:width\" content=\"1440\" \/>\n\t<meta property=\"og:image:height\" content=\"1080\" \/>\n\t<meta property=\"og:image:type\" content=\"image\/jpeg\" \/>\n<meta name=\"twitter:card\" content=\"summary_large_image\" \/>\n<meta name=\"twitter:label1\" content=\"Tiempo de lectura\" \/>\n\t<meta name=\"twitter:data1\" content=\"1 minuto\" \/>\n<script type=\"application\/ld+json\" class=\"yoast-schema-graph\">{\"@context\":\"https:\\\/\\\/schema.org\",\"@graph\":[{\"@type\":\"WebPage\",\"@id\":\"https:\\\/\\\/two.travel\\\/larga-villa-cartagena-2\\\/\",\"url\":\"https:\\\/\\\/two.travel\\\/larga-villa-cartagena-2\\\/\",\"name\":\"Larga Villa - Cartagena\",\"isPartOf\":{\"@id\":\"https:\\\/\\\/two.travel\\\/#website\"},\"primaryImageOfPage\":{\"@id\":\"https:\\\/\\\/two.travel\\\/larga-villa-cartagena-2\\\/#primaryimage\"},\"image\":{\"@id\":\"https:\\\/\\\/two.travel\\\/larga-villa-cartagena-2\\\/#primaryimage\"},\"thumbnailUrl\":\"https:\\\/\\\/two.travel\\\/wp-content\\\/uploads\\\/2025\\\/04\\\/larga-villa-01.jpeg\",\"datePublished\":\"2025-04-03T04:49:03+00:00\",\"dateModified\":\"2025-04-23T04:30:28+00:00\",\"description\":\"Restored colonial villa with 5 bedrooms and bathrooms, a rooftop with jacuzzi and private pool. Contact us to book this house in Cartagena.\",\"breadcrumb\":{\"@id\":\"https:\\\/\\\/two.travel\\\/#breadcrumb\"},\"inLanguage\":\"es-CO\",\"potentialAction\":[{\"@type\":\"ReadAction\",\"target\":[\"https:\\\/\\\/two.travel\\\/larga-villa-cartagena-2\\\/\"]}]},{\"@type\":\"ImageObject\",\"inLanguage\":\"es-CO\",\"@id\":\"https:\\\/\\\/two.travel\\\/larga-villa-cartagena-2\\\/#primaryimage\",\"url\":\"https:\\\/\\\/two.travel\\\/wp-content\\\/uploads\\\/2025\\\/04\\\/larga-villa-01.jpeg\",\"contentUrl\":\"https:\\\/\\\/two.travel\\\/wp-content\\\/uploads\\\/2025\\\/04\\\/larga-villa-01.jpeg\",\"width\":1440,\"height\":1080},{\"@type\":\"BreadcrumbList\",\"@id\":\"https:\\\/\\\/two.travel\\\/larga-villa-cartagena-2\\\/#breadcrumb\",\"itemListElement\":[{\"@type\":\"ListItem\",\"position\":1,\"name\":\"Home\",\"item\":\"https:\\\/\\\/two.travel\\\/\"},{\"@type\":\"ListItem\",\"position\":2,\"name\":\"Larga Villa\"}]},{\"@type\":\"WebSite\",\"@id\":\"https:\\\/\\\/two.travel\\\/#website\",\"url\":\"https:\\\/\\\/two.travel\\\/\",\"name\":\"Two Travel Concierge\",\"description\":\"Luxury Travel: Villas, Boats, Concierge, and Weddings in Colombia and Mexico\",\"publisher\":{\"@id\":\"https:\\\/\\\/two.travel\\\/#organization\"},\"alternateName\":\"Two Travel\",\"potentialAction\":[{\"@type\":\"SearchAction\",\"target\":{\"@type\":\"EntryPoint\",\"urlTemplate\":\"https:\\\/\\\/two.travel\\\/?s={search_term_string}\"},\"query-input\":{\"@type\":\"PropertyValueSpecification\",\"valueRequired\":true,\"valueName\":\"search_term_string\"}}],\"inLanguage\":\"es-CO\"},{\"@type\":\"Organization\",\"@id\":\"https:\\\/\\\/two.travel\\\/#organization\",\"name\":\"Two Travel Concierge\",\"alternateName\":\"Two Travel\",\"url\":\"https:\\\/\\\/two.travel\\\/\",\"logo\":{\"@type\":\"ImageObject\",\"inLanguage\":\"es-CO\",\"@id\":\"https:\\\/\\\/two.travel\\\/#\\\/schema\\\/logo\\\/image\\\/\",\"url\":\"https:\\\/\\\/two.travel\\\/wp-content\\\/uploads\\\/2025\\\/02\\\/cropped-Two-Travel-LOGO-300x179-1.png\",\"contentUrl\":\"https:\\\/\\\/two.travel\\\/wp-content\\\/uploads\\\/2025\\\/02\\\/cropped-Two-Travel-LOGO-300x179-1.png\",\"width\":300,\"height\":178,\"caption\":\"Two Travel Concierge\"},\"image\":{\"@id\":\"https:\\\/\\\/two.travel\\\/#\\\/schema\\\/logo\\\/image\\\/\"},\"sameAs\":[\"https:\\\/\\\/www.facebook.com\\\/twotravelconcierge\",\"https:\\\/\\\/www.instagram.com\\\/twotravelconcierge\\\/\",\"https:\\\/\\\/www.linkedin.com\\\/company\\\/two-travel\\\/\"],\"description\":\"Two Travel is a boutique travel concierge and Destination Management Company specializing in curated group experiences across Colombia and Mexico.\",\"email\":\"reservations@two.travel\",\"telephone\":\"+12126530000\",\"legalName\":\"Tino Destinations\",\"foundingDate\":\"2016-07-11\",\"numberOfEmployees\":{\"@type\":\"QuantitativeValue\",\"minValue\":\"51\",\"maxValue\":\"200\"}}]}<\/script>\n<!-- \/ Yoast SEO Premium plugin. -->","yoast_head_json":{"title":"Villa Larga - Cartagena","description":"Villa colonial restaurada con 5 habitaciones y ba\u00f1os, azotea con jacuzzi y piscina privada. Cont\u00e1ctenos para reservar esta casa en Cartagena.","robots":{"index":"index","follow":"follow","max-snippet":"max-snippet:-1","max-image-preview":"max-image-preview:large","max-video-preview":"max-video-preview:-1"},"canonical":"https:\/\/two.travel\/es\/larga-villa-cartagena-2\/","og_locale":"es_ES","og_type":"article","og_title":"Larga Villa","og_description":"Restored colonial villa with 5 bedrooms and bathrooms, a rooftop with jacuzzi and private pool. Contact us to book this house in Cartagena.","og_url":"https:\/\/two.travel\/es\/larga-villa-cartagena-2\/","og_site_name":"Two Travel Concierge","article_publisher":"https:\/\/www.facebook.com\/twotravelconcierge","article_modified_time":"2025-04-23T04:30:28+00:00","og_image":[{"width":1440,"height":1080,"url":"https:\/\/two.travel\/wp-content\/uploads\/2025\/04\/larga-villa-01.jpeg","type":"image\/jpeg"}],"twitter_card":"summary_large_image","twitter_misc":{"Tiempo de lectura":"1 minuto"},"schema":{"@context":"https:\/\/schema.org","@graph":[{"@type":"WebPage","@id":"https:\/\/two.travel\/larga-villa-cartagena-2\/","url":"https:\/\/two.travel\/larga-villa-cartagena-2\/","name":"Villa Larga - Cartagena","isPartOf":{"@id":"https:\/\/two.travel\/#website"},"primaryImageOfPage":{"@id":"https:\/\/two.travel\/larga-villa-cartagena-2\/#primaryimage"},"image":{"@id":"https:\/\/two.travel\/larga-villa-cartagena-2\/#primaryimage"},"thumbnailUrl":"https:\/\/two.travel\/wp-content\/uploads\/2025\/04\/larga-villa-01.jpeg","datePublished":"2025-04-03T04:49:03+00:00","dateModified":"2025-04-23T04:30:28+00:00","description":"Villa colonial restaurada con 5 habitaciones y ba\u00f1os, azotea con jacuzzi y piscina privada. Cont\u00e1ctenos para reservar esta casa en Cartagena.","breadcrumb":{"@id":"https:\/\/two.travel\/#breadcrumb"},"inLanguage":"es-CO","potentialAction":[{"@type":"ReadAction","target":["https:\/\/two.travel\/larga-villa-cartagena-2\/"]}]},{"@type":"ImageObject","inLanguage":"es-CO","@id":"https:\/\/two.travel\/larga-villa-cartagena-2\/#primaryimage","url":"https:\/\/two.travel\/wp-content\/uploads\/2025\/04\/larga-villa-01.jpeg","contentUrl":"https:\/\/two.travel\/wp-content\/uploads\/2025\/04\/larga-villa-01.jpeg","width":1440,"height":1080},{"@type":"BreadcrumbList","@id":"https:\/\/two.travel\/larga-villa-cartagena-2\/#breadcrumb","itemListElement":[{"@type":"ListItem","position":1,"name":"Home","item":"https:\/\/two.travel\/"},{"@type":"ListItem","position":2,"name":"Larga Villa"}]},{"@type":"WebSite","@id":"https:\/\/two.travel\/#website","url":"https:\/\/two.travel\/","name":"Dos conserjes de viajes","description":"Luxury Travel: Villas, Boats, Concierge, and Weddings in Colombia and Mexico","publisher":{"@id":"https:\/\/two.travel\/#organization"},"alternateName":"Two Travel","potentialAction":[{"@type":"SearchAction","target":{"@type":"EntryPoint","urlTemplate":"https:\/\/two.travel\/?s={search_term_string}"},"query-input":{"@type":"PropertyValueSpecification","valueRequired":true,"valueName":"search_term_string"}}],"inLanguage":"es-CO"},{"@type":"Organization","@id":"https:\/\/two.travel\/#organization","name":"Dos conserjes de viajes","alternateName":"Two Travel","url":"https:\/\/two.travel\/","logo":{"@type":"ImageObject","inLanguage":"es-CO","@id":"https:\/\/two.travel\/#\/schema\/logo\/image\/","url":"https:\/\/two.travel\/wp-content\/uploads\/2025\/02\/cropped-Two-Travel-LOGO-300x179-1.png","contentUrl":"https:\/\/two.travel\/wp-content\/uploads\/2025\/02\/cropped-Two-Travel-LOGO-300x179-1.png","width":300,"height":178,"caption":"Two Travel Concierge"},"image":{"@id":"https:\/\/two.travel\/#\/schema\/logo\/image\/"},"sameAs":["https:\/\/www.facebook.com\/twotravelconcierge","https:\/\/www.instagram.com\/twotravelconcierge\/","https:\/\/www.linkedin.com\/company\/two-travel\/"],"description":"Two Travel is a boutique travel concierge and Destination Management Company specializing in curated group experiences across Colombia and Mexico.","email":"reservations@two.travel","telephone":"+12126530000","legalName":"Tino Destinations","foundingDate":"2016-07-11","numberOfEmployees":{"@type":"QuantitativeValue","minValue":"51","maxValue":"200"}}]}},"_links":{"self":[{"href":"https:\/\/two.travel\/es\/wp-json\/wp\/v2\/pages\/2176978","targetHints":{"allow":["GET"]}}],"collection":[{"href":"https:\/\/two.travel\/es\/wp-json\/wp\/v2\/pages"}],"about":[{"href":"https:\/\/two.travel\/es\/wp-json\/wp\/v2\/types\/page"}],"author":[{"embeddable":true,"href":"https:\/\/two.travel\/es\/wp-json\/wp\/v2\/users\/1"}],"replies":[{"embeddable":true,"href":"https:\/\/two.travel\/es\/wp-json\/wp\/v2\/comments?post=2176978"}],"version-history":[{"count":1,"href":"https:\/\/two.travel\/es\/wp-json\/wp\/v2\/pages\/2176978\/revisions"}],"predecessor-version":[{"id":2176987,"href":"https:\/\/two.travel\/es\/wp-json\/wp\/v2\/pages\/2176978\/revisions\/2176987"}],"wp:featuredmedia":[{"embeddable":true,"href":"https:\/\/two.travel\/es\/wp-json\/wp\/v2\/media\/2176979"}],"wp:attachment":[{"href":"https:\/\/two.travel\/es\/wp-json\/wp\/v2\/media?parent=2176978"}],"curies":[{"name":"wp","href":"https:\/\/api.w.org\/{rel}","templated":true}]}}