{"id":2176928,"date":"2025-04-03T04:23:37","date_gmt":"2025-04-03T04:23:37","guid":{"rendered":"https:\/\/two.travel\/pruebas\/?page_id=2176928"},"modified":"2025-05-23T03:13:15","modified_gmt":"2025-05-23T03:13:15","slug":"lagos","status":"publish","type":"page","link":"https:\/\/two.travel\/es\/lagos\/","title":{"rendered":"Lagos"},"content":{"rendered":"<h3 class=\"wp-block-heading\" id=\"h-4-bedroom-villa-with-rooftop-and-jacuzzi\"><strong>Villa de 4 dormitorios con azotea y jacuzzi<\/strong><\/h3>\n\n\n\n<p>Bienvenido a casa. Esta casa recientemente reformada se encuentra dentro de la ciudad amurallada de Cartagena de Indias y dispone de WiFi gratuito, desayuno a la carta y ba\u00f1era de hidromasaje. Usted estar\u00e1 a poca distancia de todas las atracciones tur\u00edsticas, bares y discotecas. Somos una casa de servicio completo lo que significa que usted tiene un personal que va a cocinar y limpiar todos los d\u00edas y ayudar con cualquier necesidad diaria.<\/p>\n\n\n\n<p>Las habitaciones con aire acondicionado de esta moderna casa presentan una decoraci\u00f3n en madera, TV de pantalla plana y ba\u00f1o privado con ducha y aseo en cada dormitorio. No se sacrifica nada en el espacio. Hay art\u00edculos de aseo de 5 estrellas y un atento personal a su disposici\u00f3n las 24 horas del d\u00eda.<\/p>\n\n\n\n<p><\/p>","protected":false},"excerpt":{"rendered":"<p>4 bedroom villa with rooftop and jacuzzi Welcome home. This recently upgraded home is located within the walled city of Cartagena de Indias with free WiFi, an a la carte breakfast, and a hot tub. You will be walking distance to all tourist attractions, bars, and nightclubs. We are a full service home meaning you [&hellip;]<\/p>\n","protected":false},"author":1,"featured_media":2176940,"parent":0,"menu_order":0,"comment_status":"closed","ping_status":"closed","template":"","meta":{"_acf_changed":false,"content-type":"","footnotes":""},"class_list":["post-2176928","page","type-page","status-publish","has-post-thumbnail","hentry"],"acf":[],"yoast_head":"<!-- This site is optimized with the Yoast SEO Premium plugin v27.3 (Yoast SEO v27.3) - https:\/\/yoast.com\/product\/yoast-seo-premium-wordpress\/ -->\n<title>Villa Lagos | Cartagena<\/title>\n<meta name=\"description\" content=\"4 bedroom villa with rooftop and jacuzzi in Cartagena.\" \/>\n<meta name=\"robots\" content=\"index, follow, max-snippet:-1, max-image-preview:large, max-video-preview:-1\" \/>\n<link rel=\"canonical\" href=\"https:\/\/two.travel\/es\/lagos\/\" \/>\n<meta property=\"og:locale\" content=\"es_ES\" \/>\n<meta property=\"og:type\" content=\"article\" \/>\n<meta property=\"og:title\" content=\"Lagos\" \/>\n<meta property=\"og:description\" content=\"4 bedroom villa with rooftop and jacuzzi in Cartagena.\" \/>\n<meta property=\"og:url\" content=\"https:\/\/two.travel\/es\/lagos\/\" \/>\n<meta property=\"og:site_name\" content=\"Two Travel Concierge\" \/>\n<meta property=\"article:publisher\" content=\"https:\/\/www.facebook.com\/twotravelconcierge\" \/>\n<meta property=\"article:modified_time\" content=\"2025-05-23T03:13:15+00:00\" \/>\n<meta property=\"og:image\" content=\"https:\/\/two.travel\/wp-content\/uploads\/2025\/04\/Casa-Lagos-05.jpg\" \/>\n\t<meta property=\"og:image:width\" content=\"1280\" \/>\n\t<meta property=\"og:image:height\" content=\"853\" \/>\n\t<meta property=\"og:image:type\" content=\"image\/jpeg\" \/>\n<meta name=\"twitter:card\" content=\"summary_large_image\" \/>\n<meta name=\"twitter:label1\" content=\"Tiempo de lectura\" \/>\n\t<meta name=\"twitter:data1\" content=\"1 minuto\" \/>\n<script type=\"application\/ld+json\" class=\"yoast-schema-graph\">{\"@context\":\"https:\\\/\\\/schema.org\",\"@graph\":[{\"@type\":\"WebPage\",\"@id\":\"https:\\\/\\\/two.travel\\\/es\\\/lagos\\\/\",\"url\":\"https:\\\/\\\/two.travel\\\/lagos\\\/\",\"name\":\"Villa Lagos | Cartagena\",\"isPartOf\":{\"@id\":\"https:\\\/\\\/two.travel\\\/#website\"},\"primaryImageOfPage\":{\"@id\":\"https:\\\/\\\/two.travel\\\/lagos\\\/#primaryimage\"},\"image\":{\"@id\":\"https:\\\/\\\/two.travel\\\/lagos\\\/#primaryimage\"},\"thumbnailUrl\":\"https:\\\/\\\/two.travel\\\/wp-content\\\/uploads\\\/2025\\\/04\\\/Casa-Lagos-05.jpg\",\"datePublished\":\"2025-04-03T04:23:37+00:00\",\"dateModified\":\"2025-05-23T03:13:15+00:00\",\"description\":\"4 bedroom villa with rooftop and jacuzzi in Cartagena.\",\"breadcrumb\":{\"@id\":\"https:\\\/\\\/two.travel\\\/#breadcrumb\"},\"inLanguage\":\"es-CO\",\"potentialAction\":[{\"@type\":\"ReadAction\",\"target\":[\"https:\\\/\\\/two.travel\\\/lagos\\\/\"]}]},{\"@type\":\"ImageObject\",\"inLanguage\":\"es-CO\",\"@id\":\"https:\\\/\\\/two.travel\\\/lagos\\\/#primaryimage\",\"url\":\"https:\\\/\\\/two.travel\\\/wp-content\\\/uploads\\\/2025\\\/04\\\/Casa-Lagos-05.jpg\",\"contentUrl\":\"https:\\\/\\\/two.travel\\\/wp-content\\\/uploads\\\/2025\\\/04\\\/Casa-Lagos-05.jpg\",\"width\":1280,\"height\":853},{\"@type\":\"BreadcrumbList\",\"@id\":\"https:\\\/\\\/two.travel\\\/lagos\\\/#breadcrumb\",\"itemListElement\":[{\"@type\":\"ListItem\",\"position\":1,\"name\":\"Home\",\"item\":\"https:\\\/\\\/two.travel\\\/\"},{\"@type\":\"ListItem\",\"position\":2,\"name\":\"Lagos\"}]},{\"@type\":\"WebSite\",\"@id\":\"https:\\\/\\\/two.travel\\\/#website\",\"url\":\"https:\\\/\\\/two.travel\\\/\",\"name\":\"Two Travel Concierge\",\"description\":\"Luxury Travel: Villas, Boats, Concierge, and Weddings in Colombia and Mexico\",\"publisher\":{\"@id\":\"https:\\\/\\\/two.travel\\\/#organization\"},\"alternateName\":\"Two Travel\",\"potentialAction\":[{\"@type\":\"SearchAction\",\"target\":{\"@type\":\"EntryPoint\",\"urlTemplate\":\"https:\\\/\\\/two.travel\\\/?s={search_term_string}\"},\"query-input\":{\"@type\":\"PropertyValueSpecification\",\"valueRequired\":true,\"valueName\":\"search_term_string\"}}],\"inLanguage\":\"es-CO\"},{\"@type\":\"Organization\",\"@id\":\"https:\\\/\\\/two.travel\\\/#organization\",\"name\":\"Two Travel Concierge\",\"alternateName\":\"Two Travel\",\"url\":\"https:\\\/\\\/two.travel\\\/\",\"logo\":{\"@type\":\"ImageObject\",\"inLanguage\":\"es-CO\",\"@id\":\"https:\\\/\\\/two.travel\\\/#\\\/schema\\\/logo\\\/image\\\/\",\"url\":\"https:\\\/\\\/two.travel\\\/wp-content\\\/uploads\\\/2025\\\/02\\\/cropped-Two-Travel-LOGO-300x179-1.png\",\"contentUrl\":\"https:\\\/\\\/two.travel\\\/wp-content\\\/uploads\\\/2025\\\/02\\\/cropped-Two-Travel-LOGO-300x179-1.png\",\"width\":300,\"height\":178,\"caption\":\"Two Travel Concierge\"},\"image\":{\"@id\":\"https:\\\/\\\/two.travel\\\/#\\\/schema\\\/logo\\\/image\\\/\"},\"sameAs\":[\"https:\\\/\\\/www.facebook.com\\\/twotravelconcierge\",\"https:\\\/\\\/www.instagram.com\\\/twotravelconcierge\\\/\",\"https:\\\/\\\/www.linkedin.com\\\/company\\\/two-travel\\\/\"],\"description\":\"Two Travel is a boutique travel concierge and Destination Management Company specializing in curated group experiences across Colombia and Mexico.\",\"email\":\"reservations@two.travel\",\"telephone\":\"+12126530000\",\"legalName\":\"Tino Destinations\",\"foundingDate\":\"2016-07-11\",\"numberOfEmployees\":{\"@type\":\"QuantitativeValue\",\"minValue\":\"51\",\"maxValue\":\"200\"}}]}<\/script>\n<!-- \/ Yoast SEO Premium plugin. -->","yoast_head_json":{"title":"Villa Lagos | Cartagena","description":"Chalet de 4 dormitorios con azotea y jacuzzi en Cartagena.","robots":{"index":"index","follow":"follow","max-snippet":"max-snippet:-1","max-image-preview":"max-image-preview:large","max-video-preview":"max-video-preview:-1"},"canonical":"https:\/\/two.travel\/es\/lagos\/","og_locale":"es_ES","og_type":"article","og_title":"Lagos","og_description":"4 bedroom villa with rooftop and jacuzzi in Cartagena.","og_url":"https:\/\/two.travel\/es\/lagos\/","og_site_name":"Two Travel Concierge","article_publisher":"https:\/\/www.facebook.com\/twotravelconcierge","article_modified_time":"2025-05-23T03:13:15+00:00","og_image":[{"width":1280,"height":853,"url":"https:\/\/two.travel\/wp-content\/uploads\/2025\/04\/Casa-Lagos-05.jpg","type":"image\/jpeg"}],"twitter_card":"summary_large_image","twitter_misc":{"Tiempo de lectura":"1 minuto"},"schema":{"@context":"https:\/\/schema.org","@graph":[{"@type":"WebPage","@id":"https:\/\/two.travel\/es\/lagos\/","url":"https:\/\/two.travel\/lagos\/","name":"Villa Lagos | Cartagena","isPartOf":{"@id":"https:\/\/two.travel\/#website"},"primaryImageOfPage":{"@id":"https:\/\/two.travel\/lagos\/#primaryimage"},"image":{"@id":"https:\/\/two.travel\/lagos\/#primaryimage"},"thumbnailUrl":"https:\/\/two.travel\/wp-content\/uploads\/2025\/04\/Casa-Lagos-05.jpg","datePublished":"2025-04-03T04:23:37+00:00","dateModified":"2025-05-23T03:13:15+00:00","description":"Chalet de 4 dormitorios con azotea y jacuzzi en Cartagena.","breadcrumb":{"@id":"https:\/\/two.travel\/#breadcrumb"},"inLanguage":"es-CO","potentialAction":[{"@type":"ReadAction","target":["https:\/\/two.travel\/lagos\/"]}]},{"@type":"ImageObject","inLanguage":"es-CO","@id":"https:\/\/two.travel\/lagos\/#primaryimage","url":"https:\/\/two.travel\/wp-content\/uploads\/2025\/04\/Casa-Lagos-05.jpg","contentUrl":"https:\/\/two.travel\/wp-content\/uploads\/2025\/04\/Casa-Lagos-05.jpg","width":1280,"height":853},{"@type":"BreadcrumbList","@id":"https:\/\/two.travel\/lagos\/#breadcrumb","itemListElement":[{"@type":"ListItem","position":1,"name":"Home","item":"https:\/\/two.travel\/"},{"@type":"ListItem","position":2,"name":"Lagos"}]},{"@type":"WebSite","@id":"https:\/\/two.travel\/#website","url":"https:\/\/two.travel\/","name":"Dos conserjes de viajes","description":"Luxury Travel: Villas, Boats, Concierge, and Weddings in Colombia and Mexico","publisher":{"@id":"https:\/\/two.travel\/#organization"},"alternateName":"Two Travel","potentialAction":[{"@type":"SearchAction","target":{"@type":"EntryPoint","urlTemplate":"https:\/\/two.travel\/?s={search_term_string}"},"query-input":{"@type":"PropertyValueSpecification","valueRequired":true,"valueName":"search_term_string"}}],"inLanguage":"es-CO"},{"@type":"Organization","@id":"https:\/\/two.travel\/#organization","name":"Dos conserjes de viajes","alternateName":"Two Travel","url":"https:\/\/two.travel\/","logo":{"@type":"ImageObject","inLanguage":"es-CO","@id":"https:\/\/two.travel\/#\/schema\/logo\/image\/","url":"https:\/\/two.travel\/wp-content\/uploads\/2025\/02\/cropped-Two-Travel-LOGO-300x179-1.png","contentUrl":"https:\/\/two.travel\/wp-content\/uploads\/2025\/02\/cropped-Two-Travel-LOGO-300x179-1.png","width":300,"height":178,"caption":"Two Travel Concierge"},"image":{"@id":"https:\/\/two.travel\/#\/schema\/logo\/image\/"},"sameAs":["https:\/\/www.facebook.com\/twotravelconcierge","https:\/\/www.instagram.com\/twotravelconcierge\/","https:\/\/www.linkedin.com\/company\/two-travel\/"],"description":"Two Travel is a boutique travel concierge and Destination Management Company specializing in curated group experiences across Colombia and Mexico.","email":"reservations@two.travel","telephone":"+12126530000","legalName":"Tino Destinations","foundingDate":"2016-07-11","numberOfEmployees":{"@type":"QuantitativeValue","minValue":"51","maxValue":"200"}}]}},"_links":{"self":[{"href":"https:\/\/two.travel\/es\/wp-json\/wp\/v2\/pages\/2176928","targetHints":{"allow":["GET"]}}],"collection":[{"href":"https:\/\/two.travel\/es\/wp-json\/wp\/v2\/pages"}],"about":[{"href":"https:\/\/two.travel\/es\/wp-json\/wp\/v2\/types\/page"}],"author":[{"embeddable":true,"href":"https:\/\/two.travel\/es\/wp-json\/wp\/v2\/users\/1"}],"replies":[{"embeddable":true,"href":"https:\/\/two.travel\/es\/wp-json\/wp\/v2\/comments?post=2176928"}],"version-history":[{"count":2,"href":"https:\/\/two.travel\/es\/wp-json\/wp\/v2\/pages\/2176928\/revisions"}],"predecessor-version":[{"id":2178076,"href":"https:\/\/two.travel\/es\/wp-json\/wp\/v2\/pages\/2176928\/revisions\/2178076"}],"wp:featuredmedia":[{"embeddable":true,"href":"https:\/\/two.travel\/es\/wp-json\/wp\/v2\/media\/2176940"}],"wp:attachment":[{"href":"https:\/\/two.travel\/es\/wp-json\/wp\/v2\/media?parent=2176928"}],"curies":[{"name":"wp","href":"https:\/\/api.w.org\/{rel}","templated":true}]}}