{"id":2176480,"date":"2025-03-27T17:22:06","date_gmt":"2025-03-27T17:22:06","guid":{"rendered":"https:\/\/two.travel\/pruebas\/?page_id=2176480"},"modified":"2025-05-19T20:54:48","modified_gmt":"2025-05-19T20:54:48","slug":"playa-fenix-cartagena","status":"publish","type":"page","link":"https:\/\/two.travel\/es\/fenix-beach-cartagena\/","title":{"rendered":"Playa F\u00e9nix"},"content":{"rendered":"<p>At just 15 minutes by boat from Cartagena, Fenix Beach is a magical and romantic place to get married. If you\u2019re dreaming of a beach wedding, this setting is spectacular any time of day or night, but especially at sunset. Fenix Beach can host large weddings of up to 300 people with accommodation for over 100 people, With so many spaces, it can also be an intimate setting for smaller weddings.<\/p>\n\n\n\n<p>Los equipos de organizaci\u00f3n de bodas y conserjer\u00eda de Two Lovers pueden asegurarse de que usted y sus invitados tengan todo lo que necesitan. P\u00f3ngase en contacto con nosotros para solicitar un presupuesto.<\/p>","protected":false},"excerpt":{"rendered":"<p>At just 15 minutes by boat from Cartagena, Fenix Beach is a magical and romantic place to get married. If you\u2019re dreaming of a beach wedding, this setting is spectacular any time of day or night, but especially at sunset. Fenix Beach can host large weddings of up to 300 people with accommodation for over [&hellip;]<\/p>\n","protected":false},"author":3,"featured_media":2176488,"parent":0,"menu_order":0,"comment_status":"closed","ping_status":"closed","template":"","meta":{"_acf_changed":false,"content-type":"","footnotes":""},"class_list":["post-2176480","page","type-page","status-publish","has-post-thumbnail","hentry"],"acf":[],"yoast_head":"<!-- This site is optimized with the Yoast SEO Premium plugin v27.3 (Yoast SEO v27.3) - https:\/\/yoast.com\/product\/yoast-seo-premium-wordpress\/ -->\n<title>Your Wedding at Fenix Beach | Cartagena<\/title>\n<meta name=\"description\" content=\"Dreaming of a beach wedding? Fenix Beach is spectacular any time of day or night, but especially at sunset. Perfect for 50-300 guests.\" \/>\n<meta name=\"robots\" content=\"index, follow, max-snippet:-1, max-image-preview:large, max-video-preview:-1\" \/>\n<link rel=\"canonical\" href=\"https:\/\/two.travel\/es\/playa-fenix-cartagena\/\" \/>\n<meta property=\"og:locale\" content=\"es_ES\" \/>\n<meta property=\"og:type\" content=\"article\" \/>\n<meta property=\"og:title\" content=\"Fenix Beach\" \/>\n<meta property=\"og:description\" content=\"Dreaming of a beach wedding? Fenix Beach is spectacular any time of day or night, but especially at sunset. Perfect for 50-300 guests.\" \/>\n<meta property=\"og:url\" content=\"https:\/\/two.travel\/es\/playa-fenix-cartagena\/\" \/>\n<meta property=\"og:site_name\" content=\"Two Travel Concierge\" \/>\n<meta property=\"article:publisher\" content=\"https:\/\/www.facebook.com\/twotravelconcierge\" \/>\n<meta property=\"article:modified_time\" content=\"2025-05-19T20:54:48+00:00\" \/>\n<meta property=\"og:image\" content=\"https:\/\/two.travel\/wp-content\/uploads\/2025\/03\/DSC06462.jpg\" \/>\n\t<meta property=\"og:image:width\" content=\"1620\" \/>\n\t<meta property=\"og:image:height\" content=\"1080\" \/>\n\t<meta property=\"og:image:type\" content=\"image\/jpeg\" \/>\n<meta name=\"twitter:card\" content=\"summary_large_image\" \/>\n<meta name=\"twitter:label1\" content=\"Tiempo de lectura\" \/>\n\t<meta name=\"twitter:data1\" content=\"1 minuto\" \/>\n<script type=\"application\/ld+json\" class=\"yoast-schema-graph\">{\"@context\":\"https:\\\/\\\/schema.org\",\"@graph\":[{\"@type\":\"WebPage\",\"@id\":\"https:\\\/\\\/two.travel\\\/fenix-beach-cartagena\\\/\",\"url\":\"https:\\\/\\\/two.travel\\\/fenix-beach-cartagena\\\/\",\"name\":\"Your Wedding at Fenix Beach | Cartagena\",\"isPartOf\":{\"@id\":\"https:\\\/\\\/two.travel\\\/#website\"},\"primaryImageOfPage\":{\"@id\":\"https:\\\/\\\/two.travel\\\/fenix-beach-cartagena\\\/#primaryimage\"},\"image\":{\"@id\":\"https:\\\/\\\/two.travel\\\/fenix-beach-cartagena\\\/#primaryimage\"},\"thumbnailUrl\":\"https:\\\/\\\/two.travel\\\/wp-content\\\/uploads\\\/2025\\\/03\\\/DSC06462.jpg\",\"datePublished\":\"2025-03-27T17:22:06+00:00\",\"dateModified\":\"2025-05-19T20:54:48+00:00\",\"description\":\"Dreaming of a beach wedding? Fenix Beach is spectacular any time of day or night, but especially at sunset. Perfect for 50-300 guests.\",\"breadcrumb\":{\"@id\":\"https:\\\/\\\/two.travel\\\/#breadcrumb\"},\"inLanguage\":\"es-CO\",\"potentialAction\":[{\"@type\":\"ReadAction\",\"target\":[\"https:\\\/\\\/two.travel\\\/fenix-beach-cartagena\\\/\"]}]},{\"@type\":\"ImageObject\",\"inLanguage\":\"es-CO\",\"@id\":\"https:\\\/\\\/two.travel\\\/fenix-beach-cartagena\\\/#primaryimage\",\"url\":\"https:\\\/\\\/two.travel\\\/wp-content\\\/uploads\\\/2025\\\/03\\\/DSC06462.jpg\",\"contentUrl\":\"https:\\\/\\\/two.travel\\\/wp-content\\\/uploads\\\/2025\\\/03\\\/DSC06462.jpg\",\"width\":1620,\"height\":1080},{\"@type\":\"BreadcrumbList\",\"@id\":\"https:\\\/\\\/two.travel\\\/fenix-beach-cartagena\\\/#breadcrumb\",\"itemListElement\":[{\"@type\":\"ListItem\",\"position\":1,\"name\":\"Home\",\"item\":\"https:\\\/\\\/two.travel\\\/\"},{\"@type\":\"ListItem\",\"position\":2,\"name\":\"Fenix Beach\"}]},{\"@type\":\"WebSite\",\"@id\":\"https:\\\/\\\/two.travel\\\/#website\",\"url\":\"https:\\\/\\\/two.travel\\\/\",\"name\":\"Two Travel Concierge\",\"description\":\"Luxury Travel: Villas, Boats, Concierge, and Weddings in Colombia and Mexico\",\"publisher\":{\"@id\":\"https:\\\/\\\/two.travel\\\/#organization\"},\"alternateName\":\"Two Travel\",\"potentialAction\":[{\"@type\":\"SearchAction\",\"target\":{\"@type\":\"EntryPoint\",\"urlTemplate\":\"https:\\\/\\\/two.travel\\\/?s={search_term_string}\"},\"query-input\":{\"@type\":\"PropertyValueSpecification\",\"valueRequired\":true,\"valueName\":\"search_term_string\"}}],\"inLanguage\":\"es-CO\"},{\"@type\":\"Organization\",\"@id\":\"https:\\\/\\\/two.travel\\\/#organization\",\"name\":\"Two Travel Concierge\",\"alternateName\":\"Two Travel\",\"url\":\"https:\\\/\\\/two.travel\\\/\",\"logo\":{\"@type\":\"ImageObject\",\"inLanguage\":\"es-CO\",\"@id\":\"https:\\\/\\\/two.travel\\\/#\\\/schema\\\/logo\\\/image\\\/\",\"url\":\"https:\\\/\\\/two.travel\\\/wp-content\\\/uploads\\\/2025\\\/02\\\/cropped-Two-Travel-LOGO-300x179-1.png\",\"contentUrl\":\"https:\\\/\\\/two.travel\\\/wp-content\\\/uploads\\\/2025\\\/02\\\/cropped-Two-Travel-LOGO-300x179-1.png\",\"width\":300,\"height\":178,\"caption\":\"Two Travel Concierge\"},\"image\":{\"@id\":\"https:\\\/\\\/two.travel\\\/#\\\/schema\\\/logo\\\/image\\\/\"},\"sameAs\":[\"https:\\\/\\\/www.facebook.com\\\/twotravelconcierge\",\"https:\\\/\\\/www.instagram.com\\\/twotravelconcierge\\\/\",\"https:\\\/\\\/www.linkedin.com\\\/company\\\/two-travel\\\/\"],\"description\":\"Two Travel is a boutique travel concierge and Destination Management Company specializing in curated group experiences across Colombia and Mexico.\",\"email\":\"reservations@two.travel\",\"telephone\":\"+12126530000\",\"legalName\":\"Tino Destinations\",\"foundingDate\":\"2016-07-11\",\"numberOfEmployees\":{\"@type\":\"QuantitativeValue\",\"minValue\":\"51\",\"maxValue\":\"200\"}}]}<\/script>\n<!-- \/ Yoast SEO Premium plugin. -->","yoast_head_json":{"title":"Tu Boda en Fenix Beach | Cartagena","description":"Dreaming of a beach wedding? Fenix Beach is spectacular any time of day or night, but especially at sunset. Perfect for 50-300 guests.","robots":{"index":"index","follow":"follow","max-snippet":"max-snippet:-1","max-image-preview":"max-image-preview:large","max-video-preview":"max-video-preview:-1"},"canonical":"https:\/\/two.travel\/es\/playa-fenix-cartagena\/","og_locale":"es_ES","og_type":"article","og_title":"Fenix Beach","og_description":"Dreaming of a beach wedding? Fenix Beach is spectacular any time of day or night, but especially at sunset. Perfect for 50-300 guests.","og_url":"https:\/\/two.travel\/es\/playa-fenix-cartagena\/","og_site_name":"Two Travel Concierge","article_publisher":"https:\/\/www.facebook.com\/twotravelconcierge","article_modified_time":"2025-05-19T20:54:48+00:00","og_image":[{"width":1620,"height":1080,"url":"https:\/\/two.travel\/wp-content\/uploads\/2025\/03\/DSC06462.jpg","type":"image\/jpeg"}],"twitter_card":"summary_large_image","twitter_misc":{"Tiempo de lectura":"1 minuto"},"schema":{"@context":"https:\/\/schema.org","@graph":[{"@type":"WebPage","@id":"https:\/\/two.travel\/fenix-beach-cartagena\/","url":"https:\/\/two.travel\/fenix-beach-cartagena\/","name":"Tu Boda en Fenix Beach | Cartagena","isPartOf":{"@id":"https:\/\/two.travel\/#website"},"primaryImageOfPage":{"@id":"https:\/\/two.travel\/fenix-beach-cartagena\/#primaryimage"},"image":{"@id":"https:\/\/two.travel\/fenix-beach-cartagena\/#primaryimage"},"thumbnailUrl":"https:\/\/two.travel\/wp-content\/uploads\/2025\/03\/DSC06462.jpg","datePublished":"2025-03-27T17:22:06+00:00","dateModified":"2025-05-19T20:54:48+00:00","description":"Dreaming of a beach wedding? Fenix Beach is spectacular any time of day or night, but especially at sunset. Perfect for 50-300 guests.","breadcrumb":{"@id":"https:\/\/two.travel\/#breadcrumb"},"inLanguage":"es-CO","potentialAction":[{"@type":"ReadAction","target":["https:\/\/two.travel\/fenix-beach-cartagena\/"]}]},{"@type":"ImageObject","inLanguage":"es-CO","@id":"https:\/\/two.travel\/fenix-beach-cartagena\/#primaryimage","url":"https:\/\/two.travel\/wp-content\/uploads\/2025\/03\/DSC06462.jpg","contentUrl":"https:\/\/two.travel\/wp-content\/uploads\/2025\/03\/DSC06462.jpg","width":1620,"height":1080},{"@type":"BreadcrumbList","@id":"https:\/\/two.travel\/fenix-beach-cartagena\/#breadcrumb","itemListElement":[{"@type":"ListItem","position":1,"name":"Home","item":"https:\/\/two.travel\/"},{"@type":"ListItem","position":2,"name":"Fenix Beach"}]},{"@type":"WebSite","@id":"https:\/\/two.travel\/#website","url":"https:\/\/two.travel\/","name":"Dos conserjes de viajes","description":"Luxury Travel: Villas, Boats, Concierge, and Weddings in Colombia and Mexico","publisher":{"@id":"https:\/\/two.travel\/#organization"},"alternateName":"Two Travel","potentialAction":[{"@type":"SearchAction","target":{"@type":"EntryPoint","urlTemplate":"https:\/\/two.travel\/?s={search_term_string}"},"query-input":{"@type":"PropertyValueSpecification","valueRequired":true,"valueName":"search_term_string"}}],"inLanguage":"es-CO"},{"@type":"Organization","@id":"https:\/\/two.travel\/#organization","name":"Dos conserjes de viajes","alternateName":"Two Travel","url":"https:\/\/two.travel\/","logo":{"@type":"ImageObject","inLanguage":"es-CO","@id":"https:\/\/two.travel\/#\/schema\/logo\/image\/","url":"https:\/\/two.travel\/wp-content\/uploads\/2025\/02\/cropped-Two-Travel-LOGO-300x179-1.png","contentUrl":"https:\/\/two.travel\/wp-content\/uploads\/2025\/02\/cropped-Two-Travel-LOGO-300x179-1.png","width":300,"height":178,"caption":"Two Travel Concierge"},"image":{"@id":"https:\/\/two.travel\/#\/schema\/logo\/image\/"},"sameAs":["https:\/\/www.facebook.com\/twotravelconcierge","https:\/\/www.instagram.com\/twotravelconcierge\/","https:\/\/www.linkedin.com\/company\/two-travel\/"],"description":"Two Travel is a boutique travel concierge and Destination Management Company specializing in curated group experiences across Colombia and Mexico.","email":"reservations@two.travel","telephone":"+12126530000","legalName":"Tino Destinations","foundingDate":"2016-07-11","numberOfEmployees":{"@type":"QuantitativeValue","minValue":"51","maxValue":"200"}}]}},"_links":{"self":[{"href":"https:\/\/two.travel\/es\/wp-json\/wp\/v2\/pages\/2176480","targetHints":{"allow":["GET"]}}],"collection":[{"href":"https:\/\/two.travel\/es\/wp-json\/wp\/v2\/pages"}],"about":[{"href":"https:\/\/two.travel\/es\/wp-json\/wp\/v2\/types\/page"}],"author":[{"embeddable":true,"href":"https:\/\/two.travel\/es\/wp-json\/wp\/v2\/users\/3"}],"replies":[{"embeddable":true,"href":"https:\/\/two.travel\/es\/wp-json\/wp\/v2\/comments?post=2176480"}],"version-history":[{"count":5,"href":"https:\/\/two.travel\/es\/wp-json\/wp\/v2\/pages\/2176480\/revisions"}],"predecessor-version":[{"id":2180340,"href":"https:\/\/two.travel\/es\/wp-json\/wp\/v2\/pages\/2176480\/revisions\/2180340"}],"wp:featuredmedia":[{"embeddable":true,"href":"https:\/\/two.travel\/es\/wp-json\/wp\/v2\/media\/2176488"}],"wp:attachment":[{"href":"https:\/\/two.travel\/es\/wp-json\/wp\/v2\/media?parent=2176480"}],"curies":[{"name":"wp","href":"https:\/\/api.w.org\/{rel}","templated":true}]}}