{"id":2176047,"date":"2025-03-25T21:20:27","date_gmt":"2025-03-25T21:20:27","guid":{"rendered":"https:\/\/two.travel\/pruebas\/?page_id=2176047"},"modified":"2025-04-23T03:28:34","modified_gmt":"2025-04-23T03:28:34","slug":"mucho-dinero","status":"publish","type":"page","link":"https:\/\/two.travel\/es\/big-bucks\/","title":{"rendered":"Grandes D\u00f3lares"},"content":{"rendered":"<p>Si\u00e9ntase como un mill\u00f3n de d\u00f3lares con este hermoso y r\u00e1pido catamar\u00e1n a motor - perfecto para fiestas de hasta 35 personas. Con tanto espacio para relajarse, tomar el sol y bailar, \u00a1querr\u00e1s salir con este barco todo el d\u00eda, todos los d\u00edas!<\/p>\n\n\n\n<p>Los asientos al aire libre tienen un mont\u00f3n de espacio para socializar, con cubiertas en la parte delantera para mostrar, y una cubierta de ba\u00f1o en la parte trasera. Debajo de la cubierta, encontrar\u00e1 3 dormitorios y 2 ba\u00f1os, adem\u00e1s de una cocina y asientos en el interior.<\/p>\n\n\n\n<p>Nuestra tripulaci\u00f3n es la mejor y adaptar\u00e1 su viaje a su grupo. Si quieres fiesta, te llevamos. Si quieres relajarte lejos de todo, conocemos los lugares perfectos. No olvidar\u00e1 su d\u00eda en Big Bucks.<\/p>","protected":false},"excerpt":{"rendered":"<p>Feel like a million dollars with this beautiful, fast power catamaran \u2013 perfect for parties up to 35 people. With so much space to relax, sunbathe, and dance, you\u2019ll want to take this boat out all day, every day! Outdoor seating has plenty of room for socializing, with decks at the front for showing off, [&hellip;]<\/p>\n","protected":false},"author":3,"featured_media":2176053,"parent":0,"menu_order":0,"comment_status":"closed","ping_status":"closed","template":"","meta":{"_acf_changed":false,"content-type":"","footnotes":""},"class_list":["post-2176047","page","type-page","status-publish","has-post-thumbnail","hentry"],"acf":[],"yoast_head":"<!-- This site is optimized with the Yoast SEO Premium plugin v27.3 (Yoast SEO v27.3) - https:\/\/yoast.com\/product\/yoast-seo-premium-wordpress\/ -->\n<title>Big Bucks - Two Travel Concierge<\/title>\n<meta name=\"description\" content=\"Fast power catamaran, perfect for parties up to 35 people. Get the party started in Cartagena, sailing to Rosario Islands, Bar\u00fa or Cholon.\" \/>\n<meta name=\"robots\" content=\"index, follow, max-snippet:-1, max-image-preview:large, max-video-preview:-1\" \/>\n<link rel=\"canonical\" href=\"https:\/\/two.travel\/es\/mucho-dinero\/\" \/>\n<meta property=\"og:locale\" content=\"es_ES\" \/>\n<meta property=\"og:type\" content=\"article\" \/>\n<meta property=\"og:title\" content=\"Big Bucks\" \/>\n<meta property=\"og:description\" content=\"Fast power catamaran, perfect for parties up to 35 people. Get the party started in Cartagena, sailing to Rosario Islands, Bar\u00fa or Cholon.\" \/>\n<meta property=\"og:url\" content=\"https:\/\/two.travel\/es\/mucho-dinero\/\" \/>\n<meta property=\"og:site_name\" content=\"Two Travel Concierge\" \/>\n<meta property=\"article:publisher\" content=\"https:\/\/www.facebook.com\/twotravelconcierge\" \/>\n<meta property=\"article:modified_time\" content=\"2025-04-23T03:28:34+00:00\" \/>\n<meta property=\"og:image\" content=\"https:\/\/two.travel\/wp-content\/uploads\/2025\/03\/WhatsApp-Image-2023-03-10-at-2.40.26-PM-5.jpeg\" \/>\n\t<meta property=\"og:image:width\" content=\"1024\" \/>\n\t<meta property=\"og:image:height\" content=\"768\" \/>\n\t<meta property=\"og:image:type\" content=\"image\/jpeg\" \/>\n<meta name=\"twitter:card\" content=\"summary_large_image\" \/>\n<meta name=\"twitter:label1\" content=\"Tiempo de lectura\" \/>\n\t<meta name=\"twitter:data1\" content=\"1 minuto\" \/>\n<script type=\"application\/ld+json\" class=\"yoast-schema-graph\">{\"@context\":\"https:\\\/\\\/schema.org\",\"@graph\":[{\"@type\":\"WebPage\",\"@id\":\"https:\\\/\\\/two.travel\\\/big-bucks\\\/\",\"url\":\"https:\\\/\\\/two.travel\\\/big-bucks\\\/\",\"name\":\"Big Bucks - Two Travel Concierge\",\"isPartOf\":{\"@id\":\"https:\\\/\\\/two.travel\\\/#website\"},\"primaryImageOfPage\":{\"@id\":\"https:\\\/\\\/two.travel\\\/big-bucks\\\/#primaryimage\"},\"image\":{\"@id\":\"https:\\\/\\\/two.travel\\\/big-bucks\\\/#primaryimage\"},\"thumbnailUrl\":\"https:\\\/\\\/two.travel\\\/wp-content\\\/uploads\\\/2025\\\/03\\\/WhatsApp-Image-2023-03-10-at-2.40.26-PM-5.jpeg\",\"datePublished\":\"2025-03-25T21:20:27+00:00\",\"dateModified\":\"2025-04-23T03:28:34+00:00\",\"description\":\"Fast power catamaran, perfect for parties up to 35 people. Get the party started in Cartagena, sailing to Rosario Islands, Bar\u00fa or Cholon.\",\"breadcrumb\":{\"@id\":\"https:\\\/\\\/two.travel\\\/#breadcrumb\"},\"inLanguage\":\"es-CO\",\"potentialAction\":[{\"@type\":\"ReadAction\",\"target\":[\"https:\\\/\\\/two.travel\\\/big-bucks\\\/\"]}]},{\"@type\":\"ImageObject\",\"inLanguage\":\"es-CO\",\"@id\":\"https:\\\/\\\/two.travel\\\/big-bucks\\\/#primaryimage\",\"url\":\"https:\\\/\\\/two.travel\\\/wp-content\\\/uploads\\\/2025\\\/03\\\/WhatsApp-Image-2023-03-10-at-2.40.26-PM-5.jpeg\",\"contentUrl\":\"https:\\\/\\\/two.travel\\\/wp-content\\\/uploads\\\/2025\\\/03\\\/WhatsApp-Image-2023-03-10-at-2.40.26-PM-5.jpeg\",\"width\":1024,\"height\":768},{\"@type\":\"BreadcrumbList\",\"@id\":\"https:\\\/\\\/two.travel\\\/big-bucks\\\/#breadcrumb\",\"itemListElement\":[{\"@type\":\"ListItem\",\"position\":1,\"name\":\"Home\",\"item\":\"https:\\\/\\\/two.travel\\\/\"},{\"@type\":\"ListItem\",\"position\":2,\"name\":\"Big Bucks\"}]},{\"@type\":\"WebSite\",\"@id\":\"https:\\\/\\\/two.travel\\\/#website\",\"url\":\"https:\\\/\\\/two.travel\\\/\",\"name\":\"Two Travel Concierge\",\"description\":\"Luxury Travel: Villas, Boats, Concierge, and Weddings in Colombia and Mexico\",\"publisher\":{\"@id\":\"https:\\\/\\\/two.travel\\\/#organization\"},\"alternateName\":\"Two Travel\",\"potentialAction\":[{\"@type\":\"SearchAction\",\"target\":{\"@type\":\"EntryPoint\",\"urlTemplate\":\"https:\\\/\\\/two.travel\\\/?s={search_term_string}\"},\"query-input\":{\"@type\":\"PropertyValueSpecification\",\"valueRequired\":true,\"valueName\":\"search_term_string\"}}],\"inLanguage\":\"es-CO\"},{\"@type\":\"Organization\",\"@id\":\"https:\\\/\\\/two.travel\\\/#organization\",\"name\":\"Two Travel Concierge\",\"alternateName\":\"Two Travel\",\"url\":\"https:\\\/\\\/two.travel\\\/\",\"logo\":{\"@type\":\"ImageObject\",\"inLanguage\":\"es-CO\",\"@id\":\"https:\\\/\\\/two.travel\\\/#\\\/schema\\\/logo\\\/image\\\/\",\"url\":\"https:\\\/\\\/two.travel\\\/wp-content\\\/uploads\\\/2025\\\/02\\\/cropped-Two-Travel-LOGO-300x179-1.png\",\"contentUrl\":\"https:\\\/\\\/two.travel\\\/wp-content\\\/uploads\\\/2025\\\/02\\\/cropped-Two-Travel-LOGO-300x179-1.png\",\"width\":300,\"height\":178,\"caption\":\"Two Travel Concierge\"},\"image\":{\"@id\":\"https:\\\/\\\/two.travel\\\/#\\\/schema\\\/logo\\\/image\\\/\"},\"sameAs\":[\"https:\\\/\\\/www.facebook.com\\\/twotravelconcierge\",\"https:\\\/\\\/www.instagram.com\\\/twotravelconcierge\\\/\",\"https:\\\/\\\/www.linkedin.com\\\/company\\\/two-travel\\\/\"],\"description\":\"Two Travel is a boutique travel concierge and Destination Management Company specializing in curated group experiences across Colombia and Mexico.\",\"email\":\"reservations@two.travel\",\"telephone\":\"+12126530000\",\"legalName\":\"Tino Destinations\",\"foundingDate\":\"2016-07-11\",\"numberOfEmployees\":{\"@type\":\"QuantitativeValue\",\"minValue\":\"51\",\"maxValue\":\"200\"}}]}<\/script>\n<!-- \/ Yoast SEO Premium plugin. -->","yoast_head_json":{"title":"Big Bucks - Dos conserjes de viajes","description":"R\u00e1pido catamar\u00e1n a motor, perfecto para fiestas de hasta 35 personas. Empieza la fiesta en Cartagena, navegando a las Islas del Rosario, Bar\u00fa o Chol\u00f3n.","robots":{"index":"index","follow":"follow","max-snippet":"max-snippet:-1","max-image-preview":"max-image-preview:large","max-video-preview":"max-video-preview:-1"},"canonical":"https:\/\/two.travel\/es\/mucho-dinero\/","og_locale":"es_ES","og_type":"article","og_title":"Big Bucks","og_description":"Fast power catamaran, perfect for parties up to 35 people. Get the party started in Cartagena, sailing to Rosario Islands, Bar\u00fa or Cholon.","og_url":"https:\/\/two.travel\/es\/mucho-dinero\/","og_site_name":"Two Travel Concierge","article_publisher":"https:\/\/www.facebook.com\/twotravelconcierge","article_modified_time":"2025-04-23T03:28:34+00:00","og_image":[{"width":1024,"height":768,"url":"https:\/\/two.travel\/wp-content\/uploads\/2025\/03\/WhatsApp-Image-2023-03-10-at-2.40.26-PM-5.jpeg","type":"image\/jpeg"}],"twitter_card":"summary_large_image","twitter_misc":{"Tiempo de lectura":"1 minuto"},"schema":{"@context":"https:\/\/schema.org","@graph":[{"@type":"WebPage","@id":"https:\/\/two.travel\/big-bucks\/","url":"https:\/\/two.travel\/big-bucks\/","name":"Big Bucks - Dos conserjes de viajes","isPartOf":{"@id":"https:\/\/two.travel\/#website"},"primaryImageOfPage":{"@id":"https:\/\/two.travel\/big-bucks\/#primaryimage"},"image":{"@id":"https:\/\/two.travel\/big-bucks\/#primaryimage"},"thumbnailUrl":"https:\/\/two.travel\/wp-content\/uploads\/2025\/03\/WhatsApp-Image-2023-03-10-at-2.40.26-PM-5.jpeg","datePublished":"2025-03-25T21:20:27+00:00","dateModified":"2025-04-23T03:28:34+00:00","description":"R\u00e1pido catamar\u00e1n a motor, perfecto para fiestas de hasta 35 personas. Empieza la fiesta en Cartagena, navegando a las Islas del Rosario, Bar\u00fa o Chol\u00f3n.","breadcrumb":{"@id":"https:\/\/two.travel\/#breadcrumb"},"inLanguage":"es-CO","potentialAction":[{"@type":"ReadAction","target":["https:\/\/two.travel\/big-bucks\/"]}]},{"@type":"ImageObject","inLanguage":"es-CO","@id":"https:\/\/two.travel\/big-bucks\/#primaryimage","url":"https:\/\/two.travel\/wp-content\/uploads\/2025\/03\/WhatsApp-Image-2023-03-10-at-2.40.26-PM-5.jpeg","contentUrl":"https:\/\/two.travel\/wp-content\/uploads\/2025\/03\/WhatsApp-Image-2023-03-10-at-2.40.26-PM-5.jpeg","width":1024,"height":768},{"@type":"BreadcrumbList","@id":"https:\/\/two.travel\/big-bucks\/#breadcrumb","itemListElement":[{"@type":"ListItem","position":1,"name":"Home","item":"https:\/\/two.travel\/"},{"@type":"ListItem","position":2,"name":"Big Bucks"}]},{"@type":"WebSite","@id":"https:\/\/two.travel\/#website","url":"https:\/\/two.travel\/","name":"Dos conserjes de viajes","description":"Luxury Travel: Villas, Boats, Concierge, and Weddings in Colombia and Mexico","publisher":{"@id":"https:\/\/two.travel\/#organization"},"alternateName":"Two Travel","potentialAction":[{"@type":"SearchAction","target":{"@type":"EntryPoint","urlTemplate":"https:\/\/two.travel\/?s={search_term_string}"},"query-input":{"@type":"PropertyValueSpecification","valueRequired":true,"valueName":"search_term_string"}}],"inLanguage":"es-CO"},{"@type":"Organization","@id":"https:\/\/two.travel\/#organization","name":"Dos conserjes de viajes","alternateName":"Two Travel","url":"https:\/\/two.travel\/","logo":{"@type":"ImageObject","inLanguage":"es-CO","@id":"https:\/\/two.travel\/#\/schema\/logo\/image\/","url":"https:\/\/two.travel\/wp-content\/uploads\/2025\/02\/cropped-Two-Travel-LOGO-300x179-1.png","contentUrl":"https:\/\/two.travel\/wp-content\/uploads\/2025\/02\/cropped-Two-Travel-LOGO-300x179-1.png","width":300,"height":178,"caption":"Two Travel Concierge"},"image":{"@id":"https:\/\/two.travel\/#\/schema\/logo\/image\/"},"sameAs":["https:\/\/www.facebook.com\/twotravelconcierge","https:\/\/www.instagram.com\/twotravelconcierge\/","https:\/\/www.linkedin.com\/company\/two-travel\/"],"description":"Two Travel is a boutique travel concierge and Destination Management Company specializing in curated group experiences across Colombia and Mexico.","email":"reservations@two.travel","telephone":"+12126530000","legalName":"Tino Destinations","foundingDate":"2016-07-11","numberOfEmployees":{"@type":"QuantitativeValue","minValue":"51","maxValue":"200"}}]}},"_links":{"self":[{"href":"https:\/\/two.travel\/es\/wp-json\/wp\/v2\/pages\/2176047","targetHints":{"allow":["GET"]}}],"collection":[{"href":"https:\/\/two.travel\/es\/wp-json\/wp\/v2\/pages"}],"about":[{"href":"https:\/\/two.travel\/es\/wp-json\/wp\/v2\/types\/page"}],"author":[{"embeddable":true,"href":"https:\/\/two.travel\/es\/wp-json\/wp\/v2\/users\/3"}],"replies":[{"embeddable":true,"href":"https:\/\/two.travel\/es\/wp-json\/wp\/v2\/comments?post=2176047"}],"version-history":[{"count":1,"href":"https:\/\/two.travel\/es\/wp-json\/wp\/v2\/pages\/2176047\/revisions"}],"predecessor-version":[{"id":2176060,"href":"https:\/\/two.travel\/es\/wp-json\/wp\/v2\/pages\/2176047\/revisions\/2176060"}],"wp:featuredmedia":[{"embeddable":true,"href":"https:\/\/two.travel\/es\/wp-json\/wp\/v2\/media\/2176053"}],"wp:attachment":[{"href":"https:\/\/two.travel\/es\/wp-json\/wp\/v2\/media?parent=2176047"}],"curies":[{"name":"wp","href":"https:\/\/api.w.org\/{rel}","templated":true}]}}