{"id":2175992,"date":"2025-03-25T21:09:14","date_gmt":"2025-03-25T21:09:14","guid":{"rendered":"https:\/\/two.travel\/pruebas\/?page_id=2175992"},"modified":"2025-05-13T17:35:46","modified_gmt":"2025-05-13T17:35:46","slug":"casa-arsenal-cartagena","status":"publish","type":"page","link":"https:\/\/two.travel\/es\/casa-arsenal-cartagena\/","title":{"rendered":"Casa Arsenal"},"content":{"rendered":"<h2 class=\"wp-block-heading\" id=\"h-7-bedroom-private-mansion-with-amazing-pool-and-rooftop\">Mansi\u00f3n privada de 7 habitaciones con piscina y azotea incre\u00edbles<\/h2>\n\n\n\n<p>Esta lujosa villa recientemente renovada se encuentra cerca de la Ciudad Vieja de Cartagena, en Getseman\u00ed, cerca de los mejores restaurantes y sitios de la ciudad. Esta casa de 7 dormitorios est\u00e1 totalmente equipada con muebles c\u00f3modos y una cocina moderna. La azotea es uno de los aspectos m\u00e1s destacados de esta propiedad, con una maravillosa vista al mar, piscina privada, una barbacoa, terraza y camas de d\u00eda. De hecho, todas las vistas son preciosas. Esta moderna casa es perfecta para compartir con la familia o los amigos en cualquier \u00e9poca del a\u00f1o.<\/p>\n\n\n\n<p><\/p>","protected":false},"excerpt":{"rendered":"<p>7 Bedroom private mansion with amazing pool and rooftop This newly-renovated luxurious villa is located near to the Old City of Cartagena, in Getseman\u00ed, close to the best restaurants and sites in the city. This 7 bedroom home is fully equipped with comfortable furniture and a modern kitchen. The rooftop is one of the highlights [&hellip;]<\/p>\n","protected":false},"author":1,"featured_media":2176001,"parent":0,"menu_order":0,"comment_status":"closed","ping_status":"closed","template":"","meta":{"_acf_changed":false,"content-type":"","footnotes":""},"class_list":["post-2175992","page","type-page","status-publish","has-post-thumbnail","hentry"],"acf":[],"yoast_head":"<!-- This site is optimized with the Yoast SEO Premium plugin v27.3 (Yoast SEO v27.3) - https:\/\/yoast.com\/product\/yoast-seo-premium-wordpress\/ -->\n<title>Casa Arsenal - Two Travel Concierge - Old City, Cartagena<\/title>\n<meta name=\"description\" content=\"7 Bedroom with private pool and rooftop, located in the Old City in Cartagena. Book this villa now and enjoy the best vacations. Contact us!\" \/>\n<meta name=\"robots\" content=\"index, follow, max-snippet:-1, max-image-preview:large, max-video-preview:-1\" \/>\n<link rel=\"canonical\" href=\"https:\/\/two.travel\/es\/casa-arsenal-cartagena\/\" \/>\n<meta property=\"og:locale\" content=\"es_ES\" \/>\n<meta property=\"og:type\" content=\"article\" \/>\n<meta property=\"og:title\" content=\"Casa Arsenal\" \/>\n<meta property=\"og:description\" content=\"7 Bedroom with private pool and rooftop, located in the Old City in Cartagena. Book this villa now and enjoy the best vacations. Contact us!\" \/>\n<meta property=\"og:url\" content=\"https:\/\/two.travel\/es\/casa-arsenal-cartagena\/\" \/>\n<meta property=\"og:site_name\" content=\"Two Travel Concierge\" \/>\n<meta property=\"article:publisher\" content=\"https:\/\/www.facebook.com\/twotravelconcierge\" \/>\n<meta property=\"article:modified_time\" content=\"2025-05-13T17:35:46+00:00\" \/>\n<meta property=\"og:image\" content=\"https:\/\/two.travel\/wp-content\/uploads\/2025\/10\/Two-Travel-Logo-1.png\" \/>\n\t<meta property=\"og:image:width\" content=\"1072\" \/>\n\t<meta property=\"og:image:height\" content=\"581\" \/>\n\t<meta property=\"og:image:type\" content=\"image\/png\" \/>\n<meta name=\"twitter:card\" content=\"summary_large_image\" \/>\n<meta name=\"twitter:label1\" content=\"Tiempo de lectura\" \/>\n\t<meta name=\"twitter:data1\" content=\"1 minuto\" \/>\n<script type=\"application\/ld+json\" class=\"yoast-schema-graph\">{\"@context\":\"https:\\\/\\\/schema.org\",\"@graph\":[{\"@type\":\"WebPage\",\"@id\":\"https:\\\/\\\/two.travel\\\/casa-arsenal-cartagena\\\/\",\"url\":\"https:\\\/\\\/two.travel\\\/casa-arsenal-cartagena\\\/\",\"name\":\"Casa Arsenal - Two Travel Concierge - Old City, Cartagena\",\"isPartOf\":{\"@id\":\"https:\\\/\\\/two.travel\\\/#website\"},\"primaryImageOfPage\":{\"@id\":\"https:\\\/\\\/two.travel\\\/casa-arsenal-cartagena\\\/#primaryimage\"},\"image\":{\"@id\":\"https:\\\/\\\/two.travel\\\/casa-arsenal-cartagena\\\/#primaryimage\"},\"thumbnailUrl\":\"https:\\\/\\\/two.travel\\\/wp-content\\\/uploads\\\/2025\\\/03\\\/6f76dc15-ad4d-44c5-8cdc-30f924519c2e.avif\",\"datePublished\":\"2025-03-25T21:09:14+00:00\",\"dateModified\":\"2025-05-13T17:35:46+00:00\",\"description\":\"7 Bedroom with private pool and rooftop, located in the Old City in Cartagena. Book this villa now and enjoy the best vacations. Contact us!\",\"breadcrumb\":{\"@id\":\"https:\\\/\\\/two.travel\\\/#breadcrumb\"},\"inLanguage\":\"es-CO\",\"potentialAction\":[{\"@type\":\"ReadAction\",\"target\":[\"https:\\\/\\\/two.travel\\\/casa-arsenal-cartagena\\\/\"]}]},{\"@type\":\"ImageObject\",\"inLanguage\":\"es-CO\",\"@id\":\"https:\\\/\\\/two.travel\\\/casa-arsenal-cartagena\\\/#primaryimage\",\"url\":\"https:\\\/\\\/two.travel\\\/wp-content\\\/uploads\\\/2025\\\/03\\\/6f76dc15-ad4d-44c5-8cdc-30f924519c2e.avif\",\"contentUrl\":\"https:\\\/\\\/two.travel\\\/wp-content\\\/uploads\\\/2025\\\/03\\\/6f76dc15-ad4d-44c5-8cdc-30f924519c2e.avif\",\"width\":1200,\"height\":800},{\"@type\":\"BreadcrumbList\",\"@id\":\"https:\\\/\\\/two.travel\\\/casa-arsenal-cartagena\\\/#breadcrumb\",\"itemListElement\":[{\"@type\":\"ListItem\",\"position\":1,\"name\":\"Home\",\"item\":\"https:\\\/\\\/two.travel\\\/\"},{\"@type\":\"ListItem\",\"position\":2,\"name\":\"Casa Arsenal\"}]},{\"@type\":\"WebSite\",\"@id\":\"https:\\\/\\\/two.travel\\\/#website\",\"url\":\"https:\\\/\\\/two.travel\\\/\",\"name\":\"Two Travel Concierge\",\"description\":\"Luxury Travel: Villas, Boats, Concierge, and Weddings in Colombia and Mexico\",\"publisher\":{\"@id\":\"https:\\\/\\\/two.travel\\\/#organization\"},\"alternateName\":\"Two Travel\",\"potentialAction\":[{\"@type\":\"SearchAction\",\"target\":{\"@type\":\"EntryPoint\",\"urlTemplate\":\"https:\\\/\\\/two.travel\\\/?s={search_term_string}\"},\"query-input\":{\"@type\":\"PropertyValueSpecification\",\"valueRequired\":true,\"valueName\":\"search_term_string\"}}],\"inLanguage\":\"es-CO\"},{\"@type\":\"Organization\",\"@id\":\"https:\\\/\\\/two.travel\\\/#organization\",\"name\":\"Two Travel Concierge\",\"alternateName\":\"Two Travel\",\"url\":\"https:\\\/\\\/two.travel\\\/\",\"logo\":{\"@type\":\"ImageObject\",\"inLanguage\":\"es-CO\",\"@id\":\"https:\\\/\\\/two.travel\\\/#\\\/schema\\\/logo\\\/image\\\/\",\"url\":\"https:\\\/\\\/two.travel\\\/wp-content\\\/uploads\\\/2025\\\/02\\\/cropped-Two-Travel-LOGO-300x179-1.png\",\"contentUrl\":\"https:\\\/\\\/two.travel\\\/wp-content\\\/uploads\\\/2025\\\/02\\\/cropped-Two-Travel-LOGO-300x179-1.png\",\"width\":300,\"height\":178,\"caption\":\"Two Travel Concierge\"},\"image\":{\"@id\":\"https:\\\/\\\/two.travel\\\/#\\\/schema\\\/logo\\\/image\\\/\"},\"sameAs\":[\"https:\\\/\\\/www.facebook.com\\\/twotravelconcierge\",\"https:\\\/\\\/www.instagram.com\\\/twotravelconcierge\\\/\",\"https:\\\/\\\/www.linkedin.com\\\/company\\\/two-travel\\\/\"],\"description\":\"Two Travel is a boutique travel concierge and Destination Management Company specializing in curated group experiences across Colombia and Mexico.\",\"email\":\"reservations@two.travel\",\"telephone\":\"+12126530000\",\"legalName\":\"Tino Destinations\",\"foundingDate\":\"2016-07-11\",\"numberOfEmployees\":{\"@type\":\"QuantitativeValue\",\"minValue\":\"51\",\"maxValue\":\"200\"}}]}<\/script>\n<!-- \/ Yoast SEO Premium plugin. -->","yoast_head_json":{"title":"Casa Arsenal - Two Travel Concierge - Ciudad Vieja, Cartagena","description":"7 Dormitorios con piscina privada y azotea, situado en la Ciudad Vieja en Cartagena. Reserve esta villa ahora y disfrute de las mejores vacaciones. \u00a1Contactenos!","robots":{"index":"index","follow":"follow","max-snippet":"max-snippet:-1","max-image-preview":"max-image-preview:large","max-video-preview":"max-video-preview:-1"},"canonical":"https:\/\/two.travel\/es\/casa-arsenal-cartagena\/","og_locale":"es_ES","og_type":"article","og_title":"Casa Arsenal","og_description":"7 Bedroom with private pool and rooftop, located in the Old City in Cartagena. Book this villa now and enjoy the best vacations. Contact us!","og_url":"https:\/\/two.travel\/es\/casa-arsenal-cartagena\/","og_site_name":"Two Travel Concierge","article_publisher":"https:\/\/www.facebook.com\/twotravelconcierge","article_modified_time":"2025-05-13T17:35:46+00:00","og_image":[{"width":1072,"height":581,"url":"https:\/\/two.travel\/wp-content\/uploads\/2025\/10\/Two-Travel-Logo-1.png","type":"image\/png"}],"twitter_card":"summary_large_image","twitter_misc":{"Tiempo de lectura":"1 minuto"},"schema":{"@context":"https:\/\/schema.org","@graph":[{"@type":"WebPage","@id":"https:\/\/two.travel\/casa-arsenal-cartagena\/","url":"https:\/\/two.travel\/casa-arsenal-cartagena\/","name":"Casa Arsenal - Two Travel Concierge - Ciudad Vieja, Cartagena","isPartOf":{"@id":"https:\/\/two.travel\/#website"},"primaryImageOfPage":{"@id":"https:\/\/two.travel\/casa-arsenal-cartagena\/#primaryimage"},"image":{"@id":"https:\/\/two.travel\/casa-arsenal-cartagena\/#primaryimage"},"thumbnailUrl":"https:\/\/two.travel\/wp-content\/uploads\/2025\/03\/6f76dc15-ad4d-44c5-8cdc-30f924519c2e.avif","datePublished":"2025-03-25T21:09:14+00:00","dateModified":"2025-05-13T17:35:46+00:00","description":"7 Dormitorios con piscina privada y azotea, situado en la Ciudad Vieja en Cartagena. Reserve esta villa ahora y disfrute de las mejores vacaciones. \u00a1Contactenos!","breadcrumb":{"@id":"https:\/\/two.travel\/#breadcrumb"},"inLanguage":"es-CO","potentialAction":[{"@type":"ReadAction","target":["https:\/\/two.travel\/casa-arsenal-cartagena\/"]}]},{"@type":"ImageObject","inLanguage":"es-CO","@id":"https:\/\/two.travel\/casa-arsenal-cartagena\/#primaryimage","url":"https:\/\/two.travel\/wp-content\/uploads\/2025\/03\/6f76dc15-ad4d-44c5-8cdc-30f924519c2e.avif","contentUrl":"https:\/\/two.travel\/wp-content\/uploads\/2025\/03\/6f76dc15-ad4d-44c5-8cdc-30f924519c2e.avif","width":1200,"height":800},{"@type":"BreadcrumbList","@id":"https:\/\/two.travel\/casa-arsenal-cartagena\/#breadcrumb","itemListElement":[{"@type":"ListItem","position":1,"name":"Home","item":"https:\/\/two.travel\/"},{"@type":"ListItem","position":2,"name":"Casa Arsenal"}]},{"@type":"WebSite","@id":"https:\/\/two.travel\/#website","url":"https:\/\/two.travel\/","name":"Dos conserjes de viajes","description":"Luxury Travel: Villas, Boats, Concierge, and Weddings in Colombia and Mexico","publisher":{"@id":"https:\/\/two.travel\/#organization"},"alternateName":"Two Travel","potentialAction":[{"@type":"SearchAction","target":{"@type":"EntryPoint","urlTemplate":"https:\/\/two.travel\/?s={search_term_string}"},"query-input":{"@type":"PropertyValueSpecification","valueRequired":true,"valueName":"search_term_string"}}],"inLanguage":"es-CO"},{"@type":"Organization","@id":"https:\/\/two.travel\/#organization","name":"Dos conserjes de viajes","alternateName":"Two Travel","url":"https:\/\/two.travel\/","logo":{"@type":"ImageObject","inLanguage":"es-CO","@id":"https:\/\/two.travel\/#\/schema\/logo\/image\/","url":"https:\/\/two.travel\/wp-content\/uploads\/2025\/02\/cropped-Two-Travel-LOGO-300x179-1.png","contentUrl":"https:\/\/two.travel\/wp-content\/uploads\/2025\/02\/cropped-Two-Travel-LOGO-300x179-1.png","width":300,"height":178,"caption":"Two Travel Concierge"},"image":{"@id":"https:\/\/two.travel\/#\/schema\/logo\/image\/"},"sameAs":["https:\/\/www.facebook.com\/twotravelconcierge","https:\/\/www.instagram.com\/twotravelconcierge\/","https:\/\/www.linkedin.com\/company\/two-travel\/"],"description":"Two Travel is a boutique travel concierge and Destination Management Company specializing in curated group experiences across Colombia and Mexico.","email":"reservations@two.travel","telephone":"+12126530000","legalName":"Tino Destinations","foundingDate":"2016-07-11","numberOfEmployees":{"@type":"QuantitativeValue","minValue":"51","maxValue":"200"}}]}},"_links":{"self":[{"href":"https:\/\/two.travel\/es\/wp-json\/wp\/v2\/pages\/2175992","targetHints":{"allow":["GET"]}}],"collection":[{"href":"https:\/\/two.travel\/es\/wp-json\/wp\/v2\/pages"}],"about":[{"href":"https:\/\/two.travel\/es\/wp-json\/wp\/v2\/types\/page"}],"author":[{"embeddable":true,"href":"https:\/\/two.travel\/es\/wp-json\/wp\/v2\/users\/1"}],"replies":[{"embeddable":true,"href":"https:\/\/two.travel\/es\/wp-json\/wp\/v2\/comments?post=2175992"}],"version-history":[{"count":4,"href":"https:\/\/two.travel\/es\/wp-json\/wp\/v2\/pages\/2175992\/revisions"}],"predecessor-version":[{"id":2179544,"href":"https:\/\/two.travel\/es\/wp-json\/wp\/v2\/pages\/2175992\/revisions\/2179544"}],"wp:featuredmedia":[{"embeddable":true,"href":"https:\/\/two.travel\/es\/wp-json\/wp\/v2\/media\/2176001"}],"wp:attachment":[{"href":"https:\/\/two.travel\/es\/wp-json\/wp\/v2\/media?parent=2175992"}],"curies":[{"name":"wp","href":"https:\/\/api.w.org\/{rel}","templated":true}]}}