{"id":2175939,"date":"2025-03-25T21:02:25","date_gmt":"2025-03-25T21:02:25","guid":{"rendered":"https:\/\/two.travel\/pruebas\/?page_id=2175939"},"modified":"2025-05-14T20:44:11","modified_gmt":"2025-05-14T20:44:11","slug":"casa-tranquila","status":"publish","type":"page","link":"https:\/\/two.travel\/es\/casa-tranquila\/","title":{"rendered":"Casa Tranquila"},"content":{"rendered":"<h3 class=\"wp-block-heading\" id=\"h-luxurious-modern-5-bedroom-villa-in-the-old-city\"><strong>Lujosa y moderna villa de 5 dormitorios en la Ciudad Vieja<\/strong><\/h3>\n\n\n\n<p>Esta mansi\u00f3n de 8500 pies, recientemente renovada, est\u00e1 totalmente equipada y le sit\u00faa a pocos pasos de la famosa torre del reloj y de los deliciosos restaurantes que ofrece el casco antiguo. La casa viene con un mayordomo a tiempo completo, cocinero, y la seguridad. \u00a1Le encantar\u00e1 la piscina privada, jacuzzi en la azotea, amplio sal\u00f3n y comedor en esta casa incre\u00edble!<\/p>\n\n\n\n<p><\/p>","protected":false},"excerpt":{"rendered":"<p>Luxurious, modern 5 bedroom villa in the Old City This newly renovated 8500 ft mansion is fully equipped and puts you steps from the famous clock tower and delicious restaurants the old city has to offer. The house comes with a full time butler, cook, and security. You will love the private pool, rooftop jacuzzi, [&hellip;]<\/p>\n","protected":false},"author":1,"featured_media":2175979,"parent":0,"menu_order":0,"comment_status":"closed","ping_status":"closed","template":"","meta":{"_acf_changed":false,"content-type":"","footnotes":""},"class_list":["post-2175939","page","type-page","status-publish","has-post-thumbnail","hentry"],"acf":[],"yoast_head":"<!-- This site is optimized with the Yoast SEO Premium plugin v27.3 (Yoast SEO v27.3) - https:\/\/yoast.com\/product\/yoast-seo-premium-wordpress\/ -->\n<title>Casa Tranquila | Cartagena<\/title>\n<meta name=\"description\" content=\"A luxurious, modern 5 bedroom villa for rent in the Old City, Cartagena\" \/>\n<meta name=\"robots\" content=\"index, follow, max-snippet:-1, max-image-preview:large, max-video-preview:-1\" \/>\n<link rel=\"canonical\" href=\"https:\/\/two.travel\/es\/casa-tranquila\/\" \/>\n<meta property=\"og:locale\" content=\"es_ES\" \/>\n<meta property=\"og:type\" content=\"article\" \/>\n<meta property=\"og:title\" content=\"Casa Tranquila\" \/>\n<meta property=\"og:description\" content=\"A luxurious, modern 5 bedroom villa for rent in the Old City, Cartagena\" \/>\n<meta property=\"og:url\" content=\"https:\/\/two.travel\/es\/casa-tranquila\/\" \/>\n<meta property=\"og:site_name\" content=\"Two Travel Concierge\" \/>\n<meta property=\"article:publisher\" content=\"https:\/\/www.facebook.com\/twotravelconcierge\" \/>\n<meta property=\"article:modified_time\" content=\"2025-05-14T20:44:11+00:00\" \/>\n<meta property=\"og:image\" content=\"https:\/\/two.travel\/wp-content\/uploads\/2025\/10\/Two-Travel-Logo-1.png\" \/>\n\t<meta property=\"og:image:width\" content=\"1072\" \/>\n\t<meta property=\"og:image:height\" content=\"581\" \/>\n\t<meta property=\"og:image:type\" content=\"image\/png\" \/>\n<meta name=\"twitter:card\" content=\"summary_large_image\" \/>\n<meta name=\"twitter:label1\" content=\"Tiempo de lectura\" \/>\n\t<meta name=\"twitter:data1\" content=\"1 minuto\" \/>\n<script type=\"application\/ld+json\" class=\"yoast-schema-graph\">{\"@context\":\"https:\\\/\\\/schema.org\",\"@graph\":[{\"@type\":\"WebPage\",\"@id\":\"https:\\\/\\\/two.travel\\\/casa-tranquila\\\/\",\"url\":\"https:\\\/\\\/two.travel\\\/casa-tranquila\\\/\",\"name\":\"Casa Tranquila | Cartagena\",\"isPartOf\":{\"@id\":\"https:\\\/\\\/two.travel\\\/#website\"},\"primaryImageOfPage\":{\"@id\":\"https:\\\/\\\/two.travel\\\/casa-tranquila\\\/#primaryimage\"},\"image\":{\"@id\":\"https:\\\/\\\/two.travel\\\/casa-tranquila\\\/#primaryimage\"},\"thumbnailUrl\":\"https:\\\/\\\/two.travel\\\/wp-content\\\/uploads\\\/2025\\\/03\\\/ca6299df-51d4-4366-ac9c-e3e59911000d.avif\",\"datePublished\":\"2025-03-25T21:02:25+00:00\",\"dateModified\":\"2025-05-14T20:44:11+00:00\",\"description\":\"A luxurious, modern 5 bedroom villa for rent in the Old City, Cartagena\",\"breadcrumb\":{\"@id\":\"https:\\\/\\\/two.travel\\\/#breadcrumb\"},\"inLanguage\":\"es-CO\",\"potentialAction\":[{\"@type\":\"ReadAction\",\"target\":[\"https:\\\/\\\/two.travel\\\/casa-tranquila\\\/\"]}]},{\"@type\":\"ImageObject\",\"inLanguage\":\"es-CO\",\"@id\":\"https:\\\/\\\/two.travel\\\/casa-tranquila\\\/#primaryimage\",\"url\":\"https:\\\/\\\/two.travel\\\/wp-content\\\/uploads\\\/2025\\\/03\\\/ca6299df-51d4-4366-ac9c-e3e59911000d.avif\",\"contentUrl\":\"https:\\\/\\\/two.travel\\\/wp-content\\\/uploads\\\/2025\\\/03\\\/ca6299df-51d4-4366-ac9c-e3e59911000d.avif\",\"width\":720,\"height\":480},{\"@type\":\"BreadcrumbList\",\"@id\":\"https:\\\/\\\/two.travel\\\/casa-tranquila\\\/#breadcrumb\",\"itemListElement\":[{\"@type\":\"ListItem\",\"position\":1,\"name\":\"Home\",\"item\":\"https:\\\/\\\/two.travel\\\/\"},{\"@type\":\"ListItem\",\"position\":2,\"name\":\"Casa Tranquila\"}]},{\"@type\":\"WebSite\",\"@id\":\"https:\\\/\\\/two.travel\\\/#website\",\"url\":\"https:\\\/\\\/two.travel\\\/\",\"name\":\"Two Travel Concierge\",\"description\":\"Luxury Travel: Villas, Boats, Concierge, and Weddings in Colombia and Mexico\",\"publisher\":{\"@id\":\"https:\\\/\\\/two.travel\\\/#organization\"},\"alternateName\":\"Two Travel\",\"potentialAction\":[{\"@type\":\"SearchAction\",\"target\":{\"@type\":\"EntryPoint\",\"urlTemplate\":\"https:\\\/\\\/two.travel\\\/?s={search_term_string}\"},\"query-input\":{\"@type\":\"PropertyValueSpecification\",\"valueRequired\":true,\"valueName\":\"search_term_string\"}}],\"inLanguage\":\"es-CO\"},{\"@type\":\"Organization\",\"@id\":\"https:\\\/\\\/two.travel\\\/#organization\",\"name\":\"Two Travel Concierge\",\"alternateName\":\"Two Travel\",\"url\":\"https:\\\/\\\/two.travel\\\/\",\"logo\":{\"@type\":\"ImageObject\",\"inLanguage\":\"es-CO\",\"@id\":\"https:\\\/\\\/two.travel\\\/#\\\/schema\\\/logo\\\/image\\\/\",\"url\":\"https:\\\/\\\/two.travel\\\/wp-content\\\/uploads\\\/2025\\\/02\\\/cropped-Two-Travel-LOGO-300x179-1.png\",\"contentUrl\":\"https:\\\/\\\/two.travel\\\/wp-content\\\/uploads\\\/2025\\\/02\\\/cropped-Two-Travel-LOGO-300x179-1.png\",\"width\":300,\"height\":178,\"caption\":\"Two Travel Concierge\"},\"image\":{\"@id\":\"https:\\\/\\\/two.travel\\\/#\\\/schema\\\/logo\\\/image\\\/\"},\"sameAs\":[\"https:\\\/\\\/www.facebook.com\\\/twotravelconcierge\",\"https:\\\/\\\/www.instagram.com\\\/twotravelconcierge\\\/\",\"https:\\\/\\\/www.linkedin.com\\\/company\\\/two-travel\\\/\"],\"description\":\"Two Travel is a boutique travel concierge and Destination Management Company specializing in curated group experiences across Colombia and Mexico.\",\"email\":\"reservations@two.travel\",\"telephone\":\"+12126530000\",\"legalName\":\"Tino Destinations\",\"foundingDate\":\"2016-07-11\",\"numberOfEmployees\":{\"@type\":\"QuantitativeValue\",\"minValue\":\"51\",\"maxValue\":\"200\"}}]}<\/script>\n<!-- \/ Yoast SEO Premium plugin. -->","yoast_head_json":{"title":"Casa Tranquila | Cartagena","description":"Un lujoso y moderno chalet de 5 dormitorios en alquiler en la Ciudad Vieja, Cartagena","robots":{"index":"index","follow":"follow","max-snippet":"max-snippet:-1","max-image-preview":"max-image-preview:large","max-video-preview":"max-video-preview:-1"},"canonical":"https:\/\/two.travel\/es\/casa-tranquila\/","og_locale":"es_ES","og_type":"article","og_title":"Casa Tranquila","og_description":"A luxurious, modern 5 bedroom villa for rent in the Old City, Cartagena","og_url":"https:\/\/two.travel\/es\/casa-tranquila\/","og_site_name":"Two Travel Concierge","article_publisher":"https:\/\/www.facebook.com\/twotravelconcierge","article_modified_time":"2025-05-14T20:44:11+00:00","og_image":[{"width":1072,"height":581,"url":"https:\/\/two.travel\/wp-content\/uploads\/2025\/10\/Two-Travel-Logo-1.png","type":"image\/png"}],"twitter_card":"summary_large_image","twitter_misc":{"Tiempo de lectura":"1 minuto"},"schema":{"@context":"https:\/\/schema.org","@graph":[{"@type":"WebPage","@id":"https:\/\/two.travel\/casa-tranquila\/","url":"https:\/\/two.travel\/casa-tranquila\/","name":"Casa Tranquila | Cartagena","isPartOf":{"@id":"https:\/\/two.travel\/#website"},"primaryImageOfPage":{"@id":"https:\/\/two.travel\/casa-tranquila\/#primaryimage"},"image":{"@id":"https:\/\/two.travel\/casa-tranquila\/#primaryimage"},"thumbnailUrl":"https:\/\/two.travel\/wp-content\/uploads\/2025\/03\/ca6299df-51d4-4366-ac9c-e3e59911000d.avif","datePublished":"2025-03-25T21:02:25+00:00","dateModified":"2025-05-14T20:44:11+00:00","description":"Un lujoso y moderno chalet de 5 dormitorios en alquiler en la Ciudad Vieja, Cartagena","breadcrumb":{"@id":"https:\/\/two.travel\/#breadcrumb"},"inLanguage":"es-CO","potentialAction":[{"@type":"ReadAction","target":["https:\/\/two.travel\/casa-tranquila\/"]}]},{"@type":"ImageObject","inLanguage":"es-CO","@id":"https:\/\/two.travel\/casa-tranquila\/#primaryimage","url":"https:\/\/two.travel\/wp-content\/uploads\/2025\/03\/ca6299df-51d4-4366-ac9c-e3e59911000d.avif","contentUrl":"https:\/\/two.travel\/wp-content\/uploads\/2025\/03\/ca6299df-51d4-4366-ac9c-e3e59911000d.avif","width":720,"height":480},{"@type":"BreadcrumbList","@id":"https:\/\/two.travel\/casa-tranquila\/#breadcrumb","itemListElement":[{"@type":"ListItem","position":1,"name":"Home","item":"https:\/\/two.travel\/"},{"@type":"ListItem","position":2,"name":"Casa Tranquila"}]},{"@type":"WebSite","@id":"https:\/\/two.travel\/#website","url":"https:\/\/two.travel\/","name":"Dos conserjes de viajes","description":"Luxury Travel: Villas, Boats, Concierge, and Weddings in Colombia and Mexico","publisher":{"@id":"https:\/\/two.travel\/#organization"},"alternateName":"Two Travel","potentialAction":[{"@type":"SearchAction","target":{"@type":"EntryPoint","urlTemplate":"https:\/\/two.travel\/?s={search_term_string}"},"query-input":{"@type":"PropertyValueSpecification","valueRequired":true,"valueName":"search_term_string"}}],"inLanguage":"es-CO"},{"@type":"Organization","@id":"https:\/\/two.travel\/#organization","name":"Dos conserjes de viajes","alternateName":"Two Travel","url":"https:\/\/two.travel\/","logo":{"@type":"ImageObject","inLanguage":"es-CO","@id":"https:\/\/two.travel\/#\/schema\/logo\/image\/","url":"https:\/\/two.travel\/wp-content\/uploads\/2025\/02\/cropped-Two-Travel-LOGO-300x179-1.png","contentUrl":"https:\/\/two.travel\/wp-content\/uploads\/2025\/02\/cropped-Two-Travel-LOGO-300x179-1.png","width":300,"height":178,"caption":"Two Travel Concierge"},"image":{"@id":"https:\/\/two.travel\/#\/schema\/logo\/image\/"},"sameAs":["https:\/\/www.facebook.com\/twotravelconcierge","https:\/\/www.instagram.com\/twotravelconcierge\/","https:\/\/www.linkedin.com\/company\/two-travel\/"],"description":"Two Travel is a boutique travel concierge and Destination Management Company specializing in curated group experiences across Colombia and Mexico.","email":"reservations@two.travel","telephone":"+12126530000","legalName":"Tino Destinations","foundingDate":"2016-07-11","numberOfEmployees":{"@type":"QuantitativeValue","minValue":"51","maxValue":"200"}}]}},"_links":{"self":[{"href":"https:\/\/two.travel\/es\/wp-json\/wp\/v2\/pages\/2175939","targetHints":{"allow":["GET"]}}],"collection":[{"href":"https:\/\/two.travel\/es\/wp-json\/wp\/v2\/pages"}],"about":[{"href":"https:\/\/two.travel\/es\/wp-json\/wp\/v2\/types\/page"}],"author":[{"embeddable":true,"href":"https:\/\/two.travel\/es\/wp-json\/wp\/v2\/users\/1"}],"replies":[{"embeddable":true,"href":"https:\/\/two.travel\/es\/wp-json\/wp\/v2\/comments?post=2175939"}],"version-history":[{"count":7,"href":"https:\/\/two.travel\/es\/wp-json\/wp\/v2\/pages\/2175939\/revisions"}],"predecessor-version":[{"id":2179724,"href":"https:\/\/two.travel\/es\/wp-json\/wp\/v2\/pages\/2175939\/revisions\/2179724"}],"wp:featuredmedia":[{"embeddable":true,"href":"https:\/\/two.travel\/es\/wp-json\/wp\/v2\/media\/2175979"}],"wp:attachment":[{"href":"https:\/\/two.travel\/es\/wp-json\/wp\/v2\/media?parent=2175939"}],"curies":[{"name":"wp","href":"https:\/\/api.w.org\/{rel}","templated":true}]}}