{"id":2175907,"date":"2025-03-25T20:48:36","date_gmt":"2025-03-25T20:48:36","guid":{"rendered":"https:\/\/two.travel\/pruebas\/?page_id=2175907"},"modified":"2026-04-06T17:02:15","modified_gmt":"2026-04-06T17:02:15","slug":"casa-castillo","status":"publish","type":"page","link":"https:\/\/two.travel\/es\/casa-castillo\/","title":{"rendered":"Casa Castillo"},"content":{"rendered":"<h3 class=\"wp-block-heading\" id=\"h-spacious-villa-with-8-bedrooms-roof-deck-pool-jacuzzi-and-views\"><strong>Spacious villa with 8 bedrooms, roof deck, pool, jacuzzi and views<\/strong><\/h3>\n\n\n\n<p>Esta mansi\u00f3n de 8500 pies, recientemente renovada, est\u00e1 totalmente equipada y le sit\u00faa a pocos pasos de la famosa torre del reloj y de los deliciosos restaurantes que ofrece el casco antiguo. La casa viene con un mayordomo a tiempo completo, cocinero, y la seguridad. \u00a1Le encantar\u00e1 la piscina privada, jacuzzi en la azotea, amplio sal\u00f3n y comedor atthis incre\u00edble casa!<\/p>\n\n\n\n<p><\/p>","protected":false},"excerpt":{"rendered":"<p>Spacious villa with 8 bedrooms, roof deck, pool, jacuzzi and views This newly renovated 8500 ft mansion is fully equipped and puts you steps from the famous clock tower and delicious restaurants the old city has to offer. The house comes with a full time butler, cook, and security. You will love the private pool, [&hellip;]<\/p>\n","protected":false},"author":1,"featured_media":2175920,"parent":0,"menu_order":0,"comment_status":"closed","ping_status":"closed","template":"","meta":{"_acf_changed":false,"content-type":"","footnotes":""},"class_list":["post-2175907","page","type-page","status-publish","has-post-thumbnail","hentry"],"acf":[],"yoast_head":"<!-- This site is optimized with the Yoast SEO Premium plugin v27.3 (Yoast SEO v27.3) - https:\/\/yoast.com\/product\/yoast-seo-premium-wordpress\/ -->\n<title>Casa Castillo | Cartagena<\/title>\n<meta name=\"description\" content=\"Spacious vacation villa with 7 bedrooms, roof deck, pool, jacuzzi and views in central Cartagena.\" \/>\n<meta name=\"robots\" content=\"index, follow, max-snippet:-1, max-image-preview:large, max-video-preview:-1\" \/>\n<link rel=\"canonical\" href=\"https:\/\/two.travel\/es\/casa-castillo\/\" \/>\n<meta property=\"og:locale\" content=\"es_ES\" \/>\n<meta property=\"og:type\" content=\"article\" \/>\n<meta property=\"og:title\" content=\"Casa Castillo\" \/>\n<meta property=\"og:description\" content=\"Spacious vacation villa with 7 bedrooms, roof deck, pool, jacuzzi and views in central Cartagena.\" \/>\n<meta property=\"og:url\" content=\"https:\/\/two.travel\/es\/casa-castillo\/\" \/>\n<meta property=\"og:site_name\" content=\"Two Travel Concierge\" \/>\n<meta property=\"article:publisher\" content=\"https:\/\/www.facebook.com\/twotravelconcierge\" \/>\n<meta property=\"article:modified_time\" content=\"2026-04-06T17:02:15+00:00\" \/>\n<meta property=\"og:image\" content=\"https:\/\/two.travel\/wp-content\/uploads\/2025\/10\/Two-Travel-Logo-1.png\" \/>\n\t<meta property=\"og:image:width\" content=\"1072\" \/>\n\t<meta property=\"og:image:height\" content=\"581\" \/>\n\t<meta property=\"og:image:type\" content=\"image\/png\" \/>\n<meta name=\"twitter:card\" content=\"summary_large_image\" \/>\n<meta name=\"twitter:label1\" content=\"Tiempo de lectura\" \/>\n\t<meta name=\"twitter:data1\" content=\"1 minuto\" \/>\n<script type=\"application\/ld+json\" class=\"yoast-schema-graph\">{\"@context\":\"https:\\\/\\\/schema.org\",\"@graph\":[{\"@type\":\"WebPage\",\"@id\":\"https:\\\/\\\/two.travel\\\/casa-castillo\\\/\",\"url\":\"https:\\\/\\\/two.travel\\\/casa-castillo\\\/\",\"name\":\"Casa Castillo | Cartagena\",\"isPartOf\":{\"@id\":\"https:\\\/\\\/two.travel\\\/#website\"},\"primaryImageOfPage\":{\"@id\":\"https:\\\/\\\/two.travel\\\/casa-castillo\\\/#primaryimage\"},\"image\":{\"@id\":\"https:\\\/\\\/two.travel\\\/casa-castillo\\\/#primaryimage\"},\"thumbnailUrl\":\"https:\\\/\\\/two.travel\\\/wp-content\\\/uploads\\\/2025\\\/03\\\/75387807-81d1-46ed-9581-ed5ce418015b.avif\",\"datePublished\":\"2025-03-25T20:48:36+00:00\",\"dateModified\":\"2026-04-06T17:02:15+00:00\",\"description\":\"Spacious vacation villa with 7 bedrooms, roof deck, pool, jacuzzi and views in central Cartagena.\",\"breadcrumb\":{\"@id\":\"https:\\\/\\\/two.travel\\\/#breadcrumb\"},\"inLanguage\":\"es-CO\",\"potentialAction\":[{\"@type\":\"ReadAction\",\"target\":[\"https:\\\/\\\/two.travel\\\/casa-castillo\\\/\"]}]},{\"@type\":\"ImageObject\",\"inLanguage\":\"es-CO\",\"@id\":\"https:\\\/\\\/two.travel\\\/casa-castillo\\\/#primaryimage\",\"url\":\"https:\\\/\\\/two.travel\\\/wp-content\\\/uploads\\\/2025\\\/03\\\/75387807-81d1-46ed-9581-ed5ce418015b.avif\",\"contentUrl\":\"https:\\\/\\\/two.travel\\\/wp-content\\\/uploads\\\/2025\\\/03\\\/75387807-81d1-46ed-9581-ed5ce418015b.avif\",\"width\":720,\"height\":480},{\"@type\":\"BreadcrumbList\",\"@id\":\"https:\\\/\\\/two.travel\\\/casa-castillo\\\/#breadcrumb\",\"itemListElement\":[{\"@type\":\"ListItem\",\"position\":1,\"name\":\"Home\",\"item\":\"https:\\\/\\\/two.travel\\\/\"},{\"@type\":\"ListItem\",\"position\":2,\"name\":\"Casa Castillo\"}]},{\"@type\":\"WebSite\",\"@id\":\"https:\\\/\\\/two.travel\\\/#website\",\"url\":\"https:\\\/\\\/two.travel\\\/\",\"name\":\"Two Travel Concierge\",\"description\":\"Luxury Travel: Villas, Boats, Concierge, and Weddings in Colombia and Mexico\",\"publisher\":{\"@id\":\"https:\\\/\\\/two.travel\\\/#organization\"},\"alternateName\":\"Two Travel\",\"potentialAction\":[{\"@type\":\"SearchAction\",\"target\":{\"@type\":\"EntryPoint\",\"urlTemplate\":\"https:\\\/\\\/two.travel\\\/?s={search_term_string}\"},\"query-input\":{\"@type\":\"PropertyValueSpecification\",\"valueRequired\":true,\"valueName\":\"search_term_string\"}}],\"inLanguage\":\"es-CO\"},{\"@type\":\"Organization\",\"@id\":\"https:\\\/\\\/two.travel\\\/#organization\",\"name\":\"Two Travel Concierge\",\"alternateName\":\"Two Travel\",\"url\":\"https:\\\/\\\/two.travel\\\/\",\"logo\":{\"@type\":\"ImageObject\",\"inLanguage\":\"es-CO\",\"@id\":\"https:\\\/\\\/two.travel\\\/#\\\/schema\\\/logo\\\/image\\\/\",\"url\":\"https:\\\/\\\/two.travel\\\/wp-content\\\/uploads\\\/2025\\\/02\\\/cropped-Two-Travel-LOGO-300x179-1.png\",\"contentUrl\":\"https:\\\/\\\/two.travel\\\/wp-content\\\/uploads\\\/2025\\\/02\\\/cropped-Two-Travel-LOGO-300x179-1.png\",\"width\":300,\"height\":178,\"caption\":\"Two Travel Concierge\"},\"image\":{\"@id\":\"https:\\\/\\\/two.travel\\\/#\\\/schema\\\/logo\\\/image\\\/\"},\"sameAs\":[\"https:\\\/\\\/www.facebook.com\\\/twotravelconcierge\",\"https:\\\/\\\/www.instagram.com\\\/twotravelconcierge\\\/\",\"https:\\\/\\\/www.linkedin.com\\\/company\\\/two-travel\\\/\"],\"description\":\"Two Travel is a boutique travel concierge and Destination Management Company specializing in curated group experiences across Colombia and Mexico.\",\"email\":\"reservations@two.travel\",\"telephone\":\"+12126530000\",\"legalName\":\"Tino Destinations\",\"foundingDate\":\"2016-07-11\",\"numberOfEmployees\":{\"@type\":\"QuantitativeValue\",\"minValue\":\"51\",\"maxValue\":\"200\"}}]}<\/script>\n<!-- \/ Yoast SEO Premium plugin. -->","yoast_head_json":{"title":"Casa Castillo | Cartagena","description":"Amplia villa de vacaciones con 7 dormitorios, azotea, piscina, jacuzzi y vistas en el centro de Cartagena.","robots":{"index":"index","follow":"follow","max-snippet":"max-snippet:-1","max-image-preview":"max-image-preview:large","max-video-preview":"max-video-preview:-1"},"canonical":"https:\/\/two.travel\/es\/casa-castillo\/","og_locale":"es_ES","og_type":"article","og_title":"Casa Castillo","og_description":"Spacious vacation villa with 7 bedrooms, roof deck, pool, jacuzzi and views in central Cartagena.","og_url":"https:\/\/two.travel\/es\/casa-castillo\/","og_site_name":"Two Travel Concierge","article_publisher":"https:\/\/www.facebook.com\/twotravelconcierge","article_modified_time":"2026-04-06T17:02:15+00:00","og_image":[{"width":1072,"height":581,"url":"https:\/\/two.travel\/wp-content\/uploads\/2025\/10\/Two-Travel-Logo-1.png","type":"image\/png"}],"twitter_card":"summary_large_image","twitter_misc":{"Tiempo de lectura":"1 minuto"},"schema":{"@context":"https:\/\/schema.org","@graph":[{"@type":"WebPage","@id":"https:\/\/two.travel\/casa-castillo\/","url":"https:\/\/two.travel\/casa-castillo\/","name":"Casa Castillo | Cartagena","isPartOf":{"@id":"https:\/\/two.travel\/#website"},"primaryImageOfPage":{"@id":"https:\/\/two.travel\/casa-castillo\/#primaryimage"},"image":{"@id":"https:\/\/two.travel\/casa-castillo\/#primaryimage"},"thumbnailUrl":"https:\/\/two.travel\/wp-content\/uploads\/2025\/03\/75387807-81d1-46ed-9581-ed5ce418015b.avif","datePublished":"2025-03-25T20:48:36+00:00","dateModified":"2026-04-06T17:02:15+00:00","description":"Amplia villa de vacaciones con 7 dormitorios, azotea, piscina, jacuzzi y vistas en el centro de Cartagena.","breadcrumb":{"@id":"https:\/\/two.travel\/#breadcrumb"},"inLanguage":"es-CO","potentialAction":[{"@type":"ReadAction","target":["https:\/\/two.travel\/casa-castillo\/"]}]},{"@type":"ImageObject","inLanguage":"es-CO","@id":"https:\/\/two.travel\/casa-castillo\/#primaryimage","url":"https:\/\/two.travel\/wp-content\/uploads\/2025\/03\/75387807-81d1-46ed-9581-ed5ce418015b.avif","contentUrl":"https:\/\/two.travel\/wp-content\/uploads\/2025\/03\/75387807-81d1-46ed-9581-ed5ce418015b.avif","width":720,"height":480},{"@type":"BreadcrumbList","@id":"https:\/\/two.travel\/casa-castillo\/#breadcrumb","itemListElement":[{"@type":"ListItem","position":1,"name":"Home","item":"https:\/\/two.travel\/"},{"@type":"ListItem","position":2,"name":"Casa Castillo"}]},{"@type":"WebSite","@id":"https:\/\/two.travel\/#website","url":"https:\/\/two.travel\/","name":"Dos conserjes de viajes","description":"Luxury Travel: Villas, Boats, Concierge, and Weddings in Colombia and Mexico","publisher":{"@id":"https:\/\/two.travel\/#organization"},"alternateName":"Two Travel","potentialAction":[{"@type":"SearchAction","target":{"@type":"EntryPoint","urlTemplate":"https:\/\/two.travel\/?s={search_term_string}"},"query-input":{"@type":"PropertyValueSpecification","valueRequired":true,"valueName":"search_term_string"}}],"inLanguage":"es-CO"},{"@type":"Organization","@id":"https:\/\/two.travel\/#organization","name":"Dos conserjes de viajes","alternateName":"Two Travel","url":"https:\/\/two.travel\/","logo":{"@type":"ImageObject","inLanguage":"es-CO","@id":"https:\/\/two.travel\/#\/schema\/logo\/image\/","url":"https:\/\/two.travel\/wp-content\/uploads\/2025\/02\/cropped-Two-Travel-LOGO-300x179-1.png","contentUrl":"https:\/\/two.travel\/wp-content\/uploads\/2025\/02\/cropped-Two-Travel-LOGO-300x179-1.png","width":300,"height":178,"caption":"Two Travel Concierge"},"image":{"@id":"https:\/\/two.travel\/#\/schema\/logo\/image\/"},"sameAs":["https:\/\/www.facebook.com\/twotravelconcierge","https:\/\/www.instagram.com\/twotravelconcierge\/","https:\/\/www.linkedin.com\/company\/two-travel\/"],"description":"Two Travel is a boutique travel concierge and Destination Management Company specializing in curated group experiences across Colombia and Mexico.","email":"reservations@two.travel","telephone":"+12126530000","legalName":"Tino Destinations","foundingDate":"2016-07-11","numberOfEmployees":{"@type":"QuantitativeValue","minValue":"51","maxValue":"200"}}]}},"_links":{"self":[{"href":"https:\/\/two.travel\/es\/wp-json\/wp\/v2\/pages\/2175907","targetHints":{"allow":["GET"]}}],"collection":[{"href":"https:\/\/two.travel\/es\/wp-json\/wp\/v2\/pages"}],"about":[{"href":"https:\/\/two.travel\/es\/wp-json\/wp\/v2\/types\/page"}],"author":[{"embeddable":true,"href":"https:\/\/two.travel\/es\/wp-json\/wp\/v2\/users\/1"}],"replies":[{"embeddable":true,"href":"https:\/\/two.travel\/es\/wp-json\/wp\/v2\/comments?post=2175907"}],"version-history":[{"count":3,"href":"https:\/\/two.travel\/es\/wp-json\/wp\/v2\/pages\/2175907\/revisions"}],"predecessor-version":[{"id":2195083,"href":"https:\/\/two.travel\/es\/wp-json\/wp\/v2\/pages\/2175907\/revisions\/2195083"}],"wp:featuredmedia":[{"embeddable":true,"href":"https:\/\/two.travel\/es\/wp-json\/wp\/v2\/media\/2175920"}],"wp:attachment":[{"href":"https:\/\/two.travel\/es\/wp-json\/wp\/v2\/media?parent=2175907"}],"curies":[{"name":"wp","href":"https:\/\/api.w.org\/{rel}","templated":true}]}}