{"id":2175891,"date":"2025-03-25T20:39:40","date_gmt":"2025-03-25T20:39:40","guid":{"rendered":"https:\/\/two.travel\/pruebas\/?page_id=2175891"},"modified":"2025-04-23T03:19:39","modified_gmt":"2025-04-23T03:19:39","slug":"avalon-uno","status":"publish","type":"page","link":"https:\/\/two.travel\/es\/avalon-one\/","title":{"rendered":"Avalon Uno"},"content":{"rendered":"<p>Este econ\u00f3mico catamar\u00e1n a motor es ideal para un m\u00e1ximo de 25 invitados, con 4 dormitorios, 4 ba\u00f1os y un espacioso camarote de popa de 2 niveles. Con la velocidad de un yate, llegar\u00e1 r\u00e1pidamente a Cholon o a las islas del Rosario, lo que le permitir\u00e1 disponer de tiempo suficiente para pasear y divertirse. Las zonas interiores son frescas y ventiladas, mientras que los espacios exteriores son abiertos y f\u00e1cilmente navegables para tomar el sol.<\/p>\n\n\n\n<p>Alquile este catamar\u00e1n por un d\u00eda y nuestra tripulaci\u00f3n profesional le guiar\u00e1 por los mejores lugares de la costa caribe\u00f1a, desde la bah\u00eda de Cartagena, pasando por la isla de Tierra Bomba, hasta Bar\u00fa o las islas del Rosario. Comparta con nosotros el plan de d\u00eda que desee y personalizaremos la ruta y las actividades para que se ajusten a su estilo. Este barco es perfecto para fiestas, \u00a1y podemos organizar un DJ o un barman bajo petici\u00f3n!<\/p>","protected":false},"excerpt":{"rendered":"<p>This budget-friendly power catamaran is ideal for up to 25 guests, featuring 4 bedrooms, 4 bathrooms, and a spacious 2-level aft cabin. With the speed of a yacht, you\u2019ll quickly reach Cholon or the Rosario Islands, allowing ample time for cruising and partying. The indoor areas are cool and airy, while the outdoor spaces are [&hellip;]<\/p>\n","protected":false},"author":3,"featured_media":2175895,"parent":0,"menu_order":0,"comment_status":"closed","ping_status":"closed","template":"","meta":{"_acf_changed":false,"content-type":"","footnotes":""},"class_list":["post-2175891","page","type-page","status-publish","has-post-thumbnail","hentry"],"acf":[],"yoast_head":"<!-- This site is optimized with the Yoast SEO Premium plugin v27.2 (Yoast SEO v27.2) - https:\/\/yoast.com\/product\/yoast-seo-premium-wordpress\/ -->\n<title>Avalon One | Boat Rental Cartagena | Two Travel<\/title>\n<meta name=\"description\" content=\"Experience Cartagena and the nearby islands on this catamaran for up to 25 guests. Book now and we&#039;ll tailor your boat trip to your vibe.\" \/>\n<meta name=\"robots\" content=\"index, follow, max-snippet:-1, max-image-preview:large, max-video-preview:-1\" \/>\n<link rel=\"canonical\" href=\"https:\/\/two.travel\/es\/avalon-uno\/\" \/>\n<meta property=\"og:locale\" content=\"es_ES\" \/>\n<meta property=\"og:type\" content=\"article\" \/>\n<meta property=\"og:title\" content=\"Avalon One\" \/>\n<meta property=\"og:description\" content=\"Experience Cartagena and the nearby islands on this catamaran for up to 25 guests. Book now and we&#039;ll tailor your boat trip to your vibe.\" \/>\n<meta property=\"og:url\" content=\"https:\/\/two.travel\/es\/avalon-uno\/\" \/>\n<meta property=\"og:site_name\" content=\"Two Travel Concierge\" \/>\n<meta property=\"article:publisher\" content=\"https:\/\/www.facebook.com\/twotravelconcierge\" \/>\n<meta property=\"article:modified_time\" content=\"2025-04-23T03:19:39+00:00\" \/>\n<meta property=\"og:image\" content=\"https:\/\/two.travel\/wp-content\/uploads\/2025\/03\/WhatsApp-Image-2024-05-30-at-09.09.03-4.jpeg\" \/>\n\t<meta property=\"og:image:width\" content=\"1024\" \/>\n\t<meta property=\"og:image:height\" content=\"576\" \/>\n\t<meta property=\"og:image:type\" content=\"image\/jpeg\" \/>\n<meta name=\"twitter:card\" content=\"summary_large_image\" \/>\n<meta name=\"twitter:label1\" content=\"Tiempo de lectura\" \/>\n\t<meta name=\"twitter:data1\" content=\"1 minuto\" \/>\n<script type=\"application\/ld+json\" class=\"yoast-schema-graph\">{\"@context\":\"https:\/\/schema.org\",\"@graph\":[{\"@type\":\"WebPage\",\"@id\":\"https:\/\/two.travel\/es\/avalon-uno\/\",\"url\":\"https:\/\/two.travel\/es\/avalon-uno\/\",\"name\":\"Avalon One | Boat Rental Cartagena | Two Travel\",\"isPartOf\":{\"@id\":\"https:\/\/two.travel\/#website\"},\"primaryImageOfPage\":{\"@id\":\"https:\/\/two.travel\/es\/avalon-uno\/#primaryimage\"},\"image\":{\"@id\":\"https:\/\/two.travel\/es\/avalon-uno\/#primaryimage\"},\"thumbnailUrl\":\"https:\/\/two.travel\/wp-content\/uploads\/2025\/03\/WhatsApp-Image-2024-05-30-at-09.09.03-4.jpeg\",\"datePublished\":\"2025-03-25T20:39:40+00:00\",\"dateModified\":\"2025-04-23T03:19:39+00:00\",\"description\":\"Experience Cartagena and the nearby islands on this catamaran for up to 25 guests. Book now and we'll tailor your boat trip to your vibe.\",\"breadcrumb\":{\"@id\":\"https:\/\/two.travel\/#breadcrumb\"},\"inLanguage\":\"es-CO\",\"potentialAction\":[{\"@type\":\"ReadAction\",\"target\":[\"https:\/\/two.travel\/es\/avalon-uno\/\"]}]},{\"@type\":\"ImageObject\",\"inLanguage\":\"es-CO\",\"@id\":\"https:\/\/two.travel\/es\/avalon-uno\/#primaryimage\",\"url\":\"https:\/\/two.travel\/wp-content\/uploads\/2025\/03\/WhatsApp-Image-2024-05-30-at-09.09.03-4.jpeg\",\"contentUrl\":\"https:\/\/two.travel\/wp-content\/uploads\/2025\/03\/WhatsApp-Image-2024-05-30-at-09.09.03-4.jpeg\",\"width\":1024,\"height\":576},{\"@type\":\"BreadcrumbList\",\"@id\":\"https:\/\/two.travel\/es\/avalon-uno\/#breadcrumb\",\"itemListElement\":[{\"@type\":\"ListItem\",\"position\":1,\"name\":\"Home\",\"item\":\"https:\/\/two.travel\/\"},{\"@type\":\"ListItem\",\"position\":2,\"name\":\"Avalon One\"}]},{\"@type\":\"WebSite\",\"@id\":\"https:\/\/two.travel\/#website\",\"url\":\"https:\/\/two.travel\/\",\"name\":\"Two Travel Concierge\",\"description\":\"Luxury Travel: Villas, Boats, Concierge, and Weddings in Colombia and Mexico\",\"publisher\":{\"@id\":\"https:\/\/two.travel\/#organization\"},\"alternateName\":\"Two Travel\",\"potentialAction\":[{\"@type\":\"SearchAction\",\"target\":{\"@type\":\"EntryPoint\",\"urlTemplate\":\"https:\/\/two.travel\/?s={search_term_string}\"},\"query-input\":{\"@type\":\"PropertyValueSpecification\",\"valueRequired\":true,\"valueName\":\"search_term_string\"}}],\"inLanguage\":\"es-CO\"},{\"@type\":\"Organization\",\"@id\":\"https:\/\/two.travel\/#organization\",\"name\":\"Two Travel Concierge\",\"alternateName\":\"Two Travel\",\"url\":\"https:\/\/two.travel\/\",\"logo\":{\"@type\":\"ImageObject\",\"inLanguage\":\"es-CO\",\"@id\":\"https:\/\/two.travel\/#\/schema\/logo\/image\/\",\"url\":\"https:\/\/two.travel\/wp-content\/uploads\/2025\/02\/cropped-Two-Travel-LOGO-300x179-1.png\",\"contentUrl\":\"https:\/\/two.travel\/wp-content\/uploads\/2025\/02\/cropped-Two-Travel-LOGO-300x179-1.png\",\"width\":300,\"height\":178,\"caption\":\"Two Travel Concierge\"},\"image\":{\"@id\":\"https:\/\/two.travel\/#\/schema\/logo\/image\/\"},\"sameAs\":[\"https:\/\/www.facebook.com\/twotravelconcierge\",\"https:\/\/www.instagram.com\/twotravelconcierge\/\",\"https:\/\/www.linkedin.com\/company\/two-travel\/\"],\"description\":\"Two Travel is a boutique travel concierge and Destination Management Company specializing in curated group experiences across Colombia and Mexico.\",\"email\":\"reservations@two.travel\",\"telephone\":\"+12126530000\",\"legalName\":\"Tino Destinations\",\"foundingDate\":\"2016-07-11\",\"numberOfEmployees\":{\"@type\":\"QuantitativeValue\",\"minValue\":\"51\",\"maxValue\":\"200\"}}]}<\/script>\n<!-- \/ Yoast SEO Premium plugin. -->","yoast_head_json":{"title":"Avalon One | Alquiler Barco Cartagena | Two Travel","description":"Descubra Cartagena y las islas cercanas en este catamar\u00e1n con capacidad para 25 personas. Reserve ahora y adaptaremos su excursi\u00f3n en barco a su estilo.","robots":{"index":"index","follow":"follow","max-snippet":"max-snippet:-1","max-image-preview":"max-image-preview:large","max-video-preview":"max-video-preview:-1"},"canonical":"https:\/\/two.travel\/es\/avalon-uno\/","og_locale":"es_ES","og_type":"article","og_title":"Avalon One","og_description":"Experience Cartagena and the nearby islands on this catamaran for up to 25 guests. Book now and we'll tailor your boat trip to your vibe.","og_url":"https:\/\/two.travel\/es\/avalon-uno\/","og_site_name":"Two Travel Concierge","article_publisher":"https:\/\/www.facebook.com\/twotravelconcierge","article_modified_time":"2025-04-23T03:19:39+00:00","og_image":[{"width":1024,"height":576,"url":"https:\/\/two.travel\/wp-content\/uploads\/2025\/03\/WhatsApp-Image-2024-05-30-at-09.09.03-4.jpeg","type":"image\/jpeg"}],"twitter_card":"summary_large_image","twitter_misc":{"Tiempo de lectura":"1 minuto"},"schema":{"@context":"https:\/\/schema.org","@graph":[{"@type":"WebPage","@id":"https:\/\/two.travel\/es\/avalon-uno\/","url":"https:\/\/two.travel\/es\/avalon-uno\/","name":"Avalon One | Alquiler Barco Cartagena | Two Travel","isPartOf":{"@id":"https:\/\/two.travel\/#website"},"primaryImageOfPage":{"@id":"https:\/\/two.travel\/es\/avalon-uno\/#primaryimage"},"image":{"@id":"https:\/\/two.travel\/es\/avalon-uno\/#primaryimage"},"thumbnailUrl":"https:\/\/two.travel\/wp-content\/uploads\/2025\/03\/WhatsApp-Image-2024-05-30-at-09.09.03-4.jpeg","datePublished":"2025-03-25T20:39:40+00:00","dateModified":"2025-04-23T03:19:39+00:00","description":"Descubra Cartagena y las islas cercanas en este catamar\u00e1n con capacidad para 25 personas. Reserve ahora y adaptaremos su excursi\u00f3n en barco a su estilo.","breadcrumb":{"@id":"https:\/\/two.travel\/#breadcrumb"},"inLanguage":"es-CO","potentialAction":[{"@type":"ReadAction","target":["https:\/\/two.travel\/es\/avalon-uno\/"]}]},{"@type":"ImageObject","inLanguage":"es-CO","@id":"https:\/\/two.travel\/es\/avalon-uno\/#primaryimage","url":"https:\/\/two.travel\/wp-content\/uploads\/2025\/03\/WhatsApp-Image-2024-05-30-at-09.09.03-4.jpeg","contentUrl":"https:\/\/two.travel\/wp-content\/uploads\/2025\/03\/WhatsApp-Image-2024-05-30-at-09.09.03-4.jpeg","width":1024,"height":576},{"@type":"BreadcrumbList","@id":"https:\/\/two.travel\/es\/avalon-uno\/#breadcrumb","itemListElement":[{"@type":"ListItem","position":1,"name":"Home","item":"https:\/\/two.travel\/"},{"@type":"ListItem","position":2,"name":"Avalon One"}]},{"@type":"WebSite","@id":"https:\/\/two.travel\/#website","url":"https:\/\/two.travel\/","name":"Dos conserjes de viajes","description":"Luxury Travel: Villas, Boats, Concierge, and Weddings in Colombia and Mexico","publisher":{"@id":"https:\/\/two.travel\/#organization"},"alternateName":"Two Travel","potentialAction":[{"@type":"SearchAction","target":{"@type":"EntryPoint","urlTemplate":"https:\/\/two.travel\/?s={search_term_string}"},"query-input":{"@type":"PropertyValueSpecification","valueRequired":true,"valueName":"search_term_string"}}],"inLanguage":"es-CO"},{"@type":"Organization","@id":"https:\/\/two.travel\/#organization","name":"Dos conserjes de viajes","alternateName":"Two Travel","url":"https:\/\/two.travel\/","logo":{"@type":"ImageObject","inLanguage":"es-CO","@id":"https:\/\/two.travel\/#\/schema\/logo\/image\/","url":"https:\/\/two.travel\/wp-content\/uploads\/2025\/02\/cropped-Two-Travel-LOGO-300x179-1.png","contentUrl":"https:\/\/two.travel\/wp-content\/uploads\/2025\/02\/cropped-Two-Travel-LOGO-300x179-1.png","width":300,"height":178,"caption":"Two Travel Concierge"},"image":{"@id":"https:\/\/two.travel\/#\/schema\/logo\/image\/"},"sameAs":["https:\/\/www.facebook.com\/twotravelconcierge","https:\/\/www.instagram.com\/twotravelconcierge\/","https:\/\/www.linkedin.com\/company\/two-travel\/"],"description":"Two Travel is a boutique travel concierge and Destination Management Company specializing in curated group experiences across Colombia and Mexico.","email":"reservations@two.travel","telephone":"+12126530000","legalName":"Tino Destinations","foundingDate":"2016-07-11","numberOfEmployees":{"@type":"QuantitativeValue","minValue":"51","maxValue":"200"}}]}},"_links":{"self":[{"href":"https:\/\/two.travel\/es\/wp-json\/wp\/v2\/pages\/2175891","targetHints":{"allow":["GET"]}}],"collection":[{"href":"https:\/\/two.travel\/es\/wp-json\/wp\/v2\/pages"}],"about":[{"href":"https:\/\/two.travel\/es\/wp-json\/wp\/v2\/types\/page"}],"author":[{"embeddable":true,"href":"https:\/\/two.travel\/es\/wp-json\/wp\/v2\/users\/3"}],"replies":[{"embeddable":true,"href":"https:\/\/two.travel\/es\/wp-json\/wp\/v2\/comments?post=2175891"}],"version-history":[{"count":1,"href":"https:\/\/two.travel\/es\/wp-json\/wp\/v2\/pages\/2175891\/revisions"}],"predecessor-version":[{"id":2175904,"href":"https:\/\/two.travel\/es\/wp-json\/wp\/v2\/pages\/2175891\/revisions\/2175904"}],"wp:featuredmedia":[{"embeddable":true,"href":"https:\/\/two.travel\/es\/wp-json\/wp\/v2\/media\/2175895"}],"wp:attachment":[{"href":"https:\/\/two.travel\/es\/wp-json\/wp\/v2\/media?parent=2175891"}],"curies":[{"name":"wp","href":"https:\/\/api.w.org\/{rel}","templated":true}]}}