{"id":2175836,"date":"2025-03-25T20:30:40","date_gmt":"2025-03-25T20:30:40","guid":{"rendered":"https:\/\/two.travel\/pruebas\/?page_id=2175836"},"modified":"2025-04-22T16:16:10","modified_gmt":"2025-04-22T16:16:10","slug":"esperanza","status":"publish","type":"page","link":"https:\/\/two.travel\/es\/hope\/","title":{"rendered":"Esperanza"},"content":{"rendered":"<p>Este ligero, r\u00e1pido y espacioso catamar\u00e1n a motor cuenta con una enorme cubierta, \u00a1para que pueda invitar a todos sus amigos a pasar el d\u00eda! Hay mucho espacio para descansar y relajarse en cada nivel. En el interior, encontrar\u00e1 una amplia sala de estar con una cocina totalmente equipada. En la planta baja, hay 4 dormitorios dobles y 3 cuartos de ba\u00f1o, todos con ducha.<\/p>\n\n\n\n<p>Alquile este catamar\u00e1n por un d\u00eda y nuestra tripulaci\u00f3n profesional se encargar\u00e1 de que explore lo mejor de la costa caribe\u00f1a: desde la bah\u00eda de Cartagena, pasando por la isla de Tierra Bomba, hasta Bar\u00fa o las islas del Rosario. D\u00edganos qu\u00e9 tipo de d\u00eda desea y nosotros adaptaremos la ruta y las actividades a su gusto.<\/p>","protected":false},"excerpt":{"rendered":"<p>This light, fast and airy power catamaran boasts a huge deck, so you can invite all your friends out for the day! There\u2019s plenty of space to lounge around and relax on each level. Inside, you\u2019ll find a spacious living area with a fully fitted kitchen. Downstairs, there are 4 double bedrooms and 3 bathrooms [&hellip;]<\/p>\n","protected":false},"author":3,"featured_media":2175869,"parent":0,"menu_order":0,"comment_status":"closed","ping_status":"closed","template":"","meta":{"_acf_changed":false,"content-type":"","footnotes":""},"class_list":["post-2175836","page","type-page","status-publish","has-post-thumbnail","hentry"],"acf":[],"yoast_head":"<!-- This site is optimized with the Yoast SEO Premium plugin v27.3 (Yoast SEO v27.3) - https:\/\/yoast.com\/product\/yoast-seo-premium-wordpress\/ -->\n<title>Hope | Boat Rental Cartagena | Two Travel<\/title>\n<meta name=\"description\" content=\"Navigate in style with this spacious and powerful catamaran for up to 35 people. Book your day trip in Cartagena and Rosario&#039;s Islands now!\" \/>\n<meta name=\"robots\" content=\"index, follow, max-snippet:-1, max-image-preview:large, max-video-preview:-1\" \/>\n<link rel=\"canonical\" href=\"https:\/\/two.travel\/es\/esperanza\/\" \/>\n<meta property=\"og:locale\" content=\"es_ES\" \/>\n<meta property=\"og:type\" content=\"article\" \/>\n<meta property=\"og:title\" content=\"Hope\" \/>\n<meta property=\"og:description\" content=\"Navigate in style with this spacious and powerful catamaran for up to 35 people. Book your day trip in Cartagena and Rosario&#039;s Islands now!\" \/>\n<meta property=\"og:url\" content=\"https:\/\/two.travel\/es\/esperanza\/\" \/>\n<meta property=\"og:site_name\" content=\"Two Travel Concierge\" \/>\n<meta property=\"article:publisher\" content=\"https:\/\/www.facebook.com\/twotravelconcierge\" \/>\n<meta property=\"article:modified_time\" content=\"2025-04-22T16:16:10+00:00\" \/>\n<meta property=\"og:image\" content=\"https:\/\/two.travel\/wp-content\/uploads\/2025\/03\/IMG-20200205-WA0136.jpg\" \/>\n\t<meta property=\"og:image:width\" content=\"1280\" \/>\n\t<meta property=\"og:image:height\" content=\"870\" \/>\n\t<meta property=\"og:image:type\" content=\"image\/jpeg\" \/>\n<meta name=\"twitter:card\" content=\"summary_large_image\" \/>\n<meta name=\"twitter:label1\" content=\"Tiempo de lectura\" \/>\n\t<meta name=\"twitter:data1\" content=\"1 minuto\" \/>\n<script type=\"application\/ld+json\" class=\"yoast-schema-graph\">{\"@context\":\"https:\\\/\\\/schema.org\",\"@graph\":[{\"@type\":\"WebPage\",\"@id\":\"https:\\\/\\\/two.travel\\\/hope\\\/\",\"url\":\"https:\\\/\\\/two.travel\\\/hope\\\/\",\"name\":\"Hope | Boat Rental Cartagena | Two Travel\",\"isPartOf\":{\"@id\":\"https:\\\/\\\/two.travel\\\/#website\"},\"primaryImageOfPage\":{\"@id\":\"https:\\\/\\\/two.travel\\\/hope\\\/#primaryimage\"},\"image\":{\"@id\":\"https:\\\/\\\/two.travel\\\/hope\\\/#primaryimage\"},\"thumbnailUrl\":\"https:\\\/\\\/two.travel\\\/wp-content\\\/uploads\\\/2025\\\/03\\\/IMG-20200205-WA0136.jpg\",\"datePublished\":\"2025-03-25T20:30:40+00:00\",\"dateModified\":\"2025-04-22T16:16:10+00:00\",\"description\":\"Navigate in style with this spacious and powerful catamaran for up to 35 people. Book your day trip in Cartagena and Rosario's Islands now!\",\"breadcrumb\":{\"@id\":\"https:\\\/\\\/two.travel\\\/#breadcrumb\"},\"inLanguage\":\"es-CO\",\"potentialAction\":[{\"@type\":\"ReadAction\",\"target\":[\"https:\\\/\\\/two.travel\\\/hope\\\/\"]}]},{\"@type\":\"ImageObject\",\"inLanguage\":\"es-CO\",\"@id\":\"https:\\\/\\\/two.travel\\\/hope\\\/#primaryimage\",\"url\":\"https:\\\/\\\/two.travel\\\/wp-content\\\/uploads\\\/2025\\\/03\\\/IMG-20200205-WA0136.jpg\",\"contentUrl\":\"https:\\\/\\\/two.travel\\\/wp-content\\\/uploads\\\/2025\\\/03\\\/IMG-20200205-WA0136.jpg\",\"width\":1280,\"height\":870},{\"@type\":\"BreadcrumbList\",\"@id\":\"https:\\\/\\\/two.travel\\\/hope\\\/#breadcrumb\",\"itemListElement\":[{\"@type\":\"ListItem\",\"position\":1,\"name\":\"Home\",\"item\":\"https:\\\/\\\/two.travel\\\/\"},{\"@type\":\"ListItem\",\"position\":2,\"name\":\"Hope\"}]},{\"@type\":\"WebSite\",\"@id\":\"https:\\\/\\\/two.travel\\\/#website\",\"url\":\"https:\\\/\\\/two.travel\\\/\",\"name\":\"Two Travel Concierge\",\"description\":\"Luxury Travel: Villas, Boats, Concierge, and Weddings in Colombia and Mexico\",\"publisher\":{\"@id\":\"https:\\\/\\\/two.travel\\\/#organization\"},\"alternateName\":\"Two Travel\",\"potentialAction\":[{\"@type\":\"SearchAction\",\"target\":{\"@type\":\"EntryPoint\",\"urlTemplate\":\"https:\\\/\\\/two.travel\\\/?s={search_term_string}\"},\"query-input\":{\"@type\":\"PropertyValueSpecification\",\"valueRequired\":true,\"valueName\":\"search_term_string\"}}],\"inLanguage\":\"es-CO\"},{\"@type\":\"Organization\",\"@id\":\"https:\\\/\\\/two.travel\\\/#organization\",\"name\":\"Two Travel Concierge\",\"alternateName\":\"Two Travel\",\"url\":\"https:\\\/\\\/two.travel\\\/\",\"logo\":{\"@type\":\"ImageObject\",\"inLanguage\":\"es-CO\",\"@id\":\"https:\\\/\\\/two.travel\\\/#\\\/schema\\\/logo\\\/image\\\/\",\"url\":\"https:\\\/\\\/two.travel\\\/wp-content\\\/uploads\\\/2025\\\/02\\\/cropped-Two-Travel-LOGO-300x179-1.png\",\"contentUrl\":\"https:\\\/\\\/two.travel\\\/wp-content\\\/uploads\\\/2025\\\/02\\\/cropped-Two-Travel-LOGO-300x179-1.png\",\"width\":300,\"height\":178,\"caption\":\"Two Travel Concierge\"},\"image\":{\"@id\":\"https:\\\/\\\/two.travel\\\/#\\\/schema\\\/logo\\\/image\\\/\"},\"sameAs\":[\"https:\\\/\\\/www.facebook.com\\\/twotravelconcierge\",\"https:\\\/\\\/www.instagram.com\\\/twotravelconcierge\\\/\",\"https:\\\/\\\/www.linkedin.com\\\/company\\\/two-travel\\\/\"],\"description\":\"Two Travel is a boutique travel concierge and Destination Management Company specializing in curated group experiences across Colombia and Mexico.\",\"email\":\"reservations@two.travel\",\"telephone\":\"+12126530000\",\"legalName\":\"Tino Destinations\",\"foundingDate\":\"2016-07-11\",\"numberOfEmployees\":{\"@type\":\"QuantitativeValue\",\"minValue\":\"51\",\"maxValue\":\"200\"}}]}<\/script>\n<!-- \/ Yoast SEO Premium plugin. -->","yoast_head_json":{"title":"Esperanza | Alquiler Barco Cartagena | Two Travel","description":"Navegue con estilo con este espacioso y potente catamar\u00e1n con capacidad para 35 personas. \u00a1Reserve ya su excursi\u00f3n de un d\u00eda en Cartagena y las Islas del Rosario!","robots":{"index":"index","follow":"follow","max-snippet":"max-snippet:-1","max-image-preview":"max-image-preview:large","max-video-preview":"max-video-preview:-1"},"canonical":"https:\/\/two.travel\/es\/esperanza\/","og_locale":"es_ES","og_type":"article","og_title":"Hope","og_description":"Navigate in style with this spacious and powerful catamaran for up to 35 people. Book your day trip in Cartagena and Rosario's Islands now!","og_url":"https:\/\/two.travel\/es\/esperanza\/","og_site_name":"Two Travel Concierge","article_publisher":"https:\/\/www.facebook.com\/twotravelconcierge","article_modified_time":"2025-04-22T16:16:10+00:00","og_image":[{"width":1280,"height":870,"url":"https:\/\/two.travel\/wp-content\/uploads\/2025\/03\/IMG-20200205-WA0136.jpg","type":"image\/jpeg"}],"twitter_card":"summary_large_image","twitter_misc":{"Tiempo de lectura":"1 minuto"},"schema":{"@context":"https:\/\/schema.org","@graph":[{"@type":"WebPage","@id":"https:\/\/two.travel\/hope\/","url":"https:\/\/two.travel\/hope\/","name":"Esperanza | Alquiler Barco Cartagena | Two Travel","isPartOf":{"@id":"https:\/\/two.travel\/#website"},"primaryImageOfPage":{"@id":"https:\/\/two.travel\/hope\/#primaryimage"},"image":{"@id":"https:\/\/two.travel\/hope\/#primaryimage"},"thumbnailUrl":"https:\/\/two.travel\/wp-content\/uploads\/2025\/03\/IMG-20200205-WA0136.jpg","datePublished":"2025-03-25T20:30:40+00:00","dateModified":"2025-04-22T16:16:10+00:00","description":"Navegue con estilo con este espacioso y potente catamar\u00e1n con capacidad para 35 personas. \u00a1Reserve ya su excursi\u00f3n de un d\u00eda en Cartagena y las Islas del Rosario!","breadcrumb":{"@id":"https:\/\/two.travel\/#breadcrumb"},"inLanguage":"es-CO","potentialAction":[{"@type":"ReadAction","target":["https:\/\/two.travel\/hope\/"]}]},{"@type":"ImageObject","inLanguage":"es-CO","@id":"https:\/\/two.travel\/hope\/#primaryimage","url":"https:\/\/two.travel\/wp-content\/uploads\/2025\/03\/IMG-20200205-WA0136.jpg","contentUrl":"https:\/\/two.travel\/wp-content\/uploads\/2025\/03\/IMG-20200205-WA0136.jpg","width":1280,"height":870},{"@type":"BreadcrumbList","@id":"https:\/\/two.travel\/hope\/#breadcrumb","itemListElement":[{"@type":"ListItem","position":1,"name":"Home","item":"https:\/\/two.travel\/"},{"@type":"ListItem","position":2,"name":"Hope"}]},{"@type":"WebSite","@id":"https:\/\/two.travel\/#website","url":"https:\/\/two.travel\/","name":"Dos conserjes de viajes","description":"Luxury Travel: Villas, Boats, Concierge, and Weddings in Colombia and Mexico","publisher":{"@id":"https:\/\/two.travel\/#organization"},"alternateName":"Two Travel","potentialAction":[{"@type":"SearchAction","target":{"@type":"EntryPoint","urlTemplate":"https:\/\/two.travel\/?s={search_term_string}"},"query-input":{"@type":"PropertyValueSpecification","valueRequired":true,"valueName":"search_term_string"}}],"inLanguage":"es-CO"},{"@type":"Organization","@id":"https:\/\/two.travel\/#organization","name":"Dos conserjes de viajes","alternateName":"Two Travel","url":"https:\/\/two.travel\/","logo":{"@type":"ImageObject","inLanguage":"es-CO","@id":"https:\/\/two.travel\/#\/schema\/logo\/image\/","url":"https:\/\/two.travel\/wp-content\/uploads\/2025\/02\/cropped-Two-Travel-LOGO-300x179-1.png","contentUrl":"https:\/\/two.travel\/wp-content\/uploads\/2025\/02\/cropped-Two-Travel-LOGO-300x179-1.png","width":300,"height":178,"caption":"Two Travel Concierge"},"image":{"@id":"https:\/\/two.travel\/#\/schema\/logo\/image\/"},"sameAs":["https:\/\/www.facebook.com\/twotravelconcierge","https:\/\/www.instagram.com\/twotravelconcierge\/","https:\/\/www.linkedin.com\/company\/two-travel\/"],"description":"Two Travel is a boutique travel concierge and Destination Management Company specializing in curated group experiences across Colombia and Mexico.","email":"reservations@two.travel","telephone":"+12126530000","legalName":"Tino Destinations","foundingDate":"2016-07-11","numberOfEmployees":{"@type":"QuantitativeValue","minValue":"51","maxValue":"200"}}]}},"_links":{"self":[{"href":"https:\/\/two.travel\/es\/wp-json\/wp\/v2\/pages\/2175836","targetHints":{"allow":["GET"]}}],"collection":[{"href":"https:\/\/two.travel\/es\/wp-json\/wp\/v2\/pages"}],"about":[{"href":"https:\/\/two.travel\/es\/wp-json\/wp\/v2\/types\/page"}],"author":[{"embeddable":true,"href":"https:\/\/two.travel\/es\/wp-json\/wp\/v2\/users\/3"}],"replies":[{"embeddable":true,"href":"https:\/\/two.travel\/es\/wp-json\/wp\/v2\/comments?post=2175836"}],"version-history":[{"count":1,"href":"https:\/\/two.travel\/es\/wp-json\/wp\/v2\/pages\/2175836\/revisions"}],"predecessor-version":[{"id":2175876,"href":"https:\/\/two.travel\/es\/wp-json\/wp\/v2\/pages\/2175836\/revisions\/2175876"}],"wp:featuredmedia":[{"embeddable":true,"href":"https:\/\/two.travel\/es\/wp-json\/wp\/v2\/media\/2175869"}],"wp:attachment":[{"href":"https:\/\/two.travel\/es\/wp-json\/wp\/v2\/media?parent=2175836"}],"curies":[{"name":"wp","href":"https:\/\/api.w.org\/{rel}","templated":true}]}}