{"id":2175731,"date":"2025-03-25T18:57:02","date_gmt":"2025-03-25T18:57:02","guid":{"rendered":"https:\/\/two.travel\/pruebas\/?page_id=2175731"},"modified":"2025-04-23T03:20:30","modified_gmt":"2025-04-23T03:20:30","slug":"avalon-dos","status":"publish","type":"page","link":"https:\/\/two.travel\/es\/avalon-two\/","title":{"rendered":"Avalon Dos"},"content":{"rendered":"<p>Esta lancha r\u00e1pida de alto rendimiento de 38 pies es perfecta para un m\u00e1ximo de 16 invitados y cuenta con 1 cuarto de ba\u00f1o. Ideal para un d\u00eda de aventura y exploraci\u00f3n, llegar\u00e1 r\u00e1pidamente a Cholon o a las Islas del Rosario, dejando tiempo de sobra para nadar y tomar el sol. Su elegante dise\u00f1o garantiza un viaje suave y emocionante, mientras que la espaciosa cubierta ofrece un amplio espacio para relajarse y disfrutar de la brisa marina.<\/p>\n\n\n\n<p>Reserve esta lancha r\u00e1pida por un d\u00eda y nuestra experimentada tripulaci\u00f3n le mostrar\u00e1 lo mejor de la costa de Cartagena. Desde un crucero por la bah\u00eda de Cartagena hasta la exploraci\u00f3n de la isla de Tierra Bomba, pasando por Bar\u00fa o las islas del Rosario, adaptaremos el viaje a sus preferencias. Tanto si quiere salir de fiesta como simplemente relajarse, podemos adaptarnos a sus necesidades. H\u00e1ganos saber si desea a\u00f1adir un DJ o camarero para hacer su d\u00eda a\u00fan m\u00e1s especial.<\/p>","protected":false},"excerpt":{"rendered":"<p>This high-performance 38-foot speedboat is perfect for up to 16 guests, features 1 bathroom. Ideal for a day of adventure and exploration, you\u2019ll quickly reach Cholon or the Rosario Islands, leaving plenty of time for swimming and sunbathing. The sleek design ensures a smooth and thrilling ride, while the spacious deck provides ample room to [&hellip;]<\/p>\n","protected":false},"author":3,"featured_media":2175742,"parent":0,"menu_order":0,"comment_status":"closed","ping_status":"closed","template":"","meta":{"_acf_changed":false,"content-type":"","footnotes":""},"class_list":["post-2175731","page","type-page","status-publish","has-post-thumbnail","hentry"],"acf":[],"yoast_head":"<!-- This site is optimized with the Yoast SEO Premium plugin v27.3 (Yoast SEO v27.3) - https:\/\/yoast.com\/product\/yoast-seo-premium-wordpress\/ -->\n<title>Avalon Two - Boat Rental Cartagena - Two Travel Concierge<\/title>\n<meta name=\"description\" content=\"Experience the best of Cartagena with our 38-foot speedboat. Perfect for up to 16 guests. Book your boat rental Cartagena adventure today!\" \/>\n<meta name=\"robots\" content=\"index, follow, max-snippet:-1, max-image-preview:large, max-video-preview:-1\" \/>\n<link rel=\"canonical\" href=\"https:\/\/two.travel\/es\/avalon-dos\/\" \/>\n<meta property=\"og:locale\" content=\"es_ES\" \/>\n<meta property=\"og:type\" content=\"article\" \/>\n<meta property=\"og:title\" content=\"Avalon Two\" \/>\n<meta property=\"og:description\" content=\"Experience the best of Cartagena with our 38-foot speedboat. Perfect for up to 16 guests. Book your boat rental Cartagena adventure today!\" \/>\n<meta property=\"og:url\" content=\"https:\/\/two.travel\/es\/avalon-dos\/\" \/>\n<meta property=\"og:site_name\" content=\"Two Travel Concierge\" \/>\n<meta property=\"article:publisher\" content=\"https:\/\/www.facebook.com\/twotravelconcierge\" \/>\n<meta property=\"article:modified_time\" content=\"2025-04-23T03:20:30+00:00\" \/>\n<meta property=\"og:image\" content=\"https:\/\/two.travel\/wp-content\/uploads\/2025\/03\/Untitled-design.jpg\" \/>\n\t<meta property=\"og:image:width\" content=\"960\" \/>\n\t<meta property=\"og:image:height\" content=\"520\" \/>\n\t<meta property=\"og:image:type\" content=\"image\/jpeg\" \/>\n<meta name=\"twitter:card\" content=\"summary_large_image\" \/>\n<meta name=\"twitter:label1\" content=\"Tiempo de lectura\" \/>\n\t<meta name=\"twitter:data1\" content=\"1 minuto\" \/>\n<script type=\"application\/ld+json\" class=\"yoast-schema-graph\">{\"@context\":\"https:\\\/\\\/schema.org\",\"@graph\":[{\"@type\":\"WebPage\",\"@id\":\"https:\\\/\\\/two.travel\\\/avalon-two\\\/\",\"url\":\"https:\\\/\\\/two.travel\\\/avalon-two\\\/\",\"name\":\"Avalon Two - Boat Rental Cartagena - Two Travel Concierge\",\"isPartOf\":{\"@id\":\"https:\\\/\\\/two.travel\\\/#website\"},\"primaryImageOfPage\":{\"@id\":\"https:\\\/\\\/two.travel\\\/avalon-two\\\/#primaryimage\"},\"image\":{\"@id\":\"https:\\\/\\\/two.travel\\\/avalon-two\\\/#primaryimage\"},\"thumbnailUrl\":\"https:\\\/\\\/two.travel\\\/wp-content\\\/uploads\\\/2025\\\/03\\\/Untitled-design.jpg\",\"datePublished\":\"2025-03-25T18:57:02+00:00\",\"dateModified\":\"2025-04-23T03:20:30+00:00\",\"description\":\"Experience the best of Cartagena with our 38-foot speedboat. Perfect for up to 16 guests. Book your boat rental Cartagena adventure today!\",\"breadcrumb\":{\"@id\":\"https:\\\/\\\/two.travel\\\/#breadcrumb\"},\"inLanguage\":\"es-CO\",\"potentialAction\":[{\"@type\":\"ReadAction\",\"target\":[\"https:\\\/\\\/two.travel\\\/avalon-two\\\/\"]}]},{\"@type\":\"ImageObject\",\"inLanguage\":\"es-CO\",\"@id\":\"https:\\\/\\\/two.travel\\\/avalon-two\\\/#primaryimage\",\"url\":\"https:\\\/\\\/two.travel\\\/wp-content\\\/uploads\\\/2025\\\/03\\\/Untitled-design.jpg\",\"contentUrl\":\"https:\\\/\\\/two.travel\\\/wp-content\\\/uploads\\\/2025\\\/03\\\/Untitled-design.jpg\",\"width\":960,\"height\":520},{\"@type\":\"BreadcrumbList\",\"@id\":\"https:\\\/\\\/two.travel\\\/avalon-two\\\/#breadcrumb\",\"itemListElement\":[{\"@type\":\"ListItem\",\"position\":1,\"name\":\"Home\",\"item\":\"https:\\\/\\\/two.travel\\\/\"},{\"@type\":\"ListItem\",\"position\":2,\"name\":\"Avalon Two\"}]},{\"@type\":\"WebSite\",\"@id\":\"https:\\\/\\\/two.travel\\\/#website\",\"url\":\"https:\\\/\\\/two.travel\\\/\",\"name\":\"Two Travel Concierge\",\"description\":\"Luxury Travel: Villas, Boats, Concierge, and Weddings in Colombia and Mexico\",\"publisher\":{\"@id\":\"https:\\\/\\\/two.travel\\\/#organization\"},\"alternateName\":\"Two Travel\",\"potentialAction\":[{\"@type\":\"SearchAction\",\"target\":{\"@type\":\"EntryPoint\",\"urlTemplate\":\"https:\\\/\\\/two.travel\\\/?s={search_term_string}\"},\"query-input\":{\"@type\":\"PropertyValueSpecification\",\"valueRequired\":true,\"valueName\":\"search_term_string\"}}],\"inLanguage\":\"es-CO\"},{\"@type\":\"Organization\",\"@id\":\"https:\\\/\\\/two.travel\\\/#organization\",\"name\":\"Two Travel Concierge\",\"alternateName\":\"Two Travel\",\"url\":\"https:\\\/\\\/two.travel\\\/\",\"logo\":{\"@type\":\"ImageObject\",\"inLanguage\":\"es-CO\",\"@id\":\"https:\\\/\\\/two.travel\\\/#\\\/schema\\\/logo\\\/image\\\/\",\"url\":\"https:\\\/\\\/two.travel\\\/wp-content\\\/uploads\\\/2025\\\/02\\\/cropped-Two-Travel-LOGO-300x179-1.png\",\"contentUrl\":\"https:\\\/\\\/two.travel\\\/wp-content\\\/uploads\\\/2025\\\/02\\\/cropped-Two-Travel-LOGO-300x179-1.png\",\"width\":300,\"height\":178,\"caption\":\"Two Travel Concierge\"},\"image\":{\"@id\":\"https:\\\/\\\/two.travel\\\/#\\\/schema\\\/logo\\\/image\\\/\"},\"sameAs\":[\"https:\\\/\\\/www.facebook.com\\\/twotravelconcierge\",\"https:\\\/\\\/www.instagram.com\\\/twotravelconcierge\\\/\",\"https:\\\/\\\/www.linkedin.com\\\/company\\\/two-travel\\\/\"],\"description\":\"Two Travel is a boutique travel concierge and Destination Management Company specializing in curated group experiences across Colombia and Mexico.\",\"email\":\"reservations@two.travel\",\"telephone\":\"+12126530000\",\"legalName\":\"Tino Destinations\",\"foundingDate\":\"2016-07-11\",\"numberOfEmployees\":{\"@type\":\"QuantitativeValue\",\"minValue\":\"51\",\"maxValue\":\"200\"}}]}<\/script>\n<!-- \/ Yoast SEO Premium plugin. -->","yoast_head_json":{"title":"Avalon Two - Alquiler Barco Cartagena - Two Travel Concierge","description":"Experimente lo mejor de Cartagena con nuestra lancha r\u00e1pida de 38 pies. Perfecto para hasta 16 personas. \u00a1Reserve su alquiler de barco Cartagena aventura hoy!","robots":{"index":"index","follow":"follow","max-snippet":"max-snippet:-1","max-image-preview":"max-image-preview:large","max-video-preview":"max-video-preview:-1"},"canonical":"https:\/\/two.travel\/es\/avalon-dos\/","og_locale":"es_ES","og_type":"article","og_title":"Avalon Two","og_description":"Experience the best of Cartagena with our 38-foot speedboat. Perfect for up to 16 guests. Book your boat rental Cartagena adventure today!","og_url":"https:\/\/two.travel\/es\/avalon-dos\/","og_site_name":"Two Travel Concierge","article_publisher":"https:\/\/www.facebook.com\/twotravelconcierge","article_modified_time":"2025-04-23T03:20:30+00:00","og_image":[{"width":960,"height":520,"url":"https:\/\/two.travel\/wp-content\/uploads\/2025\/03\/Untitled-design.jpg","type":"image\/jpeg"}],"twitter_card":"summary_large_image","twitter_misc":{"Tiempo de lectura":"1 minuto"},"schema":{"@context":"https:\/\/schema.org","@graph":[{"@type":"WebPage","@id":"https:\/\/two.travel\/avalon-two\/","url":"https:\/\/two.travel\/avalon-two\/","name":"Avalon Two - Alquiler Barco Cartagena - Two Travel Concierge","isPartOf":{"@id":"https:\/\/two.travel\/#website"},"primaryImageOfPage":{"@id":"https:\/\/two.travel\/avalon-two\/#primaryimage"},"image":{"@id":"https:\/\/two.travel\/avalon-two\/#primaryimage"},"thumbnailUrl":"https:\/\/two.travel\/wp-content\/uploads\/2025\/03\/Untitled-design.jpg","datePublished":"2025-03-25T18:57:02+00:00","dateModified":"2025-04-23T03:20:30+00:00","description":"Experimente lo mejor de Cartagena con nuestra lancha r\u00e1pida de 38 pies. Perfecto para hasta 16 personas. \u00a1Reserve su alquiler de barco Cartagena aventura hoy!","breadcrumb":{"@id":"https:\/\/two.travel\/#breadcrumb"},"inLanguage":"es-CO","potentialAction":[{"@type":"ReadAction","target":["https:\/\/two.travel\/avalon-two\/"]}]},{"@type":"ImageObject","inLanguage":"es-CO","@id":"https:\/\/two.travel\/avalon-two\/#primaryimage","url":"https:\/\/two.travel\/wp-content\/uploads\/2025\/03\/Untitled-design.jpg","contentUrl":"https:\/\/two.travel\/wp-content\/uploads\/2025\/03\/Untitled-design.jpg","width":960,"height":520},{"@type":"BreadcrumbList","@id":"https:\/\/two.travel\/avalon-two\/#breadcrumb","itemListElement":[{"@type":"ListItem","position":1,"name":"Home","item":"https:\/\/two.travel\/"},{"@type":"ListItem","position":2,"name":"Avalon Two"}]},{"@type":"WebSite","@id":"https:\/\/two.travel\/#website","url":"https:\/\/two.travel\/","name":"Dos conserjes de viajes","description":"Luxury Travel: Villas, Boats, Concierge, and Weddings in Colombia and Mexico","publisher":{"@id":"https:\/\/two.travel\/#organization"},"alternateName":"Two Travel","potentialAction":[{"@type":"SearchAction","target":{"@type":"EntryPoint","urlTemplate":"https:\/\/two.travel\/?s={search_term_string}"},"query-input":{"@type":"PropertyValueSpecification","valueRequired":true,"valueName":"search_term_string"}}],"inLanguage":"es-CO"},{"@type":"Organization","@id":"https:\/\/two.travel\/#organization","name":"Dos conserjes de viajes","alternateName":"Two Travel","url":"https:\/\/two.travel\/","logo":{"@type":"ImageObject","inLanguage":"es-CO","@id":"https:\/\/two.travel\/#\/schema\/logo\/image\/","url":"https:\/\/two.travel\/wp-content\/uploads\/2025\/02\/cropped-Two-Travel-LOGO-300x179-1.png","contentUrl":"https:\/\/two.travel\/wp-content\/uploads\/2025\/02\/cropped-Two-Travel-LOGO-300x179-1.png","width":300,"height":178,"caption":"Two Travel Concierge"},"image":{"@id":"https:\/\/two.travel\/#\/schema\/logo\/image\/"},"sameAs":["https:\/\/www.facebook.com\/twotravelconcierge","https:\/\/www.instagram.com\/twotravelconcierge\/","https:\/\/www.linkedin.com\/company\/two-travel\/"],"description":"Two Travel is a boutique travel concierge and Destination Management Company specializing in curated group experiences across Colombia and Mexico.","email":"reservations@two.travel","telephone":"+12126530000","legalName":"Tino Destinations","foundingDate":"2016-07-11","numberOfEmployees":{"@type":"QuantitativeValue","minValue":"51","maxValue":"200"}}]}},"_links":{"self":[{"href":"https:\/\/two.travel\/es\/wp-json\/wp\/v2\/pages\/2175731","targetHints":{"allow":["GET"]}}],"collection":[{"href":"https:\/\/two.travel\/es\/wp-json\/wp\/v2\/pages"}],"about":[{"href":"https:\/\/two.travel\/es\/wp-json\/wp\/v2\/types\/page"}],"author":[{"embeddable":true,"href":"https:\/\/two.travel\/es\/wp-json\/wp\/v2\/users\/3"}],"replies":[{"embeddable":true,"href":"https:\/\/two.travel\/es\/wp-json\/wp\/v2\/comments?post=2175731"}],"version-history":[{"count":2,"href":"https:\/\/two.travel\/es\/wp-json\/wp\/v2\/pages\/2175731\/revisions"}],"predecessor-version":[{"id":2175786,"href":"https:\/\/two.travel\/es\/wp-json\/wp\/v2\/pages\/2175731\/revisions\/2175786"}],"wp:featuredmedia":[{"embeddable":true,"href":"https:\/\/two.travel\/es\/wp-json\/wp\/v2\/media\/2175742"}],"wp:attachment":[{"href":"https:\/\/two.travel\/es\/wp-json\/wp\/v2\/media?parent=2175731"}],"curies":[{"name":"wp","href":"https:\/\/api.w.org\/{rel}","templated":true}]}}