{"id":2175565,"date":"2025-03-25T17:09:30","date_gmt":"2025-03-25T17:09:30","guid":{"rendered":"https:\/\/two.travel\/pruebas\/?page_id=2175565"},"modified":"2025-04-22T15:36:43","modified_gmt":"2025-04-22T15:36:43","slug":"venecia","status":"publish","type":"page","link":"https:\/\/two.travel\/es\/venecia\/","title":{"rendered":"Venecia"},"content":{"rendered":"<p>Este deportivo (y r\u00e1pido) yate de fabricaci\u00f3n italiana de 62 pies le har\u00e1 sentirse como una celebridad por un d\u00eda. Rel\u00e1jese en la cubierta delantera para tomar el sol, o baile en la parte trasera (\u00a1le conseguiremos un DJ estupendo!), antes de darse un chapuz\u00f3n en las preciosas y c\u00e1lidas aguas caribe\u00f1as de la costa de Cartagena. Este barco tambi\u00e9n tiene mucho espacio interior a la sombra, y 3 dormitorios por si necesitas echarte una siestecita.<\/p>\n\n\n\n<p>Podemos adaptar su viaje en funci\u00f3n del ambiente en barco que desee. Nuestra tripulaci\u00f3n profesional le llevar\u00e1 desde la bah\u00eda de Cartagena hasta la reserva natural y las aguas azules de las Islas del Rosario, y a lo largo de la costa de Bar\u00fa. Sea cual sea la ocasi\u00f3n, puede pasar el d\u00eda buceando en la costa o ir de fiesta a Chol\u00f3n.<\/p>","protected":false},"excerpt":{"rendered":"<p>This sporty (and fast) 62 foot Italian made yacht will make you feel like a celebrity for the day. Lounge on the front deck to catch some rays, or dance at the back (we\u2019ll get you a great DJ!), before taking a dip in the beautiful warm Caribbean waters off the coast of Cartagena. This [&hellip;]<\/p>\n","protected":false},"author":3,"featured_media":2175566,"parent":0,"menu_order":0,"comment_status":"closed","ping_status":"closed","template":"","meta":{"_acf_changed":false,"content-type":"","footnotes":""},"class_list":["post-2175565","page","type-page","status-publish","has-post-thumbnail","hentry"],"acf":[],"yoast_head":"<!-- This site is optimized with the Yoast SEO Premium plugin v27.3 (Yoast SEO v27.3) - https:\/\/yoast.com\/product\/yoast-seo-premium-wordpress\/ -->\n<title>Venecia | Boat Rental Cartagena | Two Travel<\/title>\n<meta name=\"description\" content=\"Experience luxury on a 62ft Italian yacht in Cartagena. Lounge on the front deck, dance at the back, and take a dip in the Caribbean waters.\" \/>\n<meta name=\"robots\" content=\"index, follow, max-snippet:-1, max-image-preview:large, max-video-preview:-1\" \/>\n<link rel=\"canonical\" href=\"https:\/\/two.travel\/es\/venecia\/\" \/>\n<meta property=\"og:locale\" content=\"es_ES\" \/>\n<meta property=\"og:type\" content=\"article\" \/>\n<meta property=\"og:title\" content=\"Venecia\" \/>\n<meta property=\"og:description\" content=\"Experience luxury on a 62ft Italian yacht in Cartagena. Lounge on the front deck, dance at the back, and take a dip in the Caribbean waters.\" \/>\n<meta property=\"og:url\" content=\"https:\/\/two.travel\/es\/venecia\/\" \/>\n<meta property=\"og:site_name\" content=\"Two Travel Concierge\" \/>\n<meta property=\"article:publisher\" content=\"https:\/\/www.facebook.com\/twotravelconcierge\" \/>\n<meta property=\"article:modified_time\" content=\"2025-04-22T15:36:43+00:00\" \/>\n<meta property=\"og:image\" content=\"https:\/\/two.travel\/wp-content\/uploads\/2025\/03\/Azimut-62s.0.jpg\" \/>\n\t<meta property=\"og:image:width\" content=\"1920\" \/>\n\t<meta property=\"og:image:height\" content=\"1080\" \/>\n\t<meta property=\"og:image:type\" content=\"image\/jpeg\" \/>\n<meta name=\"twitter:card\" content=\"summary_large_image\" \/>\n<meta name=\"twitter:label1\" content=\"Tiempo de lectura\" \/>\n\t<meta name=\"twitter:data1\" content=\"1 minuto\" \/>\n<script type=\"application\/ld+json\" class=\"yoast-schema-graph\">{\"@context\":\"https:\\\/\\\/schema.org\",\"@graph\":[{\"@type\":\"WebPage\",\"@id\":\"https:\\\/\\\/two.travel\\\/venecia\\\/\",\"url\":\"https:\\\/\\\/two.travel\\\/venecia\\\/\",\"name\":\"Venecia | Boat Rental Cartagena | Two Travel\",\"isPartOf\":{\"@id\":\"https:\\\/\\\/two.travel\\\/#website\"},\"primaryImageOfPage\":{\"@id\":\"https:\\\/\\\/two.travel\\\/venecia\\\/#primaryimage\"},\"image\":{\"@id\":\"https:\\\/\\\/two.travel\\\/venecia\\\/#primaryimage\"},\"thumbnailUrl\":\"https:\\\/\\\/two.travel\\\/wp-content\\\/uploads\\\/2025\\\/03\\\/Azimut-62s.0.jpg\",\"datePublished\":\"2025-03-25T17:09:30+00:00\",\"dateModified\":\"2025-04-22T15:36:43+00:00\",\"description\":\"Experience luxury on a 62ft Italian yacht in Cartagena. Lounge on the front deck, dance at the back, and take a dip in the Caribbean waters.\",\"breadcrumb\":{\"@id\":\"https:\\\/\\\/two.travel\\\/#breadcrumb\"},\"inLanguage\":\"es-CO\",\"potentialAction\":[{\"@type\":\"ReadAction\",\"target\":[\"https:\\\/\\\/two.travel\\\/venecia\\\/\"]}]},{\"@type\":\"ImageObject\",\"inLanguage\":\"es-CO\",\"@id\":\"https:\\\/\\\/two.travel\\\/venecia\\\/#primaryimage\",\"url\":\"https:\\\/\\\/two.travel\\\/wp-content\\\/uploads\\\/2025\\\/03\\\/Azimut-62s.0.jpg\",\"contentUrl\":\"https:\\\/\\\/two.travel\\\/wp-content\\\/uploads\\\/2025\\\/03\\\/Azimut-62s.0.jpg\",\"width\":1920,\"height\":1080},{\"@type\":\"BreadcrumbList\",\"@id\":\"https:\\\/\\\/two.travel\\\/venecia\\\/#breadcrumb\",\"itemListElement\":[{\"@type\":\"ListItem\",\"position\":1,\"name\":\"Home\",\"item\":\"https:\\\/\\\/two.travel\\\/\"},{\"@type\":\"ListItem\",\"position\":2,\"name\":\"Venecia\"}]},{\"@type\":\"WebSite\",\"@id\":\"https:\\\/\\\/two.travel\\\/#website\",\"url\":\"https:\\\/\\\/two.travel\\\/\",\"name\":\"Two Travel Concierge\",\"description\":\"Luxury Travel: Villas, Boats, Concierge, and Weddings in Colombia and Mexico\",\"publisher\":{\"@id\":\"https:\\\/\\\/two.travel\\\/#organization\"},\"alternateName\":\"Two Travel\",\"potentialAction\":[{\"@type\":\"SearchAction\",\"target\":{\"@type\":\"EntryPoint\",\"urlTemplate\":\"https:\\\/\\\/two.travel\\\/?s={search_term_string}\"},\"query-input\":{\"@type\":\"PropertyValueSpecification\",\"valueRequired\":true,\"valueName\":\"search_term_string\"}}],\"inLanguage\":\"es-CO\"},{\"@type\":\"Organization\",\"@id\":\"https:\\\/\\\/two.travel\\\/#organization\",\"name\":\"Two Travel Concierge\",\"alternateName\":\"Two Travel\",\"url\":\"https:\\\/\\\/two.travel\\\/\",\"logo\":{\"@type\":\"ImageObject\",\"inLanguage\":\"es-CO\",\"@id\":\"https:\\\/\\\/two.travel\\\/#\\\/schema\\\/logo\\\/image\\\/\",\"url\":\"https:\\\/\\\/two.travel\\\/wp-content\\\/uploads\\\/2025\\\/02\\\/cropped-Two-Travel-LOGO-300x179-1.png\",\"contentUrl\":\"https:\\\/\\\/two.travel\\\/wp-content\\\/uploads\\\/2025\\\/02\\\/cropped-Two-Travel-LOGO-300x179-1.png\",\"width\":300,\"height\":178,\"caption\":\"Two Travel Concierge\"},\"image\":{\"@id\":\"https:\\\/\\\/two.travel\\\/#\\\/schema\\\/logo\\\/image\\\/\"},\"sameAs\":[\"https:\\\/\\\/www.facebook.com\\\/twotravelconcierge\",\"https:\\\/\\\/www.instagram.com\\\/twotravelconcierge\\\/\",\"https:\\\/\\\/www.linkedin.com\\\/company\\\/two-travel\\\/\"],\"description\":\"Two Travel is a boutique travel concierge and Destination Management Company specializing in curated group experiences across Colombia and Mexico.\",\"email\":\"reservations@two.travel\",\"telephone\":\"+12126530000\",\"legalName\":\"Tino Destinations\",\"foundingDate\":\"2016-07-11\",\"numberOfEmployees\":{\"@type\":\"QuantitativeValue\",\"minValue\":\"51\",\"maxValue\":\"200\"}}]}<\/script>\n<!-- \/ Yoast SEO Premium plugin. -->","yoast_head_json":{"title":"Venecia | Alquiler Barcos Cartagena | Two Travel","description":"Experimente el lujo en un yate italiano de 62 pies en Cartagena. Rel\u00e1jese en la cubierta delantera, baile en la trasera y dese un chapuz\u00f3n en las aguas del Caribe.","robots":{"index":"index","follow":"follow","max-snippet":"max-snippet:-1","max-image-preview":"max-image-preview:large","max-video-preview":"max-video-preview:-1"},"canonical":"https:\/\/two.travel\/es\/venecia\/","og_locale":"es_ES","og_type":"article","og_title":"Venecia","og_description":"Experience luxury on a 62ft Italian yacht in Cartagena. Lounge on the front deck, dance at the back, and take a dip in the Caribbean waters.","og_url":"https:\/\/two.travel\/es\/venecia\/","og_site_name":"Two Travel Concierge","article_publisher":"https:\/\/www.facebook.com\/twotravelconcierge","article_modified_time":"2025-04-22T15:36:43+00:00","og_image":[{"width":1920,"height":1080,"url":"https:\/\/two.travel\/wp-content\/uploads\/2025\/03\/Azimut-62s.0.jpg","type":"image\/jpeg"}],"twitter_card":"summary_large_image","twitter_misc":{"Tiempo de lectura":"1 minuto"},"schema":{"@context":"https:\/\/schema.org","@graph":[{"@type":"WebPage","@id":"https:\/\/two.travel\/venecia\/","url":"https:\/\/two.travel\/venecia\/","name":"Venecia | Alquiler Barcos Cartagena | Two Travel","isPartOf":{"@id":"https:\/\/two.travel\/#website"},"primaryImageOfPage":{"@id":"https:\/\/two.travel\/venecia\/#primaryimage"},"image":{"@id":"https:\/\/two.travel\/venecia\/#primaryimage"},"thumbnailUrl":"https:\/\/two.travel\/wp-content\/uploads\/2025\/03\/Azimut-62s.0.jpg","datePublished":"2025-03-25T17:09:30+00:00","dateModified":"2025-04-22T15:36:43+00:00","description":"Experimente el lujo en un yate italiano de 62 pies en Cartagena. Rel\u00e1jese en la cubierta delantera, baile en la trasera y dese un chapuz\u00f3n en las aguas del Caribe.","breadcrumb":{"@id":"https:\/\/two.travel\/#breadcrumb"},"inLanguage":"es-CO","potentialAction":[{"@type":"ReadAction","target":["https:\/\/two.travel\/venecia\/"]}]},{"@type":"ImageObject","inLanguage":"es-CO","@id":"https:\/\/two.travel\/venecia\/#primaryimage","url":"https:\/\/two.travel\/wp-content\/uploads\/2025\/03\/Azimut-62s.0.jpg","contentUrl":"https:\/\/two.travel\/wp-content\/uploads\/2025\/03\/Azimut-62s.0.jpg","width":1920,"height":1080},{"@type":"BreadcrumbList","@id":"https:\/\/two.travel\/venecia\/#breadcrumb","itemListElement":[{"@type":"ListItem","position":1,"name":"Home","item":"https:\/\/two.travel\/"},{"@type":"ListItem","position":2,"name":"Venecia"}]},{"@type":"WebSite","@id":"https:\/\/two.travel\/#website","url":"https:\/\/two.travel\/","name":"Dos conserjes de viajes","description":"Luxury Travel: Villas, Boats, Concierge, and Weddings in Colombia and Mexico","publisher":{"@id":"https:\/\/two.travel\/#organization"},"alternateName":"Two Travel","potentialAction":[{"@type":"SearchAction","target":{"@type":"EntryPoint","urlTemplate":"https:\/\/two.travel\/?s={search_term_string}"},"query-input":{"@type":"PropertyValueSpecification","valueRequired":true,"valueName":"search_term_string"}}],"inLanguage":"es-CO"},{"@type":"Organization","@id":"https:\/\/two.travel\/#organization","name":"Dos conserjes de viajes","alternateName":"Two Travel","url":"https:\/\/two.travel\/","logo":{"@type":"ImageObject","inLanguage":"es-CO","@id":"https:\/\/two.travel\/#\/schema\/logo\/image\/","url":"https:\/\/two.travel\/wp-content\/uploads\/2025\/02\/cropped-Two-Travel-LOGO-300x179-1.png","contentUrl":"https:\/\/two.travel\/wp-content\/uploads\/2025\/02\/cropped-Two-Travel-LOGO-300x179-1.png","width":300,"height":178,"caption":"Two Travel Concierge"},"image":{"@id":"https:\/\/two.travel\/#\/schema\/logo\/image\/"},"sameAs":["https:\/\/www.facebook.com\/twotravelconcierge","https:\/\/www.instagram.com\/twotravelconcierge\/","https:\/\/www.linkedin.com\/company\/two-travel\/"],"description":"Two Travel is a boutique travel concierge and Destination Management Company specializing in curated group experiences across Colombia and Mexico.","email":"reservations@two.travel","telephone":"+12126530000","legalName":"Tino Destinations","foundingDate":"2016-07-11","numberOfEmployees":{"@type":"QuantitativeValue","minValue":"51","maxValue":"200"}}]}},"_links":{"self":[{"href":"https:\/\/two.travel\/es\/wp-json\/wp\/v2\/pages\/2175565","targetHints":{"allow":["GET"]}}],"collection":[{"href":"https:\/\/two.travel\/es\/wp-json\/wp\/v2\/pages"}],"about":[{"href":"https:\/\/two.travel\/es\/wp-json\/wp\/v2\/types\/page"}],"author":[{"embeddable":true,"href":"https:\/\/two.travel\/es\/wp-json\/wp\/v2\/users\/3"}],"replies":[{"embeddable":true,"href":"https:\/\/two.travel\/es\/wp-json\/wp\/v2\/comments?post=2175565"}],"version-history":[{"count":2,"href":"https:\/\/two.travel\/es\/wp-json\/wp\/v2\/pages\/2175565\/revisions"}],"predecessor-version":[{"id":2175823,"href":"https:\/\/two.travel\/es\/wp-json\/wp\/v2\/pages\/2175565\/revisions\/2175823"}],"wp:featuredmedia":[{"embeddable":true,"href":"https:\/\/two.travel\/es\/wp-json\/wp\/v2\/media\/2175566"}],"wp:attachment":[{"href":"https:\/\/two.travel\/es\/wp-json\/wp\/v2\/media?parent=2175565"}],"curies":[{"name":"wp","href":"https:\/\/api.w.org\/{rel}","templated":true}]}}