{"id":2175537,"date":"2025-03-25T16:53:45","date_gmt":"2025-03-25T16:53:45","guid":{"rendered":"https:\/\/two.travel\/pruebas\/?page_id=2175537"},"modified":"2025-04-22T15:40:01","modified_gmt":"2025-04-22T15:40:01","slug":"todomar-cartagena","status":"publish","type":"page","link":"https:\/\/two.travel\/es\/todomar-cartagena\/","title":{"rendered":"Todomar"},"content":{"rendered":"<p>Todomar es una de nuestras mejores lanchas r\u00e1pidas de lujo. Si\u00e9ntase como un rey con este flamante barco de 38 pies (modelo 2023), perfecto para grupos de hasta 15 personas. Le encantar\u00e1n los sol\u00e1riums y los asientos en la parte delantera, mientras navega por el Caribe hacia las Islas del Rosario para pasar el d\u00eda. Esta lancha r\u00e1pida de lujo es perfecta para explorar las Islas del Rosario mientras disfruta de unas copas durante el viaje. Imag\u00ednese pas\u00e1ndoselo en grande con su tripulaci\u00f3n mientras contempla las islas m\u00e1s bellas del Mar Caribe.<br><\/p>","protected":false},"excerpt":{"rendered":"<p>Todomar is one of our best luxury speedboats. Feel like a king with this brand new 38-foot boat (2023 model) \u2013 perfect for groups of up to 15 people. You\u2019ll love the sundecks and seating at the front, as you race through the Caribbean to the Rosario Islands for the day. This luxury speedboat is [&hellip;]<\/p>\n","protected":false},"author":3,"featured_media":2175542,"parent":0,"menu_order":0,"comment_status":"closed","ping_status":"closed","template":"","meta":{"_acf_changed":false,"content-type":"","footnotes":""},"class_list":["post-2175537","page","type-page","status-publish","has-post-thumbnail","hentry"],"acf":[],"yoast_head":"<!-- This site is optimized with the Yoast SEO Premium plugin v27.3 (Yoast SEO v27.3) - https:\/\/yoast.com\/product\/yoast-seo-premium-wordpress\/ -->\n<title>Todomar | Speedboat | Cartagena<\/title>\n<meta name=\"description\" content=\"Experience luxury with Todomar! 35ft speedboat for up to 15 people. Sundecks, seating &amp; Rosario Islands adventure. Book it now!\" \/>\n<meta name=\"robots\" content=\"index, follow, max-snippet:-1, max-image-preview:large, max-video-preview:-1\" \/>\n<link rel=\"canonical\" href=\"https:\/\/two.travel\/es\/todomar-cartagena\/\" \/>\n<meta property=\"og:locale\" content=\"es_ES\" \/>\n<meta property=\"og:type\" content=\"article\" \/>\n<meta property=\"og:title\" content=\"Todomar\" \/>\n<meta property=\"og:description\" content=\"Experience luxury with Todomar! 35ft speedboat for up to 15 people. Sundecks, seating &amp; Rosario Islands adventure. Book it now!\" \/>\n<meta property=\"og:url\" content=\"https:\/\/two.travel\/es\/todomar-cartagena\/\" \/>\n<meta property=\"og:site_name\" content=\"Two Travel Concierge\" \/>\n<meta property=\"article:publisher\" content=\"https:\/\/www.facebook.com\/twotravelconcierge\" \/>\n<meta property=\"article:modified_time\" content=\"2025-04-22T15:40:01+00:00\" \/>\n<meta property=\"og:image\" content=\"https:\/\/two.travel\/wp-content\/uploads\/2025\/03\/WhatsApp-Image-2023-03-26-at-3.57.53-PM-5-e1742921596129.jpeg\" \/>\n\t<meta property=\"og:image:width\" content=\"1200\" \/>\n\t<meta property=\"og:image:height\" content=\"867\" \/>\n\t<meta property=\"og:image:type\" content=\"image\/jpeg\" \/>\n<meta name=\"twitter:card\" content=\"summary_large_image\" \/>\n<meta name=\"twitter:label1\" content=\"Tiempo de lectura\" \/>\n\t<meta name=\"twitter:data1\" content=\"1 minuto\" \/>\n<script type=\"application\/ld+json\" class=\"yoast-schema-graph\">{\"@context\":\"https:\\\/\\\/schema.org\",\"@graph\":[{\"@type\":\"WebPage\",\"@id\":\"https:\\\/\\\/two.travel\\\/todomar-cartagena\\\/\",\"url\":\"https:\\\/\\\/two.travel\\\/todomar-cartagena\\\/\",\"name\":\"Todomar | Speedboat | Cartagena\",\"isPartOf\":{\"@id\":\"https:\\\/\\\/two.travel\\\/#website\"},\"primaryImageOfPage\":{\"@id\":\"https:\\\/\\\/two.travel\\\/todomar-cartagena\\\/#primaryimage\"},\"image\":{\"@id\":\"https:\\\/\\\/two.travel\\\/todomar-cartagena\\\/#primaryimage\"},\"thumbnailUrl\":\"https:\\\/\\\/two.travel\\\/wp-content\\\/uploads\\\/2025\\\/03\\\/WhatsApp-Image-2023-03-26-at-3.57.53-PM-5-e1742921596129.jpeg\",\"datePublished\":\"2025-03-25T16:53:45+00:00\",\"dateModified\":\"2025-04-22T15:40:01+00:00\",\"description\":\"Experience luxury with Todomar! 35ft speedboat for up to 15 people. Sundecks, seating & Rosario Islands adventure. Book it now!\",\"breadcrumb\":{\"@id\":\"https:\\\/\\\/two.travel\\\/#breadcrumb\"},\"inLanguage\":\"es-CO\",\"potentialAction\":[{\"@type\":\"ReadAction\",\"target\":[\"https:\\\/\\\/two.travel\\\/todomar-cartagena\\\/\"]}]},{\"@type\":\"ImageObject\",\"inLanguage\":\"es-CO\",\"@id\":\"https:\\\/\\\/two.travel\\\/todomar-cartagena\\\/#primaryimage\",\"url\":\"https:\\\/\\\/two.travel\\\/wp-content\\\/uploads\\\/2025\\\/03\\\/WhatsApp-Image-2023-03-26-at-3.57.53-PM-5-e1742921596129.jpeg\",\"contentUrl\":\"https:\\\/\\\/two.travel\\\/wp-content\\\/uploads\\\/2025\\\/03\\\/WhatsApp-Image-2023-03-26-at-3.57.53-PM-5-e1742921596129.jpeg\",\"width\":1200,\"height\":867},{\"@type\":\"BreadcrumbList\",\"@id\":\"https:\\\/\\\/two.travel\\\/todomar-cartagena\\\/#breadcrumb\",\"itemListElement\":[{\"@type\":\"ListItem\",\"position\":1,\"name\":\"Home\",\"item\":\"https:\\\/\\\/two.travel\\\/\"},{\"@type\":\"ListItem\",\"position\":2,\"name\":\"Todomar\"}]},{\"@type\":\"WebSite\",\"@id\":\"https:\\\/\\\/two.travel\\\/#website\",\"url\":\"https:\\\/\\\/two.travel\\\/\",\"name\":\"Two Travel Concierge\",\"description\":\"Luxury Travel: Villas, Boats, Concierge, and Weddings in Colombia and Mexico\",\"publisher\":{\"@id\":\"https:\\\/\\\/two.travel\\\/#organization\"},\"alternateName\":\"Two Travel\",\"potentialAction\":[{\"@type\":\"SearchAction\",\"target\":{\"@type\":\"EntryPoint\",\"urlTemplate\":\"https:\\\/\\\/two.travel\\\/?s={search_term_string}\"},\"query-input\":{\"@type\":\"PropertyValueSpecification\",\"valueRequired\":true,\"valueName\":\"search_term_string\"}}],\"inLanguage\":\"es-CO\"},{\"@type\":\"Organization\",\"@id\":\"https:\\\/\\\/two.travel\\\/#organization\",\"name\":\"Two Travel Concierge\",\"alternateName\":\"Two Travel\",\"url\":\"https:\\\/\\\/two.travel\\\/\",\"logo\":{\"@type\":\"ImageObject\",\"inLanguage\":\"es-CO\",\"@id\":\"https:\\\/\\\/two.travel\\\/#\\\/schema\\\/logo\\\/image\\\/\",\"url\":\"https:\\\/\\\/two.travel\\\/wp-content\\\/uploads\\\/2025\\\/02\\\/cropped-Two-Travel-LOGO-300x179-1.png\",\"contentUrl\":\"https:\\\/\\\/two.travel\\\/wp-content\\\/uploads\\\/2025\\\/02\\\/cropped-Two-Travel-LOGO-300x179-1.png\",\"width\":300,\"height\":178,\"caption\":\"Two Travel Concierge\"},\"image\":{\"@id\":\"https:\\\/\\\/two.travel\\\/#\\\/schema\\\/logo\\\/image\\\/\"},\"sameAs\":[\"https:\\\/\\\/www.facebook.com\\\/twotravelconcierge\",\"https:\\\/\\\/www.instagram.com\\\/twotravelconcierge\\\/\",\"https:\\\/\\\/www.linkedin.com\\\/company\\\/two-travel\\\/\"],\"description\":\"Two Travel is a boutique travel concierge and Destination Management Company specializing in curated group experiences across Colombia and Mexico.\",\"email\":\"reservations@two.travel\",\"telephone\":\"+12126530000\",\"legalName\":\"Tino Destinations\",\"foundingDate\":\"2016-07-11\",\"numberOfEmployees\":{\"@type\":\"QuantitativeValue\",\"minValue\":\"51\",\"maxValue\":\"200\"}}]}<\/script>\n<!-- \/ Yoast SEO Premium plugin. -->","yoast_head_json":{"title":"Todomar | Lancha R\u00e1pida | Cartagena","description":"\u00a1Viva el lujo con Todomar! Lancha r\u00e1pida de 35 pies para hasta 15 personas. Terrazas, asientos y aventura en las Islas del Rosario. \u00a1Reserve ahora!","robots":{"index":"index","follow":"follow","max-snippet":"max-snippet:-1","max-image-preview":"max-image-preview:large","max-video-preview":"max-video-preview:-1"},"canonical":"https:\/\/two.travel\/es\/todomar-cartagena\/","og_locale":"es_ES","og_type":"article","og_title":"Todomar","og_description":"Experience luxury with Todomar! 35ft speedboat for up to 15 people. Sundecks, seating & Rosario Islands adventure. Book it now!","og_url":"https:\/\/two.travel\/es\/todomar-cartagena\/","og_site_name":"Two Travel Concierge","article_publisher":"https:\/\/www.facebook.com\/twotravelconcierge","article_modified_time":"2025-04-22T15:40:01+00:00","og_image":[{"width":1200,"height":867,"url":"https:\/\/two.travel\/wp-content\/uploads\/2025\/03\/WhatsApp-Image-2023-03-26-at-3.57.53-PM-5-e1742921596129.jpeg","type":"image\/jpeg"}],"twitter_card":"summary_large_image","twitter_misc":{"Tiempo de lectura":"1 minuto"},"schema":{"@context":"https:\/\/schema.org","@graph":[{"@type":"WebPage","@id":"https:\/\/two.travel\/todomar-cartagena\/","url":"https:\/\/two.travel\/todomar-cartagena\/","name":"Todomar | Lancha R\u00e1pida | Cartagena","isPartOf":{"@id":"https:\/\/two.travel\/#website"},"primaryImageOfPage":{"@id":"https:\/\/two.travel\/todomar-cartagena\/#primaryimage"},"image":{"@id":"https:\/\/two.travel\/todomar-cartagena\/#primaryimage"},"thumbnailUrl":"https:\/\/two.travel\/wp-content\/uploads\/2025\/03\/WhatsApp-Image-2023-03-26-at-3.57.53-PM-5-e1742921596129.jpeg","datePublished":"2025-03-25T16:53:45+00:00","dateModified":"2025-04-22T15:40:01+00:00","description":"\u00a1Viva el lujo con Todomar! Lancha r\u00e1pida de 35 pies para hasta 15 personas. Terrazas, asientos y aventura en las Islas del Rosario. \u00a1Reserve ahora!","breadcrumb":{"@id":"https:\/\/two.travel\/#breadcrumb"},"inLanguage":"es-CO","potentialAction":[{"@type":"ReadAction","target":["https:\/\/two.travel\/todomar-cartagena\/"]}]},{"@type":"ImageObject","inLanguage":"es-CO","@id":"https:\/\/two.travel\/todomar-cartagena\/#primaryimage","url":"https:\/\/two.travel\/wp-content\/uploads\/2025\/03\/WhatsApp-Image-2023-03-26-at-3.57.53-PM-5-e1742921596129.jpeg","contentUrl":"https:\/\/two.travel\/wp-content\/uploads\/2025\/03\/WhatsApp-Image-2023-03-26-at-3.57.53-PM-5-e1742921596129.jpeg","width":1200,"height":867},{"@type":"BreadcrumbList","@id":"https:\/\/two.travel\/todomar-cartagena\/#breadcrumb","itemListElement":[{"@type":"ListItem","position":1,"name":"Home","item":"https:\/\/two.travel\/"},{"@type":"ListItem","position":2,"name":"Todomar"}]},{"@type":"WebSite","@id":"https:\/\/two.travel\/#website","url":"https:\/\/two.travel\/","name":"Dos conserjes de viajes","description":"Luxury Travel: Villas, Boats, Concierge, and Weddings in Colombia and Mexico","publisher":{"@id":"https:\/\/two.travel\/#organization"},"alternateName":"Two Travel","potentialAction":[{"@type":"SearchAction","target":{"@type":"EntryPoint","urlTemplate":"https:\/\/two.travel\/?s={search_term_string}"},"query-input":{"@type":"PropertyValueSpecification","valueRequired":true,"valueName":"search_term_string"}}],"inLanguage":"es-CO"},{"@type":"Organization","@id":"https:\/\/two.travel\/#organization","name":"Dos conserjes de viajes","alternateName":"Two Travel","url":"https:\/\/two.travel\/","logo":{"@type":"ImageObject","inLanguage":"es-CO","@id":"https:\/\/two.travel\/#\/schema\/logo\/image\/","url":"https:\/\/two.travel\/wp-content\/uploads\/2025\/02\/cropped-Two-Travel-LOGO-300x179-1.png","contentUrl":"https:\/\/two.travel\/wp-content\/uploads\/2025\/02\/cropped-Two-Travel-LOGO-300x179-1.png","width":300,"height":178,"caption":"Two Travel Concierge"},"image":{"@id":"https:\/\/two.travel\/#\/schema\/logo\/image\/"},"sameAs":["https:\/\/www.facebook.com\/twotravelconcierge","https:\/\/www.instagram.com\/twotravelconcierge\/","https:\/\/www.linkedin.com\/company\/two-travel\/"],"description":"Two Travel is a boutique travel concierge and Destination Management Company specializing in curated group experiences across Colombia and Mexico.","email":"reservations@two.travel","telephone":"+12126530000","legalName":"Tino Destinations","foundingDate":"2016-07-11","numberOfEmployees":{"@type":"QuantitativeValue","minValue":"51","maxValue":"200"}}]}},"_links":{"self":[{"href":"https:\/\/two.travel\/es\/wp-json\/wp\/v2\/pages\/2175537","targetHints":{"allow":["GET"]}}],"collection":[{"href":"https:\/\/two.travel\/es\/wp-json\/wp\/v2\/pages"}],"about":[{"href":"https:\/\/two.travel\/es\/wp-json\/wp\/v2\/types\/page"}],"author":[{"embeddable":true,"href":"https:\/\/two.travel\/es\/wp-json\/wp\/v2\/users\/3"}],"replies":[{"embeddable":true,"href":"https:\/\/two.travel\/es\/wp-json\/wp\/v2\/comments?post=2175537"}],"version-history":[{"count":3,"href":"https:\/\/two.travel\/es\/wp-json\/wp\/v2\/pages\/2175537\/revisions"}],"predecessor-version":[{"id":2175822,"href":"https:\/\/two.travel\/es\/wp-json\/wp\/v2\/pages\/2175537\/revisions\/2175822"}],"wp:featuredmedia":[{"embeddable":true,"href":"https:\/\/two.travel\/es\/wp-json\/wp\/v2\/media\/2175542"}],"wp:attachment":[{"href":"https:\/\/two.travel\/es\/wp-json\/wp\/v2\/media?parent=2175537"}],"curies":[{"name":"wp","href":"https:\/\/api.w.org\/{rel}","templated":true}]}}