{"id":2175366,"date":"2025-03-20T22:31:02","date_gmt":"2025-03-20T22:31:02","guid":{"rendered":"https:\/\/two.travel\/pruebas\/?page_id=2175366"},"modified":"2025-04-23T03:58:47","modified_gmt":"2025-04-23T03:58:47","slug":"hacienda-caracol-tulum","status":"publish","type":"page","link":"https:\/\/two.travel\/es\/hacienda-caracol-tulum\/","title":{"rendered":"Casa Hacienda Caracol"},"content":{"rendered":"<p>Esta casa es una villa de 10 dormitorios y 11 ba\u00f1os, con 8 dormitorios en la villa principal, incluida una suite en la azotea, y otra casa de invitados con 2 dormitorios. Las villas gozan de maravillosas vistas a la playa y a la selva y presentan una arquitectura que combina el dise\u00f1o espa\u00f1ol y mexicano, con techos altos, suelos de m\u00e1rmol y un rico mobiliario hecho a mano. Todas las habitaciones tienen un lujoso ba\u00f1o privado de m\u00e1rmol.<\/p>\n\n\n\n<p>Con capacidad para 24 hu\u00e9spedes a la vez, Hacienda Caracol es el refugio perfecto cerca de Tulum, tanto si se encuentra en la Riviera Maya para unas vacaciones en familia, una escapada en grupo, un retiro de yoga o la boda de sus sue\u00f1os. Disfrute de un d\u00eda en la playa, o descansar en la piscina, antes de un c\u00f3ctel por la noche en la terraza de la azotea.<\/p>","protected":false},"excerpt":{"rendered":"<p>This home is a 10-bedroom, 11-bathroom villa, with 8 bedrooms in the main villa, including a rooftop suite, and a further guesthouse with 2 bedrooms. The villas have wonderful beach and jungle views and features architecture that combines Spanish and Mexican design, with high ceilings, marble floors, and rich handcrafted furnishings. Each room has a [&hellip;]<\/p>\n","protected":false},"author":3,"featured_media":2175379,"parent":0,"menu_order":0,"comment_status":"closed","ping_status":"closed","template":"","meta":{"_acf_changed":false,"content-type":"","footnotes":""},"class_list":["post-2175366","page","type-page","status-publish","has-post-thumbnail","hentry"],"acf":[],"yoast_head":"<!-- This site is optimized with the Yoast SEO Premium plugin v27.3 (Yoast SEO v27.3) - https:\/\/yoast.com\/product\/yoast-seo-premium-wordpress\/ -->\n<title>Casa Hacienda Caracol - Tulum<\/title>\n<meta name=\"description\" content=\"This beautiful, luxurious and modern home can be the ideal complement to your vacation. Ocean view, king beds and a large pool. Contact us!\" \/>\n<meta name=\"robots\" content=\"index, follow, max-snippet:-1, max-image-preview:large, max-video-preview:-1\" \/>\n<link rel=\"canonical\" href=\"https:\/\/two.travel\/es\/hacienda-caracol-tulum\/\" \/>\n<meta property=\"og:locale\" content=\"es_ES\" \/>\n<meta property=\"og:type\" content=\"article\" \/>\n<meta property=\"og:title\" content=\"Casa Hacienda Caracol\" \/>\n<meta property=\"og:description\" content=\"This beautiful, luxurious and modern home can be the ideal complement to your vacation. Ocean view, king beds and a large pool. Contact us!\" \/>\n<meta property=\"og:url\" content=\"https:\/\/two.travel\/es\/hacienda-caracol-tulum\/\" \/>\n<meta property=\"og:site_name\" content=\"Two Travel Concierge\" \/>\n<meta property=\"article:publisher\" content=\"https:\/\/www.facebook.com\/twotravelconcierge\" \/>\n<meta property=\"article:modified_time\" content=\"2025-04-23T03:58:47+00:00\" \/>\n<meta property=\"og:image\" content=\"https:\/\/two.travel\/wp-content\/uploads\/2025\/03\/DJI_0477.jpg\" \/>\n\t<meta property=\"og:image:width\" content=\"1621\" \/>\n\t<meta property=\"og:image:height\" content=\"1080\" \/>\n\t<meta property=\"og:image:type\" content=\"image\/jpeg\" \/>\n<meta name=\"twitter:card\" content=\"summary_large_image\" \/>\n<meta name=\"twitter:label1\" content=\"Tiempo de lectura\" \/>\n\t<meta name=\"twitter:data1\" content=\"1 minuto\" \/>\n<script type=\"application\/ld+json\" class=\"yoast-schema-graph\">{\"@context\":\"https:\\\/\\\/schema.org\",\"@graph\":[{\"@type\":\"WebPage\",\"@id\":\"https:\\\/\\\/two.travel\\\/es\\\/hacienda-caracol-tulum\\\/\",\"url\":\"https:\\\/\\\/two.travel\\\/es\\\/hacienda-caracol-tulum\\\/\",\"name\":\"Casa Hacienda Caracol - Tulum\",\"isPartOf\":{\"@id\":\"https:\\\/\\\/two.travel\\\/#website\"},\"primaryImageOfPage\":{\"@id\":\"https:\\\/\\\/two.travel\\\/es\\\/hacienda-caracol-tulum\\\/#primaryimage\"},\"image\":{\"@id\":\"https:\\\/\\\/two.travel\\\/es\\\/hacienda-caracol-tulum\\\/#primaryimage\"},\"thumbnailUrl\":\"https:\\\/\\\/two.travel\\\/wp-content\\\/uploads\\\/2025\\\/03\\\/DJI_0477.jpg\",\"datePublished\":\"2025-03-20T22:31:02+00:00\",\"dateModified\":\"2025-04-23T03:58:47+00:00\",\"description\":\"This beautiful, luxurious and modern home can be the ideal complement to your vacation. Ocean view, king beds and a large pool. Contact us!\",\"breadcrumb\":{\"@id\":\"https:\\\/\\\/two.travel\\\/#breadcrumb\"},\"inLanguage\":\"es-CO\",\"potentialAction\":[{\"@type\":\"ReadAction\",\"target\":[\"https:\\\/\\\/two.travel\\\/es\\\/hacienda-caracol-tulum\\\/\"]}]},{\"@type\":\"ImageObject\",\"inLanguage\":\"es-CO\",\"@id\":\"https:\\\/\\\/two.travel\\\/es\\\/hacienda-caracol-tulum\\\/#primaryimage\",\"url\":\"https:\\\/\\\/two.travel\\\/wp-content\\\/uploads\\\/2025\\\/03\\\/DJI_0477.jpg\",\"contentUrl\":\"https:\\\/\\\/two.travel\\\/wp-content\\\/uploads\\\/2025\\\/03\\\/DJI_0477.jpg\",\"width\":1621,\"height\":1080},{\"@type\":\"BreadcrumbList\",\"@id\":\"https:\\\/\\\/two.travel\\\/es\\\/hacienda-caracol-tulum\\\/#breadcrumb\",\"itemListElement\":[{\"@type\":\"ListItem\",\"position\":1,\"name\":\"Home\",\"item\":\"https:\\\/\\\/two.travel\\\/\"},{\"@type\":\"ListItem\",\"position\":2,\"name\":\"Casa Hacienda Caracol\"}]},{\"@type\":\"WebSite\",\"@id\":\"https:\\\/\\\/two.travel\\\/#website\",\"url\":\"https:\\\/\\\/two.travel\\\/\",\"name\":\"Two Travel Concierge\",\"description\":\"Luxury Travel: Villas, Boats, Concierge, and Weddings in Colombia and Mexico\",\"publisher\":{\"@id\":\"https:\\\/\\\/two.travel\\\/#organization\"},\"alternateName\":\"Two Travel\",\"potentialAction\":[{\"@type\":\"SearchAction\",\"target\":{\"@type\":\"EntryPoint\",\"urlTemplate\":\"https:\\\/\\\/two.travel\\\/?s={search_term_string}\"},\"query-input\":{\"@type\":\"PropertyValueSpecification\",\"valueRequired\":true,\"valueName\":\"search_term_string\"}}],\"inLanguage\":\"es-CO\"},{\"@type\":\"Organization\",\"@id\":\"https:\\\/\\\/two.travel\\\/#organization\",\"name\":\"Two Travel Concierge\",\"alternateName\":\"Two Travel\",\"url\":\"https:\\\/\\\/two.travel\\\/\",\"logo\":{\"@type\":\"ImageObject\",\"inLanguage\":\"es-CO\",\"@id\":\"https:\\\/\\\/two.travel\\\/#\\\/schema\\\/logo\\\/image\\\/\",\"url\":\"https:\\\/\\\/two.travel\\\/wp-content\\\/uploads\\\/2025\\\/02\\\/cropped-Two-Travel-LOGO-300x179-1.png\",\"contentUrl\":\"https:\\\/\\\/two.travel\\\/wp-content\\\/uploads\\\/2025\\\/02\\\/cropped-Two-Travel-LOGO-300x179-1.png\",\"width\":300,\"height\":178,\"caption\":\"Two Travel Concierge\"},\"image\":{\"@id\":\"https:\\\/\\\/two.travel\\\/#\\\/schema\\\/logo\\\/image\\\/\"},\"sameAs\":[\"https:\\\/\\\/www.facebook.com\\\/twotravelconcierge\",\"https:\\\/\\\/www.instagram.com\\\/twotravelconcierge\\\/\",\"https:\\\/\\\/www.linkedin.com\\\/company\\\/two-travel\\\/\"],\"description\":\"Two Travel is a boutique travel concierge and Destination Management Company specializing in curated group experiences across Colombia and Mexico.\",\"email\":\"reservations@two.travel\",\"telephone\":\"+12126530000\",\"legalName\":\"Tino Destinations\",\"foundingDate\":\"2016-07-11\",\"numberOfEmployees\":{\"@type\":\"QuantitativeValue\",\"minValue\":\"51\",\"maxValue\":\"200\"}}]}<\/script>\n<!-- \/ Yoast SEO Premium plugin. -->","yoast_head_json":{"title":"Casa Hacienda Caracol - Tulum","description":"Esta hermosa, lujosa y moderna casa puede ser el complemento ideal para sus vacaciones. Vista al mar, camas king y una gran piscina. P\u00f3ngase en contacto con nosotros","robots":{"index":"index","follow":"follow","max-snippet":"max-snippet:-1","max-image-preview":"max-image-preview:large","max-video-preview":"max-video-preview:-1"},"canonical":"https:\/\/two.travel\/es\/hacienda-caracol-tulum\/","og_locale":"es_ES","og_type":"article","og_title":"Casa Hacienda Caracol","og_description":"This beautiful, luxurious and modern home can be the ideal complement to your vacation. Ocean view, king beds and a large pool. Contact us!","og_url":"https:\/\/two.travel\/es\/hacienda-caracol-tulum\/","og_site_name":"Two Travel Concierge","article_publisher":"https:\/\/www.facebook.com\/twotravelconcierge","article_modified_time":"2025-04-23T03:58:47+00:00","og_image":[{"width":1621,"height":1080,"url":"https:\/\/two.travel\/wp-content\/uploads\/2025\/03\/DJI_0477.jpg","type":"image\/jpeg"}],"twitter_card":"summary_large_image","twitter_misc":{"Tiempo de lectura":"1 minuto"},"schema":{"@context":"https:\/\/schema.org","@graph":[{"@type":"WebPage","@id":"https:\/\/two.travel\/es\/hacienda-caracol-tulum\/","url":"https:\/\/two.travel\/es\/hacienda-caracol-tulum\/","name":"Casa Hacienda Caracol - Tulum","isPartOf":{"@id":"https:\/\/two.travel\/#website"},"primaryImageOfPage":{"@id":"https:\/\/two.travel\/es\/hacienda-caracol-tulum\/#primaryimage"},"image":{"@id":"https:\/\/two.travel\/es\/hacienda-caracol-tulum\/#primaryimage"},"thumbnailUrl":"https:\/\/two.travel\/wp-content\/uploads\/2025\/03\/DJI_0477.jpg","datePublished":"2025-03-20T22:31:02+00:00","dateModified":"2025-04-23T03:58:47+00:00","description":"Esta hermosa, lujosa y moderna casa puede ser el complemento ideal para sus vacaciones. Vista al mar, camas king y una gran piscina. P\u00f3ngase en contacto con nosotros","breadcrumb":{"@id":"https:\/\/two.travel\/#breadcrumb"},"inLanguage":"es-CO","potentialAction":[{"@type":"ReadAction","target":["https:\/\/two.travel\/es\/hacienda-caracol-tulum\/"]}]},{"@type":"ImageObject","inLanguage":"es-CO","@id":"https:\/\/two.travel\/es\/hacienda-caracol-tulum\/#primaryimage","url":"https:\/\/two.travel\/wp-content\/uploads\/2025\/03\/DJI_0477.jpg","contentUrl":"https:\/\/two.travel\/wp-content\/uploads\/2025\/03\/DJI_0477.jpg","width":1621,"height":1080},{"@type":"BreadcrumbList","@id":"https:\/\/two.travel\/es\/hacienda-caracol-tulum\/#breadcrumb","itemListElement":[{"@type":"ListItem","position":1,"name":"Home","item":"https:\/\/two.travel\/"},{"@type":"ListItem","position":2,"name":"Casa Hacienda Caracol"}]},{"@type":"WebSite","@id":"https:\/\/two.travel\/#website","url":"https:\/\/two.travel\/","name":"Dos conserjes de viajes","description":"Luxury Travel: Villas, Boats, Concierge, and Weddings in Colombia and Mexico","publisher":{"@id":"https:\/\/two.travel\/#organization"},"alternateName":"Two Travel","potentialAction":[{"@type":"SearchAction","target":{"@type":"EntryPoint","urlTemplate":"https:\/\/two.travel\/?s={search_term_string}"},"query-input":{"@type":"PropertyValueSpecification","valueRequired":true,"valueName":"search_term_string"}}],"inLanguage":"es-CO"},{"@type":"Organization","@id":"https:\/\/two.travel\/#organization","name":"Dos conserjes de viajes","alternateName":"Two Travel","url":"https:\/\/two.travel\/","logo":{"@type":"ImageObject","inLanguage":"es-CO","@id":"https:\/\/two.travel\/#\/schema\/logo\/image\/","url":"https:\/\/two.travel\/wp-content\/uploads\/2025\/02\/cropped-Two-Travel-LOGO-300x179-1.png","contentUrl":"https:\/\/two.travel\/wp-content\/uploads\/2025\/02\/cropped-Two-Travel-LOGO-300x179-1.png","width":300,"height":178,"caption":"Two Travel Concierge"},"image":{"@id":"https:\/\/two.travel\/#\/schema\/logo\/image\/"},"sameAs":["https:\/\/www.facebook.com\/twotravelconcierge","https:\/\/www.instagram.com\/twotravelconcierge\/","https:\/\/www.linkedin.com\/company\/two-travel\/"],"description":"Two Travel is a boutique travel concierge and Destination Management Company specializing in curated group experiences across Colombia and Mexico.","email":"reservations@two.travel","telephone":"+12126530000","legalName":"Tino Destinations","foundingDate":"2016-07-11","numberOfEmployees":{"@type":"QuantitativeValue","minValue":"51","maxValue":"200"}}]}},"_links":{"self":[{"href":"https:\/\/two.travel\/es\/wp-json\/wp\/v2\/pages\/2175366","targetHints":{"allow":["GET"]}}],"collection":[{"href":"https:\/\/two.travel\/es\/wp-json\/wp\/v2\/pages"}],"about":[{"href":"https:\/\/two.travel\/es\/wp-json\/wp\/v2\/types\/page"}],"author":[{"embeddable":true,"href":"https:\/\/two.travel\/es\/wp-json\/wp\/v2\/users\/3"}],"replies":[{"embeddable":true,"href":"https:\/\/two.travel\/es\/wp-json\/wp\/v2\/comments?post=2175366"}],"version-history":[{"count":1,"href":"https:\/\/two.travel\/es\/wp-json\/wp\/v2\/pages\/2175366\/revisions"}],"predecessor-version":[{"id":2175391,"href":"https:\/\/two.travel\/es\/wp-json\/wp\/v2\/pages\/2175366\/revisions\/2175391"}],"wp:featuredmedia":[{"embeddable":true,"href":"https:\/\/two.travel\/es\/wp-json\/wp\/v2\/media\/2175379"}],"wp:attachment":[{"href":"https:\/\/two.travel\/es\/wp-json\/wp\/v2\/media?parent=2175366"}],"curies":[{"name":"wp","href":"https:\/\/api.w.org\/{rel}","templated":true}]}}