{"id":2175334,"date":"2025-03-20T22:09:43","date_gmt":"2025-03-20T22:09:43","guid":{"rendered":"https:\/\/two.travel\/pruebas\/?page_id=2175334"},"modified":"2025-05-23T03:17:12","modified_gmt":"2025-05-23T03:17:12","slug":"casa-sueno-del-mar","status":"publish","type":"page","link":"https:\/\/two.travel\/es\/casa-sueno-del-mar\/","title":{"rendered":"Casa Sue\u00f1o del Mar"},"content":{"rendered":"<p>Esta villa es \"el Sue\u00f1o del Mar\" por una raz\u00f3n; un magn\u00edfico alquiler de vacaciones de lujo de 6 dormitorios que es imposible de olvidar, por encima de las hermosas playas de la bah\u00eda de Soliman donde encontrar\u00e1 un mar turquesa y un cielo azul brillante.<\/p>\n\n\n\n<p>La decoraci\u00f3n se basa en el dise\u00f1o italiano, con preciosos toques elegantes, una gran piscina compartida y una hermosa vista de la bah\u00eda. S\u00ed, \u00a1es un sue\u00f1o!<\/p>\n\n\n\n<p>La villa principal cuenta con elegantes zonas de estar y comedor de concepto abierto y una cocina equipada con modernos electrodom\u00e9sticos. Dentro de Sue\u00f1o Del Mar hay cinco dormitorios, incluida una suite en la azotea con vistas a la bah\u00eda de Solim\u00e1n. Todos los dormitorios tienen cama de matrimonio. Hay una casa de invitados independiente con una suite de un dormitorio con cama de matrimonio.<\/p>","protected":false},"excerpt":{"rendered":"<p>This villa is \u201cthe Dream of the Sea\u201d for a reason; a magnificent 6 bedroom luxury vacation rental that is impossible to forget, above the beautiful beaches of Soliman Bay where you\u2019ll find a turquoise sea and a bright blue sky. The decor is based on Italian design, with gorgeous elegant touches, a large shared [&hellip;]<\/p>\n","protected":false},"author":3,"featured_media":2175335,"parent":0,"menu_order":0,"comment_status":"closed","ping_status":"closed","template":"","meta":{"_acf_changed":false,"content-type":"","footnotes":""},"class_list":["post-2175334","page","type-page","status-publish","has-post-thumbnail","hentry"],"acf":[],"yoast_head":"<!-- This site is optimized with the Yoast SEO Premium plugin v27.3 (Yoast SEO v27.3) - https:\/\/yoast.com\/product\/yoast-seo-premium-wordpress\/ -->\n<title>Casa Sue\u00f1o del Mar - Tulum<\/title>\n<meta name=\"description\" content=\"A beach paradise is waiting for you and your group. Rent this 6 bedroom villa in Tulum today. Contact us!\" \/>\n<meta name=\"robots\" content=\"index, follow, max-snippet:-1, max-image-preview:large, max-video-preview:-1\" \/>\n<link rel=\"canonical\" href=\"https:\/\/two.travel\/es\/casa-sueno-del-mar\/\" \/>\n<meta property=\"og:locale\" content=\"es_ES\" \/>\n<meta property=\"og:type\" content=\"article\" \/>\n<meta property=\"og:title\" content=\"Casa Sue\u00f1o del Mar\" \/>\n<meta property=\"og:description\" content=\"A beach paradise is waiting for you and your group. Rent this 6 bedroom villa in Tulum today. Contact us!\" \/>\n<meta property=\"og:url\" content=\"https:\/\/two.travel\/es\/casa-sueno-del-mar\/\" \/>\n<meta property=\"og:site_name\" content=\"Two Travel Concierge\" \/>\n<meta property=\"article:publisher\" content=\"https:\/\/www.facebook.com\/twotravelconcierge\" \/>\n<meta property=\"article:modified_time\" content=\"2025-05-23T03:17:12+00:00\" \/>\n<meta property=\"og:image\" content=\"https:\/\/two.travel\/wp-content\/uploads\/2025\/03\/DJI_0922.jpg\" \/>\n\t<meta property=\"og:image:width\" content=\"1621\" \/>\n\t<meta property=\"og:image:height\" content=\"1080\" \/>\n\t<meta property=\"og:image:type\" content=\"image\/jpeg\" \/>\n<meta name=\"twitter:card\" content=\"summary_large_image\" \/>\n<meta name=\"twitter:label1\" content=\"Tiempo de lectura\" \/>\n\t<meta name=\"twitter:data1\" content=\"1 minuto\" \/>\n<script type=\"application\/ld+json\" class=\"yoast-schema-graph\">{\"@context\":\"https:\\\/\\\/schema.org\",\"@graph\":[{\"@type\":\"WebPage\",\"@id\":\"https:\\\/\\\/two.travel\\\/es\\\/casa-sueno-del-mar\\\/\",\"url\":\"https:\\\/\\\/two.travel\\\/casa-sueno-del-mar\\\/\",\"name\":\"Casa Sue\u00f1o del Mar - Tulum\",\"isPartOf\":{\"@id\":\"https:\\\/\\\/two.travel\\\/#website\"},\"primaryImageOfPage\":{\"@id\":\"https:\\\/\\\/two.travel\\\/casa-sueno-del-mar\\\/#primaryimage\"},\"image\":{\"@id\":\"https:\\\/\\\/two.travel\\\/casa-sueno-del-mar\\\/#primaryimage\"},\"thumbnailUrl\":\"https:\\\/\\\/two.travel\\\/wp-content\\\/uploads\\\/2025\\\/03\\\/DJI_0922.jpg\",\"datePublished\":\"2025-03-20T22:09:43+00:00\",\"dateModified\":\"2025-05-23T03:17:12+00:00\",\"description\":\"A beach paradise is waiting for you and your group. Rent this 6 bedroom villa in Tulum today. Contact us!\",\"breadcrumb\":{\"@id\":\"https:\\\/\\\/two.travel\\\/#breadcrumb\"},\"inLanguage\":\"es-CO\",\"potentialAction\":[{\"@type\":\"ReadAction\",\"target\":[\"https:\\\/\\\/two.travel\\\/casa-sueno-del-mar\\\/\"]}]},{\"@type\":\"ImageObject\",\"inLanguage\":\"es-CO\",\"@id\":\"https:\\\/\\\/two.travel\\\/casa-sueno-del-mar\\\/#primaryimage\",\"url\":\"https:\\\/\\\/two.travel\\\/wp-content\\\/uploads\\\/2025\\\/03\\\/DJI_0922.jpg\",\"contentUrl\":\"https:\\\/\\\/two.travel\\\/wp-content\\\/uploads\\\/2025\\\/03\\\/DJI_0922.jpg\",\"width\":1621,\"height\":1080},{\"@type\":\"BreadcrumbList\",\"@id\":\"https:\\\/\\\/two.travel\\\/casa-sueno-del-mar\\\/#breadcrumb\",\"itemListElement\":[{\"@type\":\"ListItem\",\"position\":1,\"name\":\"Home\",\"item\":\"https:\\\/\\\/two.travel\\\/\"},{\"@type\":\"ListItem\",\"position\":2,\"name\":\"Casa Sue\u00f1o del Mar\"}]},{\"@type\":\"WebSite\",\"@id\":\"https:\\\/\\\/two.travel\\\/#website\",\"url\":\"https:\\\/\\\/two.travel\\\/\",\"name\":\"Two Travel Concierge\",\"description\":\"Luxury Travel: Villas, Boats, Concierge, and Weddings in Colombia and Mexico\",\"publisher\":{\"@id\":\"https:\\\/\\\/two.travel\\\/#organization\"},\"alternateName\":\"Two Travel\",\"potentialAction\":[{\"@type\":\"SearchAction\",\"target\":{\"@type\":\"EntryPoint\",\"urlTemplate\":\"https:\\\/\\\/two.travel\\\/?s={search_term_string}\"},\"query-input\":{\"@type\":\"PropertyValueSpecification\",\"valueRequired\":true,\"valueName\":\"search_term_string\"}}],\"inLanguage\":\"es-CO\"},{\"@type\":\"Organization\",\"@id\":\"https:\\\/\\\/two.travel\\\/#organization\",\"name\":\"Two Travel Concierge\",\"alternateName\":\"Two Travel\",\"url\":\"https:\\\/\\\/two.travel\\\/\",\"logo\":{\"@type\":\"ImageObject\",\"inLanguage\":\"es-CO\",\"@id\":\"https:\\\/\\\/two.travel\\\/#\\\/schema\\\/logo\\\/image\\\/\",\"url\":\"https:\\\/\\\/two.travel\\\/wp-content\\\/uploads\\\/2025\\\/02\\\/cropped-Two-Travel-LOGO-300x179-1.png\",\"contentUrl\":\"https:\\\/\\\/two.travel\\\/wp-content\\\/uploads\\\/2025\\\/02\\\/cropped-Two-Travel-LOGO-300x179-1.png\",\"width\":300,\"height\":178,\"caption\":\"Two Travel Concierge\"},\"image\":{\"@id\":\"https:\\\/\\\/two.travel\\\/#\\\/schema\\\/logo\\\/image\\\/\"},\"sameAs\":[\"https:\\\/\\\/www.facebook.com\\\/twotravelconcierge\",\"https:\\\/\\\/www.instagram.com\\\/twotravelconcierge\\\/\",\"https:\\\/\\\/www.linkedin.com\\\/company\\\/two-travel\\\/\"],\"description\":\"Two Travel is a boutique travel concierge and Destination Management Company specializing in curated group experiences across Colombia and Mexico.\",\"email\":\"reservations@two.travel\",\"telephone\":\"+12126530000\",\"legalName\":\"Tino Destinations\",\"foundingDate\":\"2016-07-11\",\"numberOfEmployees\":{\"@type\":\"QuantitativeValue\",\"minValue\":\"51\",\"maxValue\":\"200\"}}]}<\/script>\n<!-- \/ Yoast SEO Premium plugin. -->","yoast_head_json":{"title":"Casa Sue\u00f1o del Mar - Tulum","description":"Un para\u00edso de playa est\u00e1 esperando por usted y su grupo. Alquile esta villa de 6 dormitorios en Tulum hoy. P\u00f3ngase en contacto con nosotros","robots":{"index":"index","follow":"follow","max-snippet":"max-snippet:-1","max-image-preview":"max-image-preview:large","max-video-preview":"max-video-preview:-1"},"canonical":"https:\/\/two.travel\/es\/casa-sueno-del-mar\/","og_locale":"es_ES","og_type":"article","og_title":"Casa Sue\u00f1o del Mar","og_description":"A beach paradise is waiting for you and your group. Rent this 6 bedroom villa in Tulum today. Contact us!","og_url":"https:\/\/two.travel\/es\/casa-sueno-del-mar\/","og_site_name":"Two Travel Concierge","article_publisher":"https:\/\/www.facebook.com\/twotravelconcierge","article_modified_time":"2025-05-23T03:17:12+00:00","og_image":[{"width":1621,"height":1080,"url":"https:\/\/two.travel\/wp-content\/uploads\/2025\/03\/DJI_0922.jpg","type":"image\/jpeg"}],"twitter_card":"summary_large_image","twitter_misc":{"Tiempo de lectura":"1 minuto"},"schema":{"@context":"https:\/\/schema.org","@graph":[{"@type":"WebPage","@id":"https:\/\/two.travel\/es\/casa-sueno-del-mar\/","url":"https:\/\/two.travel\/casa-sueno-del-mar\/","name":"Casa Sue\u00f1o del Mar - Tulum","isPartOf":{"@id":"https:\/\/two.travel\/#website"},"primaryImageOfPage":{"@id":"https:\/\/two.travel\/casa-sueno-del-mar\/#primaryimage"},"image":{"@id":"https:\/\/two.travel\/casa-sueno-del-mar\/#primaryimage"},"thumbnailUrl":"https:\/\/two.travel\/wp-content\/uploads\/2025\/03\/DJI_0922.jpg","datePublished":"2025-03-20T22:09:43+00:00","dateModified":"2025-05-23T03:17:12+00:00","description":"Un para\u00edso de playa est\u00e1 esperando por usted y su grupo. Alquile esta villa de 6 dormitorios en Tulum hoy. P\u00f3ngase en contacto con nosotros","breadcrumb":{"@id":"https:\/\/two.travel\/#breadcrumb"},"inLanguage":"es-CO","potentialAction":[{"@type":"ReadAction","target":["https:\/\/two.travel\/casa-sueno-del-mar\/"]}]},{"@type":"ImageObject","inLanguage":"es-CO","@id":"https:\/\/two.travel\/casa-sueno-del-mar\/#primaryimage","url":"https:\/\/two.travel\/wp-content\/uploads\/2025\/03\/DJI_0922.jpg","contentUrl":"https:\/\/two.travel\/wp-content\/uploads\/2025\/03\/DJI_0922.jpg","width":1621,"height":1080},{"@type":"BreadcrumbList","@id":"https:\/\/two.travel\/casa-sueno-del-mar\/#breadcrumb","itemListElement":[{"@type":"ListItem","position":1,"name":"Home","item":"https:\/\/two.travel\/"},{"@type":"ListItem","position":2,"name":"Casa Sue\u00f1o del Mar"}]},{"@type":"WebSite","@id":"https:\/\/two.travel\/#website","url":"https:\/\/two.travel\/","name":"Dos conserjes de viajes","description":"Luxury Travel: Villas, Boats, Concierge, and Weddings in Colombia and Mexico","publisher":{"@id":"https:\/\/two.travel\/#organization"},"alternateName":"Two Travel","potentialAction":[{"@type":"SearchAction","target":{"@type":"EntryPoint","urlTemplate":"https:\/\/two.travel\/?s={search_term_string}"},"query-input":{"@type":"PropertyValueSpecification","valueRequired":true,"valueName":"search_term_string"}}],"inLanguage":"es-CO"},{"@type":"Organization","@id":"https:\/\/two.travel\/#organization","name":"Dos conserjes de viajes","alternateName":"Two Travel","url":"https:\/\/two.travel\/","logo":{"@type":"ImageObject","inLanguage":"es-CO","@id":"https:\/\/two.travel\/#\/schema\/logo\/image\/","url":"https:\/\/two.travel\/wp-content\/uploads\/2025\/02\/cropped-Two-Travel-LOGO-300x179-1.png","contentUrl":"https:\/\/two.travel\/wp-content\/uploads\/2025\/02\/cropped-Two-Travel-LOGO-300x179-1.png","width":300,"height":178,"caption":"Two Travel Concierge"},"image":{"@id":"https:\/\/two.travel\/#\/schema\/logo\/image\/"},"sameAs":["https:\/\/www.facebook.com\/twotravelconcierge","https:\/\/www.instagram.com\/twotravelconcierge\/","https:\/\/www.linkedin.com\/company\/two-travel\/"],"description":"Two Travel is a boutique travel concierge and Destination Management Company specializing in curated group experiences across Colombia and Mexico.","email":"reservations@two.travel","telephone":"+12126530000","legalName":"Tino Destinations","foundingDate":"2016-07-11","numberOfEmployees":{"@type":"QuantitativeValue","minValue":"51","maxValue":"200"}}]}},"_links":{"self":[{"href":"https:\/\/two.travel\/es\/wp-json\/wp\/v2\/pages\/2175334","targetHints":{"allow":["GET"]}}],"collection":[{"href":"https:\/\/two.travel\/es\/wp-json\/wp\/v2\/pages"}],"about":[{"href":"https:\/\/two.travel\/es\/wp-json\/wp\/v2\/types\/page"}],"author":[{"embeddable":true,"href":"https:\/\/two.travel\/es\/wp-json\/wp\/v2\/users\/3"}],"replies":[{"embeddable":true,"href":"https:\/\/two.travel\/es\/wp-json\/wp\/v2\/comments?post=2175334"}],"version-history":[{"count":1,"href":"https:\/\/two.travel\/es\/wp-json\/wp\/v2\/pages\/2175334\/revisions"}],"predecessor-version":[{"id":2175351,"href":"https:\/\/two.travel\/es\/wp-json\/wp\/v2\/pages\/2175334\/revisions\/2175351"}],"wp:featuredmedia":[{"embeddable":true,"href":"https:\/\/two.travel\/es\/wp-json\/wp\/v2\/media\/2175335"}],"wp:attachment":[{"href":"https:\/\/two.travel\/es\/wp-json\/wp\/v2\/media?parent=2175334"}],"curies":[{"name":"wp","href":"https:\/\/api.w.org\/{rel}","templated":true}]}}