{"id":2175247,"date":"2025-03-20T21:08:02","date_gmt":"2025-03-20T21:08:02","guid":{"rendered":"https:\/\/two.travel\/pruebas\/?page_id=2175247"},"modified":"2025-05-12T20:03:23","modified_gmt":"2025-05-12T20:03:23","slug":"casa-rio-nazas","status":"publish","type":"page","link":"https:\/\/two.travel\/es\/casa-rio-nazas\/","title":{"rendered":"Casa Nazas"},"content":{"rendered":"<p>Esta propiedad es perfecta para aquellos que buscan alquileres vacacionales de primera calidad en Ciudad de M\u00e9xico que ofrezcan comodidad, elegancia y un gran espacio. La villa cuenta con elegantes interiores con techos altos, grandes ventanales y una decoraci\u00f3n de buen gusto que crea un ambiente c\u00e1lido y acogedor. La cocina totalmente equipada est\u00e1 dise\u00f1ada para la cocina gourmet, con electrodom\u00e9sticos modernos, un mont\u00f3n de espacio en el mostrador, y un comedor con capacidad para todo su grupo.<\/p>\n\n\n\n<p>Las amplias zonas de estar son perfectas para relajarse o entretenerse, con c\u00f3modos asientos, una chimenea y un gran televisor de pantalla plana. Los dormitorios son amplios y cuentan con camas c\u00f3modas, ropa de cama de alta calidad y un amplio espacio de almacenamiento. Los cuartos de ba\u00f1o est\u00e1n bellamente decorados, con modernos accesorios, grandes espejos y lujosas duchas o ba\u00f1eras.<\/p>\n\n\n\n<p>En el exterior, los hu\u00e9spedes pueden disfrutar de una enorme terraza privada rodeada de \u00e1rboles que le har\u00e1n sentirse en un jard\u00edn, creando un oasis sereno para relajarse. El espacio exterior tambi\u00e9n incluye un patio con asientos y una barbacoa, ideal para comer al aire libre y entretenerse. Entre los servicios adicionales se incluyen Internet de alta velocidad, un aparcamiento gratuito para 2 plazas y un espacio de trabajo exclusivo para su comodidad.<\/p>","protected":false},"excerpt":{"rendered":"<p>This property is perfect for those looking for premium Mexico City Vacation Rentals that offer comfort, elegance, and huge space. The villa features elegant interiors with high ceilings, large windows, and tasteful decor that creates a warm and inviting atmosphere. The fully equipped kitchen is designed for gourmet cooking, with modern appliances, plenty of counter [&hellip;]<\/p>\n","protected":false},"author":3,"featured_media":2175259,"parent":0,"menu_order":0,"comment_status":"closed","ping_status":"closed","template":"","meta":{"_acf_changed":false,"content-type":"","footnotes":""},"class_list":["post-2175247","page","type-page","status-publish","has-post-thumbnail","hentry"],"acf":[],"yoast_head":"<!-- This site is optimized with the Yoast SEO Premium plugin v27.3 (Yoast SEO v27.3) - https:\/\/yoast.com\/product\/yoast-seo-premium-wordpress\/ -->\n<title>Mexico City Vacation Rentals - Casa Nazas - Two Travel Concierge<\/title>\n<meta name=\"description\" content=\"Discover luxury and comfort at Casa Rio Nazas, your premier choice for Mexico City Vacation Rentals. Enjoy exclusive properties in Mexico City.\" \/>\n<meta name=\"robots\" content=\"index, follow, max-snippet:-1, max-image-preview:large, max-video-preview:-1\" \/>\n<link rel=\"canonical\" href=\"https:\/\/two.travel\/es\/casa-rio-nazas\/\" \/>\n<meta property=\"og:locale\" content=\"es_ES\" \/>\n<meta property=\"og:type\" content=\"article\" \/>\n<meta property=\"og:title\" content=\"Casa Nazas\" \/>\n<meta property=\"og:description\" content=\"Discover luxury and comfort at Casa Rio Nazas, your premier choice for Mexico City Vacation Rentals. Enjoy exclusive properties in Mexico City.\" \/>\n<meta property=\"og:url\" content=\"https:\/\/two.travel\/es\/casa-rio-nazas\/\" \/>\n<meta property=\"og:site_name\" content=\"Two Travel Concierge\" \/>\n<meta property=\"article:publisher\" content=\"https:\/\/www.facebook.com\/twotravelconcierge\" \/>\n<meta property=\"article:modified_time\" content=\"2025-05-12T20:03:23+00:00\" \/>\n<meta property=\"og:image\" content=\"https:\/\/two.travel\/wp-content\/uploads\/2025\/03\/AirBnB-RN-80.jpg\" \/>\n\t<meta property=\"og:image:width\" content=\"1619\" \/>\n\t<meta property=\"og:image:height\" content=\"1080\" \/>\n\t<meta property=\"og:image:type\" content=\"image\/jpeg\" \/>\n<meta name=\"twitter:card\" content=\"summary_large_image\" \/>\n<meta name=\"twitter:label1\" content=\"Tiempo de lectura\" \/>\n\t<meta name=\"twitter:data1\" content=\"1 minuto\" \/>\n<script type=\"application\/ld+json\" class=\"yoast-schema-graph\">{\"@context\":\"https:\\\/\\\/schema.org\",\"@graph\":[{\"@type\":\"WebPage\",\"@id\":\"https:\\\/\\\/two.travel\\\/casa-rio-nazas\\\/\",\"url\":\"https:\\\/\\\/two.travel\\\/casa-rio-nazas\\\/\",\"name\":\"Mexico City Vacation Rentals - Casa Nazas - Two Travel Concierge\",\"isPartOf\":{\"@id\":\"https:\\\/\\\/two.travel\\\/#website\"},\"primaryImageOfPage\":{\"@id\":\"https:\\\/\\\/two.travel\\\/casa-rio-nazas\\\/#primaryimage\"},\"image\":{\"@id\":\"https:\\\/\\\/two.travel\\\/casa-rio-nazas\\\/#primaryimage\"},\"thumbnailUrl\":\"https:\\\/\\\/two.travel\\\/wp-content\\\/uploads\\\/2025\\\/03\\\/AirBnB-RN-80.jpg\",\"datePublished\":\"2025-03-20T21:08:02+00:00\",\"dateModified\":\"2025-05-12T20:03:23+00:00\",\"description\":\"Discover luxury and comfort at Casa Rio Nazas, your premier choice for Mexico City Vacation Rentals. Enjoy exclusive properties in Mexico City.\",\"breadcrumb\":{\"@id\":\"https:\\\/\\\/two.travel\\\/#breadcrumb\"},\"inLanguage\":\"es-CO\",\"potentialAction\":[{\"@type\":\"ReadAction\",\"target\":[\"https:\\\/\\\/two.travel\\\/casa-rio-nazas\\\/\"]}]},{\"@type\":\"ImageObject\",\"inLanguage\":\"es-CO\",\"@id\":\"https:\\\/\\\/two.travel\\\/casa-rio-nazas\\\/#primaryimage\",\"url\":\"https:\\\/\\\/two.travel\\\/wp-content\\\/uploads\\\/2025\\\/03\\\/AirBnB-RN-80.jpg\",\"contentUrl\":\"https:\\\/\\\/two.travel\\\/wp-content\\\/uploads\\\/2025\\\/03\\\/AirBnB-RN-80.jpg\",\"width\":1619,\"height\":1080},{\"@type\":\"BreadcrumbList\",\"@id\":\"https:\\\/\\\/two.travel\\\/casa-rio-nazas\\\/#breadcrumb\",\"itemListElement\":[{\"@type\":\"ListItem\",\"position\":1,\"name\":\"Home\",\"item\":\"https:\\\/\\\/two.travel\\\/\"},{\"@type\":\"ListItem\",\"position\":2,\"name\":\"Casa Nazas\"}]},{\"@type\":\"WebSite\",\"@id\":\"https:\\\/\\\/two.travel\\\/#website\",\"url\":\"https:\\\/\\\/two.travel\\\/\",\"name\":\"Two Travel Concierge\",\"description\":\"Luxury Travel: Villas, Boats, Concierge, and Weddings in Colombia and Mexico\",\"publisher\":{\"@id\":\"https:\\\/\\\/two.travel\\\/#organization\"},\"alternateName\":\"Two Travel\",\"potentialAction\":[{\"@type\":\"SearchAction\",\"target\":{\"@type\":\"EntryPoint\",\"urlTemplate\":\"https:\\\/\\\/two.travel\\\/?s={search_term_string}\"},\"query-input\":{\"@type\":\"PropertyValueSpecification\",\"valueRequired\":true,\"valueName\":\"search_term_string\"}}],\"inLanguage\":\"es-CO\"},{\"@type\":\"Organization\",\"@id\":\"https:\\\/\\\/two.travel\\\/#organization\",\"name\":\"Two Travel Concierge\",\"alternateName\":\"Two Travel\",\"url\":\"https:\\\/\\\/two.travel\\\/\",\"logo\":{\"@type\":\"ImageObject\",\"inLanguage\":\"es-CO\",\"@id\":\"https:\\\/\\\/two.travel\\\/#\\\/schema\\\/logo\\\/image\\\/\",\"url\":\"https:\\\/\\\/two.travel\\\/wp-content\\\/uploads\\\/2025\\\/02\\\/cropped-Two-Travel-LOGO-300x179-1.png\",\"contentUrl\":\"https:\\\/\\\/two.travel\\\/wp-content\\\/uploads\\\/2025\\\/02\\\/cropped-Two-Travel-LOGO-300x179-1.png\",\"width\":300,\"height\":178,\"caption\":\"Two Travel Concierge\"},\"image\":{\"@id\":\"https:\\\/\\\/two.travel\\\/#\\\/schema\\\/logo\\\/image\\\/\"},\"sameAs\":[\"https:\\\/\\\/www.facebook.com\\\/twotravelconcierge\",\"https:\\\/\\\/www.instagram.com\\\/twotravelconcierge\\\/\",\"https:\\\/\\\/www.linkedin.com\\\/company\\\/two-travel\\\/\"],\"description\":\"Two Travel is a boutique travel concierge and Destination Management Company specializing in curated group experiences across Colombia and Mexico.\",\"email\":\"reservations@two.travel\",\"telephone\":\"+12126530000\",\"legalName\":\"Tino Destinations\",\"foundingDate\":\"2016-07-11\",\"numberOfEmployees\":{\"@type\":\"QuantitativeValue\",\"minValue\":\"51\",\"maxValue\":\"200\"}}]}<\/script>\n<!-- \/ Yoast SEO Premium plugin. -->","yoast_head_json":{"title":"Mexico City Vacation Rentals - Casa Nazas - Two Travel Concierge","description":"Descubra el lujo y el confort en Casa R\u00edo Nazas, su mejor opci\u00f3n en Rentas Vacacionales en la Ciudad de M\u00e9xico. Disfrute de propiedades exclusivas en la Ciudad de M\u00e9xico.","robots":{"index":"index","follow":"follow","max-snippet":"max-snippet:-1","max-image-preview":"max-image-preview:large","max-video-preview":"max-video-preview:-1"},"canonical":"https:\/\/two.travel\/es\/casa-rio-nazas\/","og_locale":"es_ES","og_type":"article","og_title":"Casa Nazas","og_description":"Discover luxury and comfort at Casa Rio Nazas, your premier choice for Mexico City Vacation Rentals. Enjoy exclusive properties in Mexico City.","og_url":"https:\/\/two.travel\/es\/casa-rio-nazas\/","og_site_name":"Two Travel Concierge","article_publisher":"https:\/\/www.facebook.com\/twotravelconcierge","article_modified_time":"2025-05-12T20:03:23+00:00","og_image":[{"width":1619,"height":1080,"url":"https:\/\/two.travel\/wp-content\/uploads\/2025\/03\/AirBnB-RN-80.jpg","type":"image\/jpeg"}],"twitter_card":"summary_large_image","twitter_misc":{"Tiempo de lectura":"1 minuto"},"schema":{"@context":"https:\/\/schema.org","@graph":[{"@type":"WebPage","@id":"https:\/\/two.travel\/casa-rio-nazas\/","url":"https:\/\/two.travel\/casa-rio-nazas\/","name":"Mexico City Vacation Rentals - Casa Nazas - Two Travel Concierge","isPartOf":{"@id":"https:\/\/two.travel\/#website"},"primaryImageOfPage":{"@id":"https:\/\/two.travel\/casa-rio-nazas\/#primaryimage"},"image":{"@id":"https:\/\/two.travel\/casa-rio-nazas\/#primaryimage"},"thumbnailUrl":"https:\/\/two.travel\/wp-content\/uploads\/2025\/03\/AirBnB-RN-80.jpg","datePublished":"2025-03-20T21:08:02+00:00","dateModified":"2025-05-12T20:03:23+00:00","description":"Descubra el lujo y el confort en Casa R\u00edo Nazas, su mejor opci\u00f3n en Rentas Vacacionales en la Ciudad de M\u00e9xico. Disfrute de propiedades exclusivas en la Ciudad de M\u00e9xico.","breadcrumb":{"@id":"https:\/\/two.travel\/#breadcrumb"},"inLanguage":"es-CO","potentialAction":[{"@type":"ReadAction","target":["https:\/\/two.travel\/casa-rio-nazas\/"]}]},{"@type":"ImageObject","inLanguage":"es-CO","@id":"https:\/\/two.travel\/casa-rio-nazas\/#primaryimage","url":"https:\/\/two.travel\/wp-content\/uploads\/2025\/03\/AirBnB-RN-80.jpg","contentUrl":"https:\/\/two.travel\/wp-content\/uploads\/2025\/03\/AirBnB-RN-80.jpg","width":1619,"height":1080},{"@type":"BreadcrumbList","@id":"https:\/\/two.travel\/casa-rio-nazas\/#breadcrumb","itemListElement":[{"@type":"ListItem","position":1,"name":"Home","item":"https:\/\/two.travel\/"},{"@type":"ListItem","position":2,"name":"Casa Nazas"}]},{"@type":"WebSite","@id":"https:\/\/two.travel\/#website","url":"https:\/\/two.travel\/","name":"Dos conserjes de viajes","description":"Luxury Travel: Villas, Boats, Concierge, and Weddings in Colombia and Mexico","publisher":{"@id":"https:\/\/two.travel\/#organization"},"alternateName":"Two Travel","potentialAction":[{"@type":"SearchAction","target":{"@type":"EntryPoint","urlTemplate":"https:\/\/two.travel\/?s={search_term_string}"},"query-input":{"@type":"PropertyValueSpecification","valueRequired":true,"valueName":"search_term_string"}}],"inLanguage":"es-CO"},{"@type":"Organization","@id":"https:\/\/two.travel\/#organization","name":"Dos conserjes de viajes","alternateName":"Two Travel","url":"https:\/\/two.travel\/","logo":{"@type":"ImageObject","inLanguage":"es-CO","@id":"https:\/\/two.travel\/#\/schema\/logo\/image\/","url":"https:\/\/two.travel\/wp-content\/uploads\/2025\/02\/cropped-Two-Travel-LOGO-300x179-1.png","contentUrl":"https:\/\/two.travel\/wp-content\/uploads\/2025\/02\/cropped-Two-Travel-LOGO-300x179-1.png","width":300,"height":178,"caption":"Two Travel Concierge"},"image":{"@id":"https:\/\/two.travel\/#\/schema\/logo\/image\/"},"sameAs":["https:\/\/www.facebook.com\/twotravelconcierge","https:\/\/www.instagram.com\/twotravelconcierge\/","https:\/\/www.linkedin.com\/company\/two-travel\/"],"description":"Two Travel is a boutique travel concierge and Destination Management Company specializing in curated group experiences across Colombia and Mexico.","email":"reservations@two.travel","telephone":"+12126530000","legalName":"Tino Destinations","foundingDate":"2016-07-11","numberOfEmployees":{"@type":"QuantitativeValue","minValue":"51","maxValue":"200"}}]}},"_links":{"self":[{"href":"https:\/\/two.travel\/es\/wp-json\/wp\/v2\/pages\/2175247","targetHints":{"allow":["GET"]}}],"collection":[{"href":"https:\/\/two.travel\/es\/wp-json\/wp\/v2\/pages"}],"about":[{"href":"https:\/\/two.travel\/es\/wp-json\/wp\/v2\/types\/page"}],"author":[{"embeddable":true,"href":"https:\/\/two.travel\/es\/wp-json\/wp\/v2\/users\/3"}],"replies":[{"embeddable":true,"href":"https:\/\/two.travel\/es\/wp-json\/wp\/v2\/comments?post=2175247"}],"version-history":[{"count":2,"href":"https:\/\/two.travel\/es\/wp-json\/wp\/v2\/pages\/2175247\/revisions"}],"predecessor-version":[{"id":2179370,"href":"https:\/\/two.travel\/es\/wp-json\/wp\/v2\/pages\/2175247\/revisions\/2179370"}],"wp:featuredmedia":[{"embeddable":true,"href":"https:\/\/two.travel\/es\/wp-json\/wp\/v2\/media\/2175259"}],"wp:attachment":[{"href":"https:\/\/two.travel\/es\/wp-json\/wp\/v2\/media?parent=2175247"}],"curies":[{"name":"wp","href":"https:\/\/api.w.org\/{rel}","templated":true}]}}