{"id":2175169,"date":"2025-03-20T20:19:33","date_gmt":"2025-03-20T20:19:33","guid":{"rendered":"https:\/\/two.travel\/pruebas\/?page_id=2175169"},"modified":"2025-05-14T16:50:14","modified_gmt":"2025-05-14T16:50:14","slug":"atico-belmont-medellin","status":"publish","type":"page","link":"https:\/\/two.travel\/es\/belmont-penthouse-medellin\/","title":{"rendered":"\u00c1tico Belmonte"},"content":{"rendered":"<p>Este apartamento de primera categor\u00eda en Medell\u00edn se encuentra a poca distancia de los bares y discotecas de Provenza. Disfruta de uno de los barrios m\u00e1s animados y cool de El Poblado, Medell\u00edn. Alojarse aqu\u00ed llevar\u00e1 sus vacaciones al siguiente nivel. Estar\u00e1s rodeado de algunos de los mejores restaurantes, bares y discotecas de la ciudad. Si quieres saber sobre restaurantes, los mejores lugares de vida nocturna, bares, azoteas y otros sitios de lo m\u00e1s cool lee nuestras gu\u00edas de Medell\u00edn:&nbsp;<a href=\"https:\/\/two.travel\/es\/mejores-restaurantes-medellin\/\"><strong>Los mejores restaurantes de Medell\u00edn<\/strong><\/a>,&nbsp;<a href=\"https:\/\/two.travel\/es\/medellin-vida-nocturna\/\"><strong>Los mejores lugares para salir de fiesta en Medell\u00edn<\/strong><\/a>y&nbsp;<a href=\"https:\/\/two.travel\/es\/best-rooftop-bars-medellin\/\"><strong>Las mejores azoteas de Medell\u00edn.<\/strong><\/a><\/p>\n\n\n\n<p>En cuanto al \u00e1tico, puede alojar a 8 hu\u00e9spedes en 4 habitaciones con ba\u00f1o. La propiedad cuenta con un sistema de sonido envolvente, luces regulables, una ducha con vistas, un patio ajardinado y un incre\u00edble jacuzzi para 6 personas. El sal\u00f3n y el comedor son amplios y c\u00f3modos, con una decoraci\u00f3n y mobiliario estupendos.<\/p>","protected":false},"excerpt":{"rendered":"<p>This top-tier Medellin apartment is located within walking distance of the bars and clubs of Provenza. Enjoy one of the liveliest and coolest neighborhoods in El Poblado, Medell\u00edn. Staying here will take your vacation to the next level. You\u2019ll be surrounded by some of the city\u2019s best restaurants, bars and clubs. If you want to [&hellip;]<\/p>\n","protected":false},"author":3,"featured_media":2175181,"parent":0,"menu_order":0,"comment_status":"closed","ping_status":"closed","template":"","meta":{"_acf_changed":false,"content-type":"","footnotes":""},"class_list":["post-2175169","page","type-page","status-publish","has-post-thumbnail","hentry"],"acf":[],"yoast_head":"<!-- This site is optimized with the Yoast SEO Premium plugin v27.3 (Yoast SEO v27.3) - https:\/\/yoast.com\/product\/yoast-seo-premium-wordpress\/ -->\n<title>Apartments Medellin - Belmonte Penthouse - Two Travel<\/title>\n<meta name=\"description\" content=\"Discover luxury apartments in Medellin. Stay in an exclusive 8-Bedroom Penthouse located near Provenza, Medellin. Contact us to book it now!\" \/>\n<meta name=\"robots\" content=\"index, follow, max-snippet:-1, max-image-preview:large, max-video-preview:-1\" \/>\n<link rel=\"canonical\" href=\"https:\/\/two.travel\/es\/atico-belmont-medellin\/\" \/>\n<meta property=\"og:locale\" content=\"es_ES\" \/>\n<meta property=\"og:type\" content=\"article\" \/>\n<meta property=\"og:title\" content=\"Belmonte Penthouse\" \/>\n<meta property=\"og:description\" content=\"Discover luxury apartments in Medellin. Stay in an exclusive 8-Bedroom Penthouse located near Provenza, Medellin. Contact us to book it now!\" \/>\n<meta property=\"og:url\" content=\"https:\/\/two.travel\/es\/atico-belmont-medellin\/\" \/>\n<meta property=\"og:site_name\" content=\"Two Travel Concierge\" \/>\n<meta property=\"article:publisher\" content=\"https:\/\/www.facebook.com\/twotravelconcierge\" \/>\n<meta property=\"article:modified_time\" content=\"2025-05-14T16:50:14+00:00\" \/>\n<meta property=\"og:image\" content=\"https:\/\/two.travel\/wp-content\/uploads\/2025\/10\/Two-Travel-Logo-1.png\" \/>\n\t<meta property=\"og:image:width\" content=\"1072\" \/>\n\t<meta property=\"og:image:height\" content=\"581\" \/>\n\t<meta property=\"og:image:type\" content=\"image\/png\" \/>\n<meta name=\"twitter:card\" content=\"summary_large_image\" \/>\n<meta name=\"twitter:label1\" content=\"Tiempo de lectura\" \/>\n\t<meta name=\"twitter:data1\" content=\"1 minuto\" \/>\n<script type=\"application\/ld+json\" class=\"yoast-schema-graph\">{\"@context\":\"https:\\\/\\\/schema.org\",\"@graph\":[{\"@type\":\"WebPage\",\"@id\":\"https:\\\/\\\/two.travel\\\/belmont-penthouse-medellin\\\/\",\"url\":\"https:\\\/\\\/two.travel\\\/belmont-penthouse-medellin\\\/\",\"name\":\"Apartments Medellin - Belmonte Penthouse - Two Travel\",\"isPartOf\":{\"@id\":\"https:\\\/\\\/two.travel\\\/#website\"},\"primaryImageOfPage\":{\"@id\":\"https:\\\/\\\/two.travel\\\/belmont-penthouse-medellin\\\/#primaryimage\"},\"image\":{\"@id\":\"https:\\\/\\\/two.travel\\\/belmont-penthouse-medellin\\\/#primaryimage\"},\"thumbnailUrl\":\"https:\\\/\\\/two.travel\\\/wp-content\\\/uploads\\\/2025\\\/03\\\/b1a63386-b668-4000-a0ec-5c3ef2c6f201-1.avif\",\"datePublished\":\"2025-03-20T20:19:33+00:00\",\"dateModified\":\"2025-05-14T16:50:14+00:00\",\"description\":\"Discover luxury apartments in Medellin. Stay in an exclusive 8-Bedroom Penthouse located near Provenza, Medellin. Contact us to book it now!\",\"breadcrumb\":{\"@id\":\"https:\\\/\\\/two.travel\\\/#breadcrumb\"},\"inLanguage\":\"es-CO\",\"potentialAction\":[{\"@type\":\"ReadAction\",\"target\":[\"https:\\\/\\\/two.travel\\\/belmont-penthouse-medellin\\\/\"]}]},{\"@type\":\"ImageObject\",\"inLanguage\":\"es-CO\",\"@id\":\"https:\\\/\\\/two.travel\\\/belmont-penthouse-medellin\\\/#primaryimage\",\"url\":\"https:\\\/\\\/two.travel\\\/wp-content\\\/uploads\\\/2025\\\/03\\\/b1a63386-b668-4000-a0ec-5c3ef2c6f201-1.avif\",\"contentUrl\":\"https:\\\/\\\/two.travel\\\/wp-content\\\/uploads\\\/2025\\\/03\\\/b1a63386-b668-4000-a0ec-5c3ef2c6f201-1.avif\",\"width\":720,\"height\":480},{\"@type\":\"BreadcrumbList\",\"@id\":\"https:\\\/\\\/two.travel\\\/belmont-penthouse-medellin\\\/#breadcrumb\",\"itemListElement\":[{\"@type\":\"ListItem\",\"position\":1,\"name\":\"Home\",\"item\":\"https:\\\/\\\/two.travel\\\/\"},{\"@type\":\"ListItem\",\"position\":2,\"name\":\"Belmonte Penthouse\"}]},{\"@type\":\"WebSite\",\"@id\":\"https:\\\/\\\/two.travel\\\/#website\",\"url\":\"https:\\\/\\\/two.travel\\\/\",\"name\":\"Two Travel Concierge\",\"description\":\"Luxury Travel: Villas, Boats, Concierge, and Weddings in Colombia and Mexico\",\"publisher\":{\"@id\":\"https:\\\/\\\/two.travel\\\/#organization\"},\"alternateName\":\"Two Travel\",\"potentialAction\":[{\"@type\":\"SearchAction\",\"target\":{\"@type\":\"EntryPoint\",\"urlTemplate\":\"https:\\\/\\\/two.travel\\\/?s={search_term_string}\"},\"query-input\":{\"@type\":\"PropertyValueSpecification\",\"valueRequired\":true,\"valueName\":\"search_term_string\"}}],\"inLanguage\":\"es-CO\"},{\"@type\":\"Organization\",\"@id\":\"https:\\\/\\\/two.travel\\\/#organization\",\"name\":\"Two Travel Concierge\",\"alternateName\":\"Two Travel\",\"url\":\"https:\\\/\\\/two.travel\\\/\",\"logo\":{\"@type\":\"ImageObject\",\"inLanguage\":\"es-CO\",\"@id\":\"https:\\\/\\\/two.travel\\\/#\\\/schema\\\/logo\\\/image\\\/\",\"url\":\"https:\\\/\\\/two.travel\\\/wp-content\\\/uploads\\\/2025\\\/02\\\/cropped-Two-Travel-LOGO-300x179-1.png\",\"contentUrl\":\"https:\\\/\\\/two.travel\\\/wp-content\\\/uploads\\\/2025\\\/02\\\/cropped-Two-Travel-LOGO-300x179-1.png\",\"width\":300,\"height\":178,\"caption\":\"Two Travel Concierge\"},\"image\":{\"@id\":\"https:\\\/\\\/two.travel\\\/#\\\/schema\\\/logo\\\/image\\\/\"},\"sameAs\":[\"https:\\\/\\\/www.facebook.com\\\/twotravelconcierge\",\"https:\\\/\\\/www.instagram.com\\\/twotravelconcierge\\\/\",\"https:\\\/\\\/www.linkedin.com\\\/company\\\/two-travel\\\/\"],\"description\":\"Two Travel is a boutique travel concierge and Destination Management Company specializing in curated group experiences across Colombia and Mexico.\",\"email\":\"reservations@two.travel\",\"telephone\":\"+12126530000\",\"legalName\":\"Tino Destinations\",\"foundingDate\":\"2016-07-11\",\"numberOfEmployees\":{\"@type\":\"QuantitativeValue\",\"minValue\":\"51\",\"maxValue\":\"200\"}}]}<\/script>\n<!-- \/ Yoast SEO Premium plugin. -->","yoast_head_json":{"title":"Apartamentos Medellin - Belmonte Penthouse - Two Travel","description":"Descubre apartamentos de lujo en Medellin. Al\u00f3jate en un exclusivo Penthouse de 8 habitaciones ubicado cerca de Provenza, Medell\u00edn. \u00a1Cont\u00e1ctenos para reservarlo ahora!","robots":{"index":"index","follow":"follow","max-snippet":"max-snippet:-1","max-image-preview":"max-image-preview:large","max-video-preview":"max-video-preview:-1"},"canonical":"https:\/\/two.travel\/es\/atico-belmont-medellin\/","og_locale":"es_ES","og_type":"article","og_title":"Belmonte Penthouse","og_description":"Discover luxury apartments in Medellin. Stay in an exclusive 8-Bedroom Penthouse located near Provenza, Medellin. Contact us to book it now!","og_url":"https:\/\/two.travel\/es\/atico-belmont-medellin\/","og_site_name":"Two Travel Concierge","article_publisher":"https:\/\/www.facebook.com\/twotravelconcierge","article_modified_time":"2025-05-14T16:50:14+00:00","og_image":[{"width":1072,"height":581,"url":"https:\/\/two.travel\/wp-content\/uploads\/2025\/10\/Two-Travel-Logo-1.png","type":"image\/png"}],"twitter_card":"summary_large_image","twitter_misc":{"Tiempo de lectura":"1 minuto"},"schema":{"@context":"https:\/\/schema.org","@graph":[{"@type":"WebPage","@id":"https:\/\/two.travel\/belmont-penthouse-medellin\/","url":"https:\/\/two.travel\/belmont-penthouse-medellin\/","name":"Apartamentos Medellin - Belmonte Penthouse - Two Travel","isPartOf":{"@id":"https:\/\/two.travel\/#website"},"primaryImageOfPage":{"@id":"https:\/\/two.travel\/belmont-penthouse-medellin\/#primaryimage"},"image":{"@id":"https:\/\/two.travel\/belmont-penthouse-medellin\/#primaryimage"},"thumbnailUrl":"https:\/\/two.travel\/wp-content\/uploads\/2025\/03\/b1a63386-b668-4000-a0ec-5c3ef2c6f201-1.avif","datePublished":"2025-03-20T20:19:33+00:00","dateModified":"2025-05-14T16:50:14+00:00","description":"Descubre apartamentos de lujo en Medellin. Al\u00f3jate en un exclusivo Penthouse de 8 habitaciones ubicado cerca de Provenza, Medell\u00edn. \u00a1Cont\u00e1ctenos para reservarlo ahora!","breadcrumb":{"@id":"https:\/\/two.travel\/#breadcrumb"},"inLanguage":"es-CO","potentialAction":[{"@type":"ReadAction","target":["https:\/\/two.travel\/belmont-penthouse-medellin\/"]}]},{"@type":"ImageObject","inLanguage":"es-CO","@id":"https:\/\/two.travel\/belmont-penthouse-medellin\/#primaryimage","url":"https:\/\/two.travel\/wp-content\/uploads\/2025\/03\/b1a63386-b668-4000-a0ec-5c3ef2c6f201-1.avif","contentUrl":"https:\/\/two.travel\/wp-content\/uploads\/2025\/03\/b1a63386-b668-4000-a0ec-5c3ef2c6f201-1.avif","width":720,"height":480},{"@type":"BreadcrumbList","@id":"https:\/\/two.travel\/belmont-penthouse-medellin\/#breadcrumb","itemListElement":[{"@type":"ListItem","position":1,"name":"Home","item":"https:\/\/two.travel\/"},{"@type":"ListItem","position":2,"name":"Belmonte Penthouse"}]},{"@type":"WebSite","@id":"https:\/\/two.travel\/#website","url":"https:\/\/two.travel\/","name":"Dos conserjes de viajes","description":"Luxury Travel: Villas, Boats, Concierge, and Weddings in Colombia and Mexico","publisher":{"@id":"https:\/\/two.travel\/#organization"},"alternateName":"Two Travel","potentialAction":[{"@type":"SearchAction","target":{"@type":"EntryPoint","urlTemplate":"https:\/\/two.travel\/?s={search_term_string}"},"query-input":{"@type":"PropertyValueSpecification","valueRequired":true,"valueName":"search_term_string"}}],"inLanguage":"es-CO"},{"@type":"Organization","@id":"https:\/\/two.travel\/#organization","name":"Dos conserjes de viajes","alternateName":"Two Travel","url":"https:\/\/two.travel\/","logo":{"@type":"ImageObject","inLanguage":"es-CO","@id":"https:\/\/two.travel\/#\/schema\/logo\/image\/","url":"https:\/\/two.travel\/wp-content\/uploads\/2025\/02\/cropped-Two-Travel-LOGO-300x179-1.png","contentUrl":"https:\/\/two.travel\/wp-content\/uploads\/2025\/02\/cropped-Two-Travel-LOGO-300x179-1.png","width":300,"height":178,"caption":"Two Travel Concierge"},"image":{"@id":"https:\/\/two.travel\/#\/schema\/logo\/image\/"},"sameAs":["https:\/\/www.facebook.com\/twotravelconcierge","https:\/\/www.instagram.com\/twotravelconcierge\/","https:\/\/www.linkedin.com\/company\/two-travel\/"],"description":"Two Travel is a boutique travel concierge and Destination Management Company specializing in curated group experiences across Colombia and Mexico.","email":"reservations@two.travel","telephone":"+12126530000","legalName":"Tino Destinations","foundingDate":"2016-07-11","numberOfEmployees":{"@type":"QuantitativeValue","minValue":"51","maxValue":"200"}}]}},"_links":{"self":[{"href":"https:\/\/two.travel\/es\/wp-json\/wp\/v2\/pages\/2175169","targetHints":{"allow":["GET"]}}],"collection":[{"href":"https:\/\/two.travel\/es\/wp-json\/wp\/v2\/pages"}],"about":[{"href":"https:\/\/two.travel\/es\/wp-json\/wp\/v2\/types\/page"}],"author":[{"embeddable":true,"href":"https:\/\/two.travel\/es\/wp-json\/wp\/v2\/users\/3"}],"replies":[{"embeddable":true,"href":"https:\/\/two.travel\/es\/wp-json\/wp\/v2\/comments?post=2175169"}],"version-history":[{"count":2,"href":"https:\/\/two.travel\/es\/wp-json\/wp\/v2\/pages\/2175169\/revisions"}],"predecessor-version":[{"id":2179613,"href":"https:\/\/two.travel\/es\/wp-json\/wp\/v2\/pages\/2175169\/revisions\/2179613"}],"wp:featuredmedia":[{"embeddable":true,"href":"https:\/\/two.travel\/es\/wp-json\/wp\/v2\/media\/2175181"}],"wp:attachment":[{"href":"https:\/\/two.travel\/es\/wp-json\/wp\/v2\/media?parent=2175169"}],"curies":[{"name":"wp","href":"https:\/\/api.w.org\/{rel}","templated":true}]}}