{"id":2175141,"date":"2025-03-20T20:09:22","date_gmt":"2025-03-20T20:09:22","guid":{"rendered":"https:\/\/two.travel\/pruebas\/?page_id=2175141"},"modified":"2025-04-23T04:11:59","modified_gmt":"2025-04-23T04:11:59","slug":"casa-serena-medellin","status":"publish","type":"page","link":"https:\/\/two.travel\/es\/casa-serena-medellin\/","title":{"rendered":"Casa Serena"},"content":{"rendered":"<p>Este hermoso alquiler de vacaciones en Medell\u00edn, Colombia se encuentra en Provenza, el coraz\u00f3n de la escena de entretenimiento de Medell\u00edn. All\u00ed podr\u00e1 encontrar algunas joyas ocultas cuando se trata de&nbsp;<a href=\"https:\/\/two.travel\/es\/medellin-vida-nocturna\/\"><strong>bares<\/strong><\/a>,&nbsp;<a href=\"https:\/\/two.travel\/es\/mejores-restaurantes-medellin\/\"><strong>restaurantes<\/strong><\/a>caf\u00e9s y boutiques. Este barrio tiene todo lo que necesitas para pasar el mejor tiempo en el Medell\u00edn.<\/p>\n\n\n\n<p>Casa Serena fue una antigua casa familiar. La mansi\u00f3n tiene una hermosa arquitectura moderna, acabados en madera y unos jardines interiores incre\u00edbles. Puede alojar hasta 14 hu\u00e9spedes en 7 habitaciones, todas ellas con camas queen, ba\u00f1os en suite y aire acondicionado. Las zonas comunes son impresionantes, con una maravillosa cocina, mesa de billar, piscina privada y una impresionante zona de estar\/comedor.<\/p>","protected":false},"excerpt":{"rendered":"<p>This beautiful vacation rental in Medellin, Colombia is located in Provenza, the heart of Medellin\u2019s entertainment scene. There you will be able to find some hidden gems when it comes to&nbsp;bars,&nbsp;restaurants, caf\u00e9s and boutiques. This neighborhood has all you need to have the best time in the Medell\u00edn. Casa Serena used to be a family [&hellip;]<\/p>\n","protected":false},"author":3,"featured_media":2175153,"parent":0,"menu_order":0,"comment_status":"closed","ping_status":"closed","template":"","meta":{"_acf_changed":false,"content-type":"","footnotes":""},"class_list":["post-2175141","page","type-page","status-publish","has-post-thumbnail","hentry"],"acf":[],"yoast_head":"<!-- This site is optimized with the Yoast SEO Premium plugin v27.3 (Yoast SEO v27.3) - https:\/\/yoast.com\/product\/yoast-seo-premium-wordpress\/ -->\n<title>Vacation Rental in Medellin, Colombia - Casa Serena - Two Travel<\/title>\n<meta name=\"description\" content=\"7-bedroom vacation rental in Medellin, Colombia. It can host 14 guests and has a private pool, ideal for groups. Contact us and book it now!\" \/>\n<meta name=\"robots\" content=\"index, follow, max-snippet:-1, max-image-preview:large, max-video-preview:-1\" \/>\n<link rel=\"canonical\" href=\"https:\/\/two.travel\/es\/casa-serena-medellin\/\" \/>\n<meta property=\"og:locale\" content=\"es_ES\" \/>\n<meta property=\"og:type\" content=\"article\" \/>\n<meta property=\"og:title\" content=\"Casa Serena\" \/>\n<meta property=\"og:description\" content=\"7-bedroom vacation rental in Medellin, Colombia. It can host 14 guests and has a private pool, ideal for groups. Contact us and book it now!\" \/>\n<meta property=\"og:url\" content=\"https:\/\/two.travel\/es\/casa-serena-medellin\/\" \/>\n<meta property=\"og:site_name\" content=\"Two Travel Concierge\" \/>\n<meta property=\"article:publisher\" content=\"https:\/\/www.facebook.com\/twotravelconcierge\" \/>\n<meta property=\"article:modified_time\" content=\"2025-04-23T04:11:59+00:00\" \/>\n<meta property=\"og:image\" content=\"https:\/\/two.travel\/wp-content\/uploads\/2025\/03\/serena_13.jpeg\" \/>\n\t<meta property=\"og:image:width\" content=\"1620\" \/>\n\t<meta property=\"og:image:height\" content=\"1080\" \/>\n\t<meta property=\"og:image:type\" content=\"image\/jpeg\" \/>\n<meta name=\"twitter:card\" content=\"summary_large_image\" \/>\n<meta name=\"twitter:label1\" content=\"Tiempo de lectura\" \/>\n\t<meta name=\"twitter:data1\" content=\"1 minuto\" \/>\n<script type=\"application\/ld+json\" class=\"yoast-schema-graph\">{\"@context\":\"https:\\\/\\\/schema.org\",\"@graph\":[{\"@type\":\"WebPage\",\"@id\":\"https:\\\/\\\/two.travel\\\/es\\\/casa-serena-medellin\\\/\",\"url\":\"https:\\\/\\\/two.travel\\\/es\\\/casa-serena-medellin\\\/\",\"name\":\"Vacation Rental in Medellin, Colombia - Casa Serena - Two Travel\",\"isPartOf\":{\"@id\":\"https:\\\/\\\/two.travel\\\/#website\"},\"primaryImageOfPage\":{\"@id\":\"https:\\\/\\\/two.travel\\\/es\\\/casa-serena-medellin\\\/#primaryimage\"},\"image\":{\"@id\":\"https:\\\/\\\/two.travel\\\/es\\\/casa-serena-medellin\\\/#primaryimage\"},\"thumbnailUrl\":\"https:\\\/\\\/two.travel\\\/wp-content\\\/uploads\\\/2025\\\/03\\\/serena_13.jpeg\",\"datePublished\":\"2025-03-20T20:09:22+00:00\",\"dateModified\":\"2025-04-23T04:11:59+00:00\",\"description\":\"7-bedroom vacation rental in Medellin, Colombia. It can host 14 guests and has a private pool, ideal for groups. Contact us and book it now!\",\"breadcrumb\":{\"@id\":\"https:\\\/\\\/two.travel\\\/#breadcrumb\"},\"inLanguage\":\"es-CO\",\"potentialAction\":[{\"@type\":\"ReadAction\",\"target\":[\"https:\\\/\\\/two.travel\\\/es\\\/casa-serena-medellin\\\/\"]}]},{\"@type\":\"ImageObject\",\"inLanguage\":\"es-CO\",\"@id\":\"https:\\\/\\\/two.travel\\\/es\\\/casa-serena-medellin\\\/#primaryimage\",\"url\":\"https:\\\/\\\/two.travel\\\/wp-content\\\/uploads\\\/2025\\\/03\\\/serena_13.jpeg\",\"contentUrl\":\"https:\\\/\\\/two.travel\\\/wp-content\\\/uploads\\\/2025\\\/03\\\/serena_13.jpeg\",\"width\":1620,\"height\":1080},{\"@type\":\"BreadcrumbList\",\"@id\":\"https:\\\/\\\/two.travel\\\/es\\\/casa-serena-medellin\\\/#breadcrumb\",\"itemListElement\":[{\"@type\":\"ListItem\",\"position\":1,\"name\":\"Home\",\"item\":\"https:\\\/\\\/two.travel\\\/\"},{\"@type\":\"ListItem\",\"position\":2,\"name\":\"Casa Serena\"}]},{\"@type\":\"WebSite\",\"@id\":\"https:\\\/\\\/two.travel\\\/#website\",\"url\":\"https:\\\/\\\/two.travel\\\/\",\"name\":\"Two Travel Concierge\",\"description\":\"Luxury Travel: Villas, Boats, Concierge, and Weddings in Colombia and Mexico\",\"publisher\":{\"@id\":\"https:\\\/\\\/two.travel\\\/#organization\"},\"alternateName\":\"Two Travel\",\"potentialAction\":[{\"@type\":\"SearchAction\",\"target\":{\"@type\":\"EntryPoint\",\"urlTemplate\":\"https:\\\/\\\/two.travel\\\/?s={search_term_string}\"},\"query-input\":{\"@type\":\"PropertyValueSpecification\",\"valueRequired\":true,\"valueName\":\"search_term_string\"}}],\"inLanguage\":\"es-CO\"},{\"@type\":\"Organization\",\"@id\":\"https:\\\/\\\/two.travel\\\/#organization\",\"name\":\"Two Travel Concierge\",\"alternateName\":\"Two Travel\",\"url\":\"https:\\\/\\\/two.travel\\\/\",\"logo\":{\"@type\":\"ImageObject\",\"inLanguage\":\"es-CO\",\"@id\":\"https:\\\/\\\/two.travel\\\/#\\\/schema\\\/logo\\\/image\\\/\",\"url\":\"https:\\\/\\\/two.travel\\\/wp-content\\\/uploads\\\/2025\\\/02\\\/cropped-Two-Travel-LOGO-300x179-1.png\",\"contentUrl\":\"https:\\\/\\\/two.travel\\\/wp-content\\\/uploads\\\/2025\\\/02\\\/cropped-Two-Travel-LOGO-300x179-1.png\",\"width\":300,\"height\":178,\"caption\":\"Two Travel Concierge\"},\"image\":{\"@id\":\"https:\\\/\\\/two.travel\\\/#\\\/schema\\\/logo\\\/image\\\/\"},\"sameAs\":[\"https:\\\/\\\/www.facebook.com\\\/twotravelconcierge\",\"https:\\\/\\\/www.instagram.com\\\/twotravelconcierge\\\/\",\"https:\\\/\\\/www.linkedin.com\\\/company\\\/two-travel\\\/\"],\"description\":\"Two Travel is a boutique travel concierge and Destination Management Company specializing in curated group experiences across Colombia and Mexico.\",\"email\":\"reservations@two.travel\",\"telephone\":\"+12126530000\",\"legalName\":\"Tino Destinations\",\"foundingDate\":\"2016-07-11\",\"numberOfEmployees\":{\"@type\":\"QuantitativeValue\",\"minValue\":\"51\",\"maxValue\":\"200\"}}]}<\/script>\n<!-- \/ Yoast SEO Premium plugin. -->","yoast_head_json":{"title":"Alquiler de vacaciones en Medellin, Colombia - Casa Serena - Two Travel","description":"Alquiler vacacional de 7 habitaciones en Medell\u00edn, Colombia. Tiene capacidad para 14 hu\u00e9spedes y dispone de piscina privada, ideal para grupos. \u00a1Cont\u00e1ctanos y res\u00e9rvalo ahora!","robots":{"index":"index","follow":"follow","max-snippet":"max-snippet:-1","max-image-preview":"max-image-preview:large","max-video-preview":"max-video-preview:-1"},"canonical":"https:\/\/two.travel\/es\/casa-serena-medellin\/","og_locale":"es_ES","og_type":"article","og_title":"Casa Serena","og_description":"7-bedroom vacation rental in Medellin, Colombia. It can host 14 guests and has a private pool, ideal for groups. Contact us and book it now!","og_url":"https:\/\/two.travel\/es\/casa-serena-medellin\/","og_site_name":"Two Travel Concierge","article_publisher":"https:\/\/www.facebook.com\/twotravelconcierge","article_modified_time":"2025-04-23T04:11:59+00:00","og_image":[{"width":1620,"height":1080,"url":"https:\/\/two.travel\/wp-content\/uploads\/2025\/03\/serena_13.jpeg","type":"image\/jpeg"}],"twitter_card":"summary_large_image","twitter_misc":{"Tiempo de lectura":"1 minuto"},"schema":{"@context":"https:\/\/schema.org","@graph":[{"@type":"WebPage","@id":"https:\/\/two.travel\/es\/casa-serena-medellin\/","url":"https:\/\/two.travel\/es\/casa-serena-medellin\/","name":"Alquiler de vacaciones en Medellin, Colombia - Casa Serena - Two Travel","isPartOf":{"@id":"https:\/\/two.travel\/#website"},"primaryImageOfPage":{"@id":"https:\/\/two.travel\/es\/casa-serena-medellin\/#primaryimage"},"image":{"@id":"https:\/\/two.travel\/es\/casa-serena-medellin\/#primaryimage"},"thumbnailUrl":"https:\/\/two.travel\/wp-content\/uploads\/2025\/03\/serena_13.jpeg","datePublished":"2025-03-20T20:09:22+00:00","dateModified":"2025-04-23T04:11:59+00:00","description":"Alquiler vacacional de 7 habitaciones en Medell\u00edn, Colombia. Tiene capacidad para 14 hu\u00e9spedes y dispone de piscina privada, ideal para grupos. \u00a1Cont\u00e1ctanos y res\u00e9rvalo ahora!","breadcrumb":{"@id":"https:\/\/two.travel\/#breadcrumb"},"inLanguage":"es-CO","potentialAction":[{"@type":"ReadAction","target":["https:\/\/two.travel\/es\/casa-serena-medellin\/"]}]},{"@type":"ImageObject","inLanguage":"es-CO","@id":"https:\/\/two.travel\/es\/casa-serena-medellin\/#primaryimage","url":"https:\/\/two.travel\/wp-content\/uploads\/2025\/03\/serena_13.jpeg","contentUrl":"https:\/\/two.travel\/wp-content\/uploads\/2025\/03\/serena_13.jpeg","width":1620,"height":1080},{"@type":"BreadcrumbList","@id":"https:\/\/two.travel\/es\/casa-serena-medellin\/#breadcrumb","itemListElement":[{"@type":"ListItem","position":1,"name":"Home","item":"https:\/\/two.travel\/"},{"@type":"ListItem","position":2,"name":"Casa Serena"}]},{"@type":"WebSite","@id":"https:\/\/two.travel\/#website","url":"https:\/\/two.travel\/","name":"Dos conserjes de viajes","description":"Luxury Travel: Villas, Boats, Concierge, and Weddings in Colombia and Mexico","publisher":{"@id":"https:\/\/two.travel\/#organization"},"alternateName":"Two Travel","potentialAction":[{"@type":"SearchAction","target":{"@type":"EntryPoint","urlTemplate":"https:\/\/two.travel\/?s={search_term_string}"},"query-input":{"@type":"PropertyValueSpecification","valueRequired":true,"valueName":"search_term_string"}}],"inLanguage":"es-CO"},{"@type":"Organization","@id":"https:\/\/two.travel\/#organization","name":"Dos conserjes de viajes","alternateName":"Two Travel","url":"https:\/\/two.travel\/","logo":{"@type":"ImageObject","inLanguage":"es-CO","@id":"https:\/\/two.travel\/#\/schema\/logo\/image\/","url":"https:\/\/two.travel\/wp-content\/uploads\/2025\/02\/cropped-Two-Travel-LOGO-300x179-1.png","contentUrl":"https:\/\/two.travel\/wp-content\/uploads\/2025\/02\/cropped-Two-Travel-LOGO-300x179-1.png","width":300,"height":178,"caption":"Two Travel Concierge"},"image":{"@id":"https:\/\/two.travel\/#\/schema\/logo\/image\/"},"sameAs":["https:\/\/www.facebook.com\/twotravelconcierge","https:\/\/www.instagram.com\/twotravelconcierge\/","https:\/\/www.linkedin.com\/company\/two-travel\/"],"description":"Two Travel is a boutique travel concierge and Destination Management Company specializing in curated group experiences across Colombia and Mexico.","email":"reservations@two.travel","telephone":"+12126530000","legalName":"Tino Destinations","foundingDate":"2016-07-11","numberOfEmployees":{"@type":"QuantitativeValue","minValue":"51","maxValue":"200"}}]}},"_links":{"self":[{"href":"https:\/\/two.travel\/es\/wp-json\/wp\/v2\/pages\/2175141","targetHints":{"allow":["GET"]}}],"collection":[{"href":"https:\/\/two.travel\/es\/wp-json\/wp\/v2\/pages"}],"about":[{"href":"https:\/\/two.travel\/es\/wp-json\/wp\/v2\/types\/page"}],"author":[{"embeddable":true,"href":"https:\/\/two.travel\/es\/wp-json\/wp\/v2\/users\/3"}],"replies":[{"embeddable":true,"href":"https:\/\/two.travel\/es\/wp-json\/wp\/v2\/comments?post=2175141"}],"version-history":[{"count":1,"href":"https:\/\/two.travel\/es\/wp-json\/wp\/v2\/pages\/2175141\/revisions"}],"predecessor-version":[{"id":2175154,"href":"https:\/\/two.travel\/es\/wp-json\/wp\/v2\/pages\/2175141\/revisions\/2175154"}],"wp:featuredmedia":[{"embeddable":true,"href":"https:\/\/two.travel\/es\/wp-json\/wp\/v2\/media\/2175153"}],"wp:attachment":[{"href":"https:\/\/two.travel\/es\/wp-json\/wp\/v2\/media?parent=2175141"}],"curies":[{"name":"wp","href":"https:\/\/api.w.org\/{rel}","templated":true}]}}