{"id":2175099,"date":"2025-03-20T19:50:24","date_gmt":"2025-03-20T19:50:24","guid":{"rendered":"https:\/\/two.travel\/pruebas\/?page_id=2175099"},"modified":"2025-05-12T19:48:08","modified_gmt":"2025-05-12T19:48:08","slug":"mansion-envigado-medellin","status":"publish","type":"page","link":"https:\/\/two.travel\/es\/envigado-mansion-medellin\/","title":{"rendered":"Mansi\u00f3n Envigado"},"content":{"rendered":"<p>\u00bfEst\u00e1s buscando d\u00f3nde alojarte en Medell\u00edn, Colombia? \u00a1Pues no busques m\u00e1s! Al\u00f3jate en esta incre\u00edble casa de 7 habitaciones con una maravillosa vista de la ciudad de Medell\u00edn donde pasar\u00e1s momentos inolvidables. Disfruta de una tarde soleada junto a la piscina y el jacuzzi con tu familia o amigos, de una fiesta segura en una discoteca privada dentro de la propiedad o simplemente si\u00e9ntate a ver el atardecer junto a una chimenea con vistas a toda la ciudad.<\/p>\n\n\n\n<p>Situada en el coraz\u00f3n de Medell\u00edn, esta casa ofrece f\u00e1cil acceso a la vibrante cultura y atracciones de la ciudad. Explore la&nbsp;<strong><a href=\"https:\/\/two.travel\/es\/medellin-vida-nocturna\/\">bulliciosa vida nocturna<\/a><\/strong>cenar en&nbsp;<a href=\"https:\/\/two.travel\/es\/mejores-restaurantes-medellin\/\"><strong>restaurantes de categor\u00eda mundial<\/strong><\/a>y visitar lugares populares como Provenza y el Jard\u00edn Bot\u00e1nico. Tanto si buscas aventura como relax, Medell\u00edn tiene algo para todos los gustos.<\/p>\n\n\n\n<p>El agradable clima de Medell\u00edn durante todo el a\u00f1o, conocida como la \"Ciudad de la Eterna Primavera\", garantiza que su estancia ser\u00e1 c\u00f3moda y agradable. Desde el momento de su llegada, quedar\u00e1 cautivado por los impresionantes paisajes, la amabilidad de los habitantes y la rica historia que hacen de Medell\u00edn un destino tur\u00edstico de primer orden. No se pierda esta oportunidad \u00fanica de experimentar lo mejor de Medell\u00edn desde la comodidad de esta lujosa casa.<\/p>","protected":false},"excerpt":{"rendered":"<p>Were you looking for where to stay in Medellin, Colombia? Well, look no further! Stay in this incredible 7-bedroom house with a wonderful view of the city of Medellin where you will spend unforgettable moments. Enjoy a sunny afternoon by the pool and jacuzzi with family or friends, a safe party in a private disco [&hellip;]<\/p>\n","protected":false},"author":3,"featured_media":2175104,"parent":0,"menu_order":0,"comment_status":"closed","ping_status":"closed","template":"","meta":{"_acf_changed":false,"content-type":"","footnotes":""},"class_list":["post-2175099","page","type-page","status-publish","has-post-thumbnail","hentry"],"acf":[],"yoast_head":"<!-- This site is optimized with the Yoast SEO Premium plugin v27.3 (Yoast SEO v27.3) - https:\/\/yoast.com\/product\/yoast-seo-premium-wordpress\/ -->\n<title>Where to Stay in Medellin, Colombia - Envigado Mansion - Two Travel<\/title>\n<meta name=\"description\" content=\"Find out where to stay in Medellin, Colombia. Stay in this 5-bedroom mansion with a pool and BBQ. Book Today!\" \/>\n<meta name=\"robots\" content=\"index, follow, max-snippet:-1, max-image-preview:large, max-video-preview:-1\" \/>\n<link rel=\"canonical\" href=\"https:\/\/two.travel\/es\/mansion-envigado-medellin\/\" \/>\n<meta property=\"og:locale\" content=\"es_ES\" \/>\n<meta property=\"og:type\" content=\"article\" \/>\n<meta property=\"og:title\" content=\"Envigado Mansion\" \/>\n<meta property=\"og:description\" content=\"Find out where to stay in Medellin, Colombia. Stay in this 5-bedroom mansion with a pool and BBQ. Book Today!\" \/>\n<meta property=\"og:url\" content=\"https:\/\/two.travel\/es\/mansion-envigado-medellin\/\" \/>\n<meta property=\"og:site_name\" content=\"Two Travel Concierge\" \/>\n<meta property=\"article:publisher\" content=\"https:\/\/www.facebook.com\/twotravelconcierge\" \/>\n<meta property=\"article:modified_time\" content=\"2025-05-12T19:48:08+00:00\" \/>\n<meta property=\"og:image\" content=\"https:\/\/two.travel\/wp-content\/uploads\/2025\/03\/WhatsApp-Image-2022-06-13-at-10.03.56-AM.jpeg\" \/>\n\t<meta property=\"og:image:width\" content=\"1024\" \/>\n\t<meta property=\"og:image:height\" content=\"691\" \/>\n\t<meta property=\"og:image:type\" content=\"image\/jpeg\" \/>\n<meta name=\"twitter:card\" content=\"summary_large_image\" \/>\n<meta name=\"twitter:label1\" content=\"Tiempo de lectura\" \/>\n\t<meta name=\"twitter:data1\" content=\"2 minutos\" \/>\n<script type=\"application\/ld+json\" class=\"yoast-schema-graph\">{\"@context\":\"https:\\\/\\\/schema.org\",\"@graph\":[{\"@type\":\"WebPage\",\"@id\":\"https:\\\/\\\/two.travel\\\/envigado-mansion-medellin\\\/\",\"url\":\"https:\\\/\\\/two.travel\\\/envigado-mansion-medellin\\\/\",\"name\":\"Where to Stay in Medellin, Colombia - Envigado Mansion - Two Travel\",\"isPartOf\":{\"@id\":\"https:\\\/\\\/two.travel\\\/#website\"},\"primaryImageOfPage\":{\"@id\":\"https:\\\/\\\/two.travel\\\/envigado-mansion-medellin\\\/#primaryimage\"},\"image\":{\"@id\":\"https:\\\/\\\/two.travel\\\/envigado-mansion-medellin\\\/#primaryimage\"},\"thumbnailUrl\":\"https:\\\/\\\/two.travel\\\/wp-content\\\/uploads\\\/2025\\\/03\\\/WhatsApp-Image-2022-06-13-at-10.03.56-AM.jpeg\",\"datePublished\":\"2025-03-20T19:50:24+00:00\",\"dateModified\":\"2025-05-12T19:48:08+00:00\",\"description\":\"Find out where to stay in Medellin, Colombia. Stay in this 5-bedroom mansion with a pool and BBQ. Book Today!\",\"breadcrumb\":{\"@id\":\"https:\\\/\\\/two.travel\\\/#breadcrumb\"},\"inLanguage\":\"es-CO\",\"potentialAction\":[{\"@type\":\"ReadAction\",\"target\":[\"https:\\\/\\\/two.travel\\\/envigado-mansion-medellin\\\/\"]}]},{\"@type\":\"ImageObject\",\"inLanguage\":\"es-CO\",\"@id\":\"https:\\\/\\\/two.travel\\\/envigado-mansion-medellin\\\/#primaryimage\",\"url\":\"https:\\\/\\\/two.travel\\\/wp-content\\\/uploads\\\/2025\\\/03\\\/WhatsApp-Image-2022-06-13-at-10.03.56-AM.jpeg\",\"contentUrl\":\"https:\\\/\\\/two.travel\\\/wp-content\\\/uploads\\\/2025\\\/03\\\/WhatsApp-Image-2022-06-13-at-10.03.56-AM.jpeg\",\"width\":1024,\"height\":691},{\"@type\":\"BreadcrumbList\",\"@id\":\"https:\\\/\\\/two.travel\\\/envigado-mansion-medellin\\\/#breadcrumb\",\"itemListElement\":[{\"@type\":\"ListItem\",\"position\":1,\"name\":\"Home\",\"item\":\"https:\\\/\\\/two.travel\\\/\"},{\"@type\":\"ListItem\",\"position\":2,\"name\":\"Envigado Mansion\"}]},{\"@type\":\"WebSite\",\"@id\":\"https:\\\/\\\/two.travel\\\/#website\",\"url\":\"https:\\\/\\\/two.travel\\\/\",\"name\":\"Two Travel Concierge\",\"description\":\"Luxury Travel: Villas, Boats, Concierge, and Weddings in Colombia and Mexico\",\"publisher\":{\"@id\":\"https:\\\/\\\/two.travel\\\/#organization\"},\"alternateName\":\"Two Travel\",\"potentialAction\":[{\"@type\":\"SearchAction\",\"target\":{\"@type\":\"EntryPoint\",\"urlTemplate\":\"https:\\\/\\\/two.travel\\\/?s={search_term_string}\"},\"query-input\":{\"@type\":\"PropertyValueSpecification\",\"valueRequired\":true,\"valueName\":\"search_term_string\"}}],\"inLanguage\":\"es-CO\"},{\"@type\":\"Organization\",\"@id\":\"https:\\\/\\\/two.travel\\\/#organization\",\"name\":\"Two Travel Concierge\",\"alternateName\":\"Two Travel\",\"url\":\"https:\\\/\\\/two.travel\\\/\",\"logo\":{\"@type\":\"ImageObject\",\"inLanguage\":\"es-CO\",\"@id\":\"https:\\\/\\\/two.travel\\\/#\\\/schema\\\/logo\\\/image\\\/\",\"url\":\"https:\\\/\\\/two.travel\\\/wp-content\\\/uploads\\\/2025\\\/02\\\/cropped-Two-Travel-LOGO-300x179-1.png\",\"contentUrl\":\"https:\\\/\\\/two.travel\\\/wp-content\\\/uploads\\\/2025\\\/02\\\/cropped-Two-Travel-LOGO-300x179-1.png\",\"width\":300,\"height\":178,\"caption\":\"Two Travel Concierge\"},\"image\":{\"@id\":\"https:\\\/\\\/two.travel\\\/#\\\/schema\\\/logo\\\/image\\\/\"},\"sameAs\":[\"https:\\\/\\\/www.facebook.com\\\/twotravelconcierge\",\"https:\\\/\\\/www.instagram.com\\\/twotravelconcierge\\\/\",\"https:\\\/\\\/www.linkedin.com\\\/company\\\/two-travel\\\/\"],\"description\":\"Two Travel is a boutique travel concierge and Destination Management Company specializing in curated group experiences across Colombia and Mexico.\",\"email\":\"reservations@two.travel\",\"telephone\":\"+12126530000\",\"legalName\":\"Tino Destinations\",\"foundingDate\":\"2016-07-11\",\"numberOfEmployees\":{\"@type\":\"QuantitativeValue\",\"minValue\":\"51\",\"maxValue\":\"200\"}}]}<\/script>\n<!-- \/ Yoast SEO Premium plugin. -->","yoast_head_json":{"title":"D\u00f3nde alojarse en Medell\u00edn, Colombia - Mansi\u00f3n Envigado - Two Travel","description":"Descubre d\u00f3nde alojarte en Medell\u00edn, Colombia. Al\u00f3jate en esta mansi\u00f3n de 5 dormitorios con piscina y barbacoa. \u00a1Reserve hoy mismo!","robots":{"index":"index","follow":"follow","max-snippet":"max-snippet:-1","max-image-preview":"max-image-preview:large","max-video-preview":"max-video-preview:-1"},"canonical":"https:\/\/two.travel\/es\/mansion-envigado-medellin\/","og_locale":"es_ES","og_type":"article","og_title":"Envigado Mansion","og_description":"Find out where to stay in Medellin, Colombia. Stay in this 5-bedroom mansion with a pool and BBQ. Book Today!","og_url":"https:\/\/two.travel\/es\/mansion-envigado-medellin\/","og_site_name":"Two Travel Concierge","article_publisher":"https:\/\/www.facebook.com\/twotravelconcierge","article_modified_time":"2025-05-12T19:48:08+00:00","og_image":[{"width":1024,"height":691,"url":"https:\/\/two.travel\/wp-content\/uploads\/2025\/03\/WhatsApp-Image-2022-06-13-at-10.03.56-AM.jpeg","type":"image\/jpeg"}],"twitter_card":"summary_large_image","twitter_misc":{"Tiempo de lectura":"2 minutos"},"schema":{"@context":"https:\/\/schema.org","@graph":[{"@type":"WebPage","@id":"https:\/\/two.travel\/envigado-mansion-medellin\/","url":"https:\/\/two.travel\/envigado-mansion-medellin\/","name":"D\u00f3nde alojarse en Medell\u00edn, Colombia - Mansi\u00f3n Envigado - Two Travel","isPartOf":{"@id":"https:\/\/two.travel\/#website"},"primaryImageOfPage":{"@id":"https:\/\/two.travel\/envigado-mansion-medellin\/#primaryimage"},"image":{"@id":"https:\/\/two.travel\/envigado-mansion-medellin\/#primaryimage"},"thumbnailUrl":"https:\/\/two.travel\/wp-content\/uploads\/2025\/03\/WhatsApp-Image-2022-06-13-at-10.03.56-AM.jpeg","datePublished":"2025-03-20T19:50:24+00:00","dateModified":"2025-05-12T19:48:08+00:00","description":"Descubre d\u00f3nde alojarte en Medell\u00edn, Colombia. Al\u00f3jate en esta mansi\u00f3n de 5 dormitorios con piscina y barbacoa. \u00a1Reserve hoy mismo!","breadcrumb":{"@id":"https:\/\/two.travel\/#breadcrumb"},"inLanguage":"es-CO","potentialAction":[{"@type":"ReadAction","target":["https:\/\/two.travel\/envigado-mansion-medellin\/"]}]},{"@type":"ImageObject","inLanguage":"es-CO","@id":"https:\/\/two.travel\/envigado-mansion-medellin\/#primaryimage","url":"https:\/\/two.travel\/wp-content\/uploads\/2025\/03\/WhatsApp-Image-2022-06-13-at-10.03.56-AM.jpeg","contentUrl":"https:\/\/two.travel\/wp-content\/uploads\/2025\/03\/WhatsApp-Image-2022-06-13-at-10.03.56-AM.jpeg","width":1024,"height":691},{"@type":"BreadcrumbList","@id":"https:\/\/two.travel\/envigado-mansion-medellin\/#breadcrumb","itemListElement":[{"@type":"ListItem","position":1,"name":"Home","item":"https:\/\/two.travel\/"},{"@type":"ListItem","position":2,"name":"Envigado Mansion"}]},{"@type":"WebSite","@id":"https:\/\/two.travel\/#website","url":"https:\/\/two.travel\/","name":"Dos conserjes de viajes","description":"Luxury Travel: Villas, Boats, Concierge, and Weddings in Colombia and Mexico","publisher":{"@id":"https:\/\/two.travel\/#organization"},"alternateName":"Two Travel","potentialAction":[{"@type":"SearchAction","target":{"@type":"EntryPoint","urlTemplate":"https:\/\/two.travel\/?s={search_term_string}"},"query-input":{"@type":"PropertyValueSpecification","valueRequired":true,"valueName":"search_term_string"}}],"inLanguage":"es-CO"},{"@type":"Organization","@id":"https:\/\/two.travel\/#organization","name":"Dos conserjes de viajes","alternateName":"Two Travel","url":"https:\/\/two.travel\/","logo":{"@type":"ImageObject","inLanguage":"es-CO","@id":"https:\/\/two.travel\/#\/schema\/logo\/image\/","url":"https:\/\/two.travel\/wp-content\/uploads\/2025\/02\/cropped-Two-Travel-LOGO-300x179-1.png","contentUrl":"https:\/\/two.travel\/wp-content\/uploads\/2025\/02\/cropped-Two-Travel-LOGO-300x179-1.png","width":300,"height":178,"caption":"Two Travel Concierge"},"image":{"@id":"https:\/\/two.travel\/#\/schema\/logo\/image\/"},"sameAs":["https:\/\/www.facebook.com\/twotravelconcierge","https:\/\/www.instagram.com\/twotravelconcierge\/","https:\/\/www.linkedin.com\/company\/two-travel\/"],"description":"Two Travel is a boutique travel concierge and Destination Management Company specializing in curated group experiences across Colombia and Mexico.","email":"reservations@two.travel","telephone":"+12126530000","legalName":"Tino Destinations","foundingDate":"2016-07-11","numberOfEmployees":{"@type":"QuantitativeValue","minValue":"51","maxValue":"200"}}]}},"_links":{"self":[{"href":"https:\/\/two.travel\/es\/wp-json\/wp\/v2\/pages\/2175099","targetHints":{"allow":["GET"]}}],"collection":[{"href":"https:\/\/two.travel\/es\/wp-json\/wp\/v2\/pages"}],"about":[{"href":"https:\/\/two.travel\/es\/wp-json\/wp\/v2\/types\/page"}],"author":[{"embeddable":true,"href":"https:\/\/two.travel\/es\/wp-json\/wp\/v2\/users\/3"}],"replies":[{"embeddable":true,"href":"https:\/\/two.travel\/es\/wp-json\/wp\/v2\/comments?post=2175099"}],"version-history":[{"count":2,"href":"https:\/\/two.travel\/es\/wp-json\/wp\/v2\/pages\/2175099\/revisions"}],"predecessor-version":[{"id":2179351,"href":"https:\/\/two.travel\/es\/wp-json\/wp\/v2\/pages\/2175099\/revisions\/2179351"}],"wp:featuredmedia":[{"embeddable":true,"href":"https:\/\/two.travel\/es\/wp-json\/wp\/v2\/media\/2175104"}],"wp:attachment":[{"href":"https:\/\/two.travel\/es\/wp-json\/wp\/v2\/media?parent=2175099"}],"curies":[{"name":"wp","href":"https:\/\/api.w.org\/{rel}","templated":true}]}}