{"id":2175066,"date":"2025-03-20T19:40:06","date_gmt":"2025-03-20T19:40:06","guid":{"rendered":"https:\/\/two.travel\/pruebas\/?page_id=2175066"},"modified":"2025-05-13T17:46:57","modified_gmt":"2025-05-13T17:46:57","slug":"12-dormitorios-manila-casa-2","status":"publish","type":"page","link":"https:\/\/two.travel\/es\/12-bedroom-manila-house-2\/","title":{"rendered":"Mansi\u00f3n de Manila"},"content":{"rendered":"<p>Bienvenido a nuestra amplia villa de 12 habitaciones situada en el vibrante coraz\u00f3n del barrio de Manila en El Poblado, Medell\u00edn. Este lujoso alojamiento en Medell\u00edn est\u00e1 rodeado por el pulso de la ciudad, incluyendo encantadoras cafeter\u00edas, tentadores restaurantes, elegantes boutiques y electrizantes lugares de vida nocturna, nuestro retiro palaciego ofrece el ep\u00edtome de la comodidad y el lujo.<\/p>\n\n\n\n<p>Estrat\u00e9gicamente situada, todo lo que desea est\u00e1 a pocos pasos de distancia, lo que le permite integrarse perfectamente en el animado tapiz de Medell\u00edn, mientras disfruta de un confort absoluto. Para satisfacer las necesidades de grupos grandes y entusiastas de las fiestas, nuestra villa es el lugar ideal para reuniones inolvidables. Disfrute de la libertad de celebrar con invitados permitidos y la garant\u00eda de servicios de limpieza diarios para mantener las festividades en pleno apogeo. Perfecta para despedidas de soltero, reuniones familiares o cualquier gran celebraci\u00f3n, nuestra villa promete una experiencia sin igual en el coraz\u00f3n de la palpitante energ\u00eda de Medell\u00edn.<\/p>\n\n\n\n<p><\/p>","protected":false},"excerpt":{"rendered":"<p>Welcome to our sprawling 12-bedroom villa nestled in the vibrant heart of Manila neighborhood in El Poblado, Medellin! This luxury Medellin accommodation is surrounded by the pulse of the city, including charming coffee shops, tantalizing restaurants, chic boutiques, and electrifying nightlife spots, our palatial retreat offers the epitome of convenience and luxury. Strategically positioned, everything [&hellip;]<\/p>\n","protected":false},"author":3,"featured_media":2175077,"parent":0,"menu_order":0,"comment_status":"closed","ping_status":"closed","template":"","meta":{"_acf_changed":false,"content-type":"","footnotes":""},"class_list":["post-2175066","page","type-page","status-publish","has-post-thumbnail","hentry"],"acf":[],"yoast_head":"<!-- This site is optimized with the Yoast SEO Premium plugin v27.3 (Yoast SEO v27.3) - https:\/\/yoast.com\/product\/yoast-seo-premium-wordpress\/ -->\n<title>Medellin Accommodations - 12 Bedroom Luxury Villa - Two Travel Concierge<\/title>\n<meta name=\"description\" content=\"Luxury Villa in Medellin, Colombia. 12 Bedroom 26 Guest House in El Poblado. Contact us at Two Travel and Book your Medellin Accommodation.\" \/>\n<meta name=\"robots\" content=\"index, follow, max-snippet:-1, max-image-preview:large, max-video-preview:-1\" \/>\n<link rel=\"canonical\" href=\"https:\/\/two.travel\/es\/12-dormitorios-manila-casa-2\/\" \/>\n<meta property=\"og:locale\" content=\"es_ES\" \/>\n<meta property=\"og:type\" content=\"article\" \/>\n<meta property=\"og:title\" content=\"Manila Mansion\" \/>\n<meta property=\"og:description\" content=\"Luxury Villa in Medellin, Colombia. 12 Bedroom 26 Guest House in El Poblado. Contact us at Two Travel and Book your Medellin Accommodation.\" \/>\n<meta property=\"og:url\" content=\"https:\/\/two.travel\/es\/12-dormitorios-manila-casa-2\/\" \/>\n<meta property=\"og:site_name\" content=\"Two Travel Concierge\" \/>\n<meta property=\"article:publisher\" content=\"https:\/\/www.facebook.com\/twotravelconcierge\" \/>\n<meta property=\"article:modified_time\" content=\"2025-05-13T17:46:57+00:00\" \/>\n<meta property=\"og:image\" content=\"https:\/\/two.travel\/wp-content\/uploads\/2025\/03\/7Z3C3618.jpg\" \/>\n\t<meta property=\"og:image:width\" content=\"1621\" \/>\n\t<meta property=\"og:image:height\" content=\"1080\" \/>\n\t<meta property=\"og:image:type\" content=\"image\/jpeg\" \/>\n<meta name=\"twitter:card\" content=\"summary_large_image\" \/>\n<meta name=\"twitter:label1\" content=\"Tiempo de lectura\" \/>\n\t<meta name=\"twitter:data1\" content=\"1 minuto\" \/>\n<script type=\"application\/ld+json\" class=\"yoast-schema-graph\">{\"@context\":\"https:\\\/\\\/schema.org\",\"@graph\":[{\"@type\":\"WebPage\",\"@id\":\"https:\\\/\\\/two.travel\\\/12-bedroom-manila-house-2\\\/\",\"url\":\"https:\\\/\\\/two.travel\\\/12-bedroom-manila-house-2\\\/\",\"name\":\"Medellin Accommodations - 12 Bedroom Luxury Villa - Two Travel Concierge\",\"isPartOf\":{\"@id\":\"https:\\\/\\\/two.travel\\\/#website\"},\"primaryImageOfPage\":{\"@id\":\"https:\\\/\\\/two.travel\\\/12-bedroom-manila-house-2\\\/#primaryimage\"},\"image\":{\"@id\":\"https:\\\/\\\/two.travel\\\/12-bedroom-manila-house-2\\\/#primaryimage\"},\"thumbnailUrl\":\"https:\\\/\\\/two.travel\\\/wp-content\\\/uploads\\\/2025\\\/03\\\/7Z3C3618.jpg\",\"datePublished\":\"2025-03-20T19:40:06+00:00\",\"dateModified\":\"2025-05-13T17:46:57+00:00\",\"description\":\"Luxury Villa in Medellin, Colombia. 12 Bedroom 26 Guest House in El Poblado. Contact us at Two Travel and Book your Medellin Accommodation.\",\"breadcrumb\":{\"@id\":\"https:\\\/\\\/two.travel\\\/#breadcrumb\"},\"inLanguage\":\"es-CO\",\"potentialAction\":[{\"@type\":\"ReadAction\",\"target\":[\"https:\\\/\\\/two.travel\\\/12-bedroom-manila-house-2\\\/\"]}]},{\"@type\":\"ImageObject\",\"inLanguage\":\"es-CO\",\"@id\":\"https:\\\/\\\/two.travel\\\/12-bedroom-manila-house-2\\\/#primaryimage\",\"url\":\"https:\\\/\\\/two.travel\\\/wp-content\\\/uploads\\\/2025\\\/03\\\/7Z3C3618.jpg\",\"contentUrl\":\"https:\\\/\\\/two.travel\\\/wp-content\\\/uploads\\\/2025\\\/03\\\/7Z3C3618.jpg\",\"width\":1621,\"height\":1080},{\"@type\":\"BreadcrumbList\",\"@id\":\"https:\\\/\\\/two.travel\\\/12-bedroom-manila-house-2\\\/#breadcrumb\",\"itemListElement\":[{\"@type\":\"ListItem\",\"position\":1,\"name\":\"Home\",\"item\":\"https:\\\/\\\/two.travel\\\/\"},{\"@type\":\"ListItem\",\"position\":2,\"name\":\"Manila Mansion\"}]},{\"@type\":\"WebSite\",\"@id\":\"https:\\\/\\\/two.travel\\\/#website\",\"url\":\"https:\\\/\\\/two.travel\\\/\",\"name\":\"Two Travel Concierge\",\"description\":\"Luxury Travel: Villas, Boats, Concierge, and Weddings in Colombia and Mexico\",\"publisher\":{\"@id\":\"https:\\\/\\\/two.travel\\\/#organization\"},\"alternateName\":\"Two Travel\",\"potentialAction\":[{\"@type\":\"SearchAction\",\"target\":{\"@type\":\"EntryPoint\",\"urlTemplate\":\"https:\\\/\\\/two.travel\\\/?s={search_term_string}\"},\"query-input\":{\"@type\":\"PropertyValueSpecification\",\"valueRequired\":true,\"valueName\":\"search_term_string\"}}],\"inLanguage\":\"es-CO\"},{\"@type\":\"Organization\",\"@id\":\"https:\\\/\\\/two.travel\\\/#organization\",\"name\":\"Two Travel Concierge\",\"alternateName\":\"Two Travel\",\"url\":\"https:\\\/\\\/two.travel\\\/\",\"logo\":{\"@type\":\"ImageObject\",\"inLanguage\":\"es-CO\",\"@id\":\"https:\\\/\\\/two.travel\\\/#\\\/schema\\\/logo\\\/image\\\/\",\"url\":\"https:\\\/\\\/two.travel\\\/wp-content\\\/uploads\\\/2025\\\/02\\\/cropped-Two-Travel-LOGO-300x179-1.png\",\"contentUrl\":\"https:\\\/\\\/two.travel\\\/wp-content\\\/uploads\\\/2025\\\/02\\\/cropped-Two-Travel-LOGO-300x179-1.png\",\"width\":300,\"height\":178,\"caption\":\"Two Travel Concierge\"},\"image\":{\"@id\":\"https:\\\/\\\/two.travel\\\/#\\\/schema\\\/logo\\\/image\\\/\"},\"sameAs\":[\"https:\\\/\\\/www.facebook.com\\\/twotravelconcierge\",\"https:\\\/\\\/www.instagram.com\\\/twotravelconcierge\\\/\",\"https:\\\/\\\/www.linkedin.com\\\/company\\\/two-travel\\\/\"],\"description\":\"Two Travel is a boutique travel concierge and Destination Management Company specializing in curated group experiences across Colombia and Mexico.\",\"email\":\"reservations@two.travel\",\"telephone\":\"+12126530000\",\"legalName\":\"Tino Destinations\",\"foundingDate\":\"2016-07-11\",\"numberOfEmployees\":{\"@type\":\"QuantitativeValue\",\"minValue\":\"51\",\"maxValue\":\"200\"}}]}<\/script>\n<!-- \/ Yoast SEO Premium plugin. -->","yoast_head_json":{"title":"Medellin Alojamientos - Villa de lujo de 12 habitaciones - Dos Travel Concierge","description":"Villa de Lujo en Medellin, Colombia. Casa de Hu\u00e9spedes 12 Habitaciones 26 en El Poblado. Contactenos en Two Travel y Reserve su Alojamiento en Medellin.","robots":{"index":"index","follow":"follow","max-snippet":"max-snippet:-1","max-image-preview":"max-image-preview:large","max-video-preview":"max-video-preview:-1"},"canonical":"https:\/\/two.travel\/es\/12-dormitorios-manila-casa-2\/","og_locale":"es_ES","og_type":"article","og_title":"Manila Mansion","og_description":"Luxury Villa in Medellin, Colombia. 12 Bedroom 26 Guest House in El Poblado. Contact us at Two Travel and Book your Medellin Accommodation.","og_url":"https:\/\/two.travel\/es\/12-dormitorios-manila-casa-2\/","og_site_name":"Two Travel Concierge","article_publisher":"https:\/\/www.facebook.com\/twotravelconcierge","article_modified_time":"2025-05-13T17:46:57+00:00","og_image":[{"width":1621,"height":1080,"url":"https:\/\/two.travel\/wp-content\/uploads\/2025\/03\/7Z3C3618.jpg","type":"image\/jpeg"}],"twitter_card":"summary_large_image","twitter_misc":{"Tiempo de lectura":"1 minuto"},"schema":{"@context":"https:\/\/schema.org","@graph":[{"@type":"WebPage","@id":"https:\/\/two.travel\/12-bedroom-manila-house-2\/","url":"https:\/\/two.travel\/12-bedroom-manila-house-2\/","name":"Medellin Alojamientos - Villa de lujo de 12 habitaciones - Dos Travel Concierge","isPartOf":{"@id":"https:\/\/two.travel\/#website"},"primaryImageOfPage":{"@id":"https:\/\/two.travel\/12-bedroom-manila-house-2\/#primaryimage"},"image":{"@id":"https:\/\/two.travel\/12-bedroom-manila-house-2\/#primaryimage"},"thumbnailUrl":"https:\/\/two.travel\/wp-content\/uploads\/2025\/03\/7Z3C3618.jpg","datePublished":"2025-03-20T19:40:06+00:00","dateModified":"2025-05-13T17:46:57+00:00","description":"Villa de Lujo en Medellin, Colombia. Casa de Hu\u00e9spedes 12 Habitaciones 26 en El Poblado. Contactenos en Two Travel y Reserve su Alojamiento en Medellin.","breadcrumb":{"@id":"https:\/\/two.travel\/#breadcrumb"},"inLanguage":"es-CO","potentialAction":[{"@type":"ReadAction","target":["https:\/\/two.travel\/12-bedroom-manila-house-2\/"]}]},{"@type":"ImageObject","inLanguage":"es-CO","@id":"https:\/\/two.travel\/12-bedroom-manila-house-2\/#primaryimage","url":"https:\/\/two.travel\/wp-content\/uploads\/2025\/03\/7Z3C3618.jpg","contentUrl":"https:\/\/two.travel\/wp-content\/uploads\/2025\/03\/7Z3C3618.jpg","width":1621,"height":1080},{"@type":"BreadcrumbList","@id":"https:\/\/two.travel\/12-bedroom-manila-house-2\/#breadcrumb","itemListElement":[{"@type":"ListItem","position":1,"name":"Home","item":"https:\/\/two.travel\/"},{"@type":"ListItem","position":2,"name":"Manila Mansion"}]},{"@type":"WebSite","@id":"https:\/\/two.travel\/#website","url":"https:\/\/two.travel\/","name":"Dos conserjes de viajes","description":"Luxury Travel: Villas, Boats, Concierge, and Weddings in Colombia and Mexico","publisher":{"@id":"https:\/\/two.travel\/#organization"},"alternateName":"Two Travel","potentialAction":[{"@type":"SearchAction","target":{"@type":"EntryPoint","urlTemplate":"https:\/\/two.travel\/?s={search_term_string}"},"query-input":{"@type":"PropertyValueSpecification","valueRequired":true,"valueName":"search_term_string"}}],"inLanguage":"es-CO"},{"@type":"Organization","@id":"https:\/\/two.travel\/#organization","name":"Dos conserjes de viajes","alternateName":"Two Travel","url":"https:\/\/two.travel\/","logo":{"@type":"ImageObject","inLanguage":"es-CO","@id":"https:\/\/two.travel\/#\/schema\/logo\/image\/","url":"https:\/\/two.travel\/wp-content\/uploads\/2025\/02\/cropped-Two-Travel-LOGO-300x179-1.png","contentUrl":"https:\/\/two.travel\/wp-content\/uploads\/2025\/02\/cropped-Two-Travel-LOGO-300x179-1.png","width":300,"height":178,"caption":"Two Travel Concierge"},"image":{"@id":"https:\/\/two.travel\/#\/schema\/logo\/image\/"},"sameAs":["https:\/\/www.facebook.com\/twotravelconcierge","https:\/\/www.instagram.com\/twotravelconcierge\/","https:\/\/www.linkedin.com\/company\/two-travel\/"],"description":"Two Travel is a boutique travel concierge and Destination Management Company specializing in curated group experiences across Colombia and Mexico.","email":"reservations@two.travel","telephone":"+12126530000","legalName":"Tino Destinations","foundingDate":"2016-07-11","numberOfEmployees":{"@type":"QuantitativeValue","minValue":"51","maxValue":"200"}}]}},"_links":{"self":[{"href":"https:\/\/two.travel\/es\/wp-json\/wp\/v2\/pages\/2175066","targetHints":{"allow":["GET"]}}],"collection":[{"href":"https:\/\/two.travel\/es\/wp-json\/wp\/v2\/pages"}],"about":[{"href":"https:\/\/two.travel\/es\/wp-json\/wp\/v2\/types\/page"}],"author":[{"embeddable":true,"href":"https:\/\/two.travel\/es\/wp-json\/wp\/v2\/users\/3"}],"replies":[{"embeddable":true,"href":"https:\/\/two.travel\/es\/wp-json\/wp\/v2\/comments?post=2175066"}],"version-history":[{"count":2,"href":"https:\/\/two.travel\/es\/wp-json\/wp\/v2\/pages\/2175066\/revisions"}],"predecessor-version":[{"id":2175084,"href":"https:\/\/two.travel\/es\/wp-json\/wp\/v2\/pages\/2175066\/revisions\/2175084"}],"wp:featuredmedia":[{"embeddable":true,"href":"https:\/\/two.travel\/es\/wp-json\/wp\/v2\/media\/2175077"}],"wp:attachment":[{"href":"https:\/\/two.travel\/es\/wp-json\/wp\/v2\/media?parent=2175066"}],"curies":[{"name":"wp","href":"https:\/\/api.w.org\/{rel}","templated":true}]}}