{"id":2175052,"date":"2025-03-20T19:28:45","date_gmt":"2025-03-20T19:28:45","guid":{"rendered":"https:\/\/two.travel\/pruebas\/?page_id=2175052"},"modified":"2026-04-08T14:36:02","modified_gmt":"2026-04-08T14:36:02","slug":"casa-de-manila-de-8-dormitorios","status":"publish","type":"page","link":"https:\/\/two.travel\/es\/8-bedroom-manila-house\/","title":{"rendered":"Casa El Poblado"},"content":{"rendered":"<p>\u00a1Bienvenido a nuestra amplia villa de 8 dormitorios situada en el vibrante barrio de Manila de El Poblado, Medell\u00edn! Si usted est\u00e1 buscando d\u00f3nde alojarse en Medell\u00edn no busque m\u00e1s. Esta villa est\u00e1 rodeada de encantadoras cafeter\u00edas, deliciosos restaurantes, tiendas boutique y vibrante vida nocturna, nuestro amplio refugio ofrece la mezcla perfecta de comodidad y confort.<\/p>\n\n\n\n<p>Idealmente situado, todo lo que desea est\u00e1 a un tiro de piedra, lo que le permite sumergirse plenamente en el animado ritmo de Medell\u00edn mientras disfruta de la m\u00e1xima comodidad.&nbsp;<a href=\"https:\/\/two.travel\/es\/manila-poblado-mejor-lugar-para-alojarse-en-medellin\/\"><strong>\u00bfQuieres saber m\u00e1s sobre el barrio? Haga clic aqu\u00ed y vea todo lo que puede ofrecerle.<\/strong><\/a>&nbsp;Despu\u00e9s de un d\u00eda de exploraci\u00f3n, ret\u00edrese a nuestro oasis en la azotea, donde podr\u00e1 disfrutar de las impresionantes vistas de la ciudad mientras saborea una deliciosa barbacoa cocinada en nuestra barbacoa de la azotea. Para relajarse al m\u00e1ximo, rel\u00e1jese en las relajantes aguas de nuestra ba\u00f1era de hidromasaje privada, situada en medio del horizonte de la ciudad.<\/p>","protected":false},"excerpt":{"rendered":"<p>Welcome to our expansive 8-bedroom villa nestled in the vibrant Manila neighborhood of El Poblado, Medellin! If you\u2019re looking where to stay in Medellin look no further. This villa is surrounded by charming coffee shops, delectable restaurants, boutique stores, and vibrant nightlife, our spacious retreat offers the perfect blend of convenience and comfort. Ideally located, [&hellip;]<\/p>\n","protected":false},"author":3,"featured_media":2175064,"parent":0,"menu_order":0,"comment_status":"closed","ping_status":"closed","template":"","meta":{"_acf_changed":false,"content-type":"","footnotes":""},"class_list":["post-2175052","page","type-page","status-publish","has-post-thumbnail","hentry"],"acf":[],"yoast_head":"<!-- This site is optimized with the Yoast SEO Premium plugin v27.3 (Yoast SEO v27.3) - https:\/\/yoast.com\/product\/yoast-seo-premium-wordpress\/ -->\n<title>Medellin Accommodations - 8 Bedroom Luxury Villa - Two Travel Concierge<\/title>\n<meta name=\"description\" content=\"Luxury Villa in Medellin, Colombia. 12 Bedroom 26 Guest House in El Poblado. Contact us at Two Travel and Book your Medellin Accommodation.\" \/>\n<meta name=\"robots\" content=\"index, follow, max-snippet:-1, max-image-preview:large, max-video-preview:-1\" \/>\n<link rel=\"canonical\" href=\"https:\/\/two.travel\/es\/casa-de-manila-de-8-dormitorios\/\" \/>\n<meta property=\"og:locale\" content=\"es_ES\" \/>\n<meta property=\"og:type\" content=\"article\" \/>\n<meta property=\"og:title\" content=\"El Poblado House\" \/>\n<meta property=\"og:description\" content=\"Luxury Villa in Medellin, Colombia. 12 Bedroom 26 Guest House in El Poblado. Contact us at Two Travel and Book your Medellin Accommodation.\" \/>\n<meta property=\"og:url\" content=\"https:\/\/two.travel\/es\/casa-de-manila-de-8-dormitorios\/\" \/>\n<meta property=\"og:site_name\" content=\"Two Travel Concierge\" \/>\n<meta property=\"article:publisher\" content=\"https:\/\/www.facebook.com\/twotravelconcierge\" \/>\n<meta property=\"article:modified_time\" content=\"2026-04-08T14:36:02+00:00\" \/>\n<meta property=\"og:image\" content=\"https:\/\/two.travel\/wp-content\/uploads\/2025\/03\/7Z3C3895.jpg\" \/>\n\t<meta property=\"og:image:width\" content=\"1151\" \/>\n\t<meta property=\"og:image:height\" content=\"1080\" \/>\n\t<meta property=\"og:image:type\" content=\"image\/jpeg\" \/>\n<meta name=\"twitter:card\" content=\"summary_large_image\" \/>\n<meta name=\"twitter:label1\" content=\"Tiempo de lectura\" \/>\n\t<meta name=\"twitter:data1\" content=\"1 minuto\" \/>\n<script type=\"application\/ld+json\" class=\"yoast-schema-graph\">{\"@context\":\"https:\\\/\\\/schema.org\",\"@graph\":[{\"@type\":\"WebPage\",\"@id\":\"https:\\\/\\\/two.travel\\\/8-bedroom-manila-house\\\/\",\"url\":\"https:\\\/\\\/two.travel\\\/8-bedroom-manila-house\\\/\",\"name\":\"Medellin Accommodations - 8 Bedroom Luxury Villa - Two Travel Concierge\",\"isPartOf\":{\"@id\":\"https:\\\/\\\/two.travel\\\/#website\"},\"primaryImageOfPage\":{\"@id\":\"https:\\\/\\\/two.travel\\\/8-bedroom-manila-house\\\/#primaryimage\"},\"image\":{\"@id\":\"https:\\\/\\\/two.travel\\\/8-bedroom-manila-house\\\/#primaryimage\"},\"thumbnailUrl\":\"https:\\\/\\\/two.travel\\\/wp-content\\\/uploads\\\/2025\\\/03\\\/7Z3C3895.jpg\",\"datePublished\":\"2025-03-20T19:28:45+00:00\",\"dateModified\":\"2026-04-08T14:36:02+00:00\",\"description\":\"Luxury Villa in Medellin, Colombia. 12 Bedroom 26 Guest House in El Poblado. Contact us at Two Travel and Book your Medellin Accommodation.\",\"breadcrumb\":{\"@id\":\"https:\\\/\\\/two.travel\\\/#breadcrumb\"},\"inLanguage\":\"es-CO\",\"potentialAction\":[{\"@type\":\"ReadAction\",\"target\":[\"https:\\\/\\\/two.travel\\\/8-bedroom-manila-house\\\/\"]}]},{\"@type\":\"ImageObject\",\"inLanguage\":\"es-CO\",\"@id\":\"https:\\\/\\\/two.travel\\\/8-bedroom-manila-house\\\/#primaryimage\",\"url\":\"https:\\\/\\\/two.travel\\\/wp-content\\\/uploads\\\/2025\\\/03\\\/7Z3C3895.jpg\",\"contentUrl\":\"https:\\\/\\\/two.travel\\\/wp-content\\\/uploads\\\/2025\\\/03\\\/7Z3C3895.jpg\",\"width\":1151,\"height\":1080},{\"@type\":\"BreadcrumbList\",\"@id\":\"https:\\\/\\\/two.travel\\\/8-bedroom-manila-house\\\/#breadcrumb\",\"itemListElement\":[{\"@type\":\"ListItem\",\"position\":1,\"name\":\"Home\",\"item\":\"https:\\\/\\\/two.travel\\\/\"},{\"@type\":\"ListItem\",\"position\":2,\"name\":\"El Poblado House\"}]},{\"@type\":\"WebSite\",\"@id\":\"https:\\\/\\\/two.travel\\\/#website\",\"url\":\"https:\\\/\\\/two.travel\\\/\",\"name\":\"Two Travel Concierge\",\"description\":\"Luxury Travel: Villas, Boats, Concierge, and Weddings in Colombia and Mexico\",\"publisher\":{\"@id\":\"https:\\\/\\\/two.travel\\\/#organization\"},\"alternateName\":\"Two Travel\",\"potentialAction\":[{\"@type\":\"SearchAction\",\"target\":{\"@type\":\"EntryPoint\",\"urlTemplate\":\"https:\\\/\\\/two.travel\\\/?s={search_term_string}\"},\"query-input\":{\"@type\":\"PropertyValueSpecification\",\"valueRequired\":true,\"valueName\":\"search_term_string\"}}],\"inLanguage\":\"es-CO\"},{\"@type\":\"Organization\",\"@id\":\"https:\\\/\\\/two.travel\\\/#organization\",\"name\":\"Two Travel Concierge\",\"alternateName\":\"Two Travel\",\"url\":\"https:\\\/\\\/two.travel\\\/\",\"logo\":{\"@type\":\"ImageObject\",\"inLanguage\":\"es-CO\",\"@id\":\"https:\\\/\\\/two.travel\\\/#\\\/schema\\\/logo\\\/image\\\/\",\"url\":\"https:\\\/\\\/two.travel\\\/wp-content\\\/uploads\\\/2025\\\/02\\\/cropped-Two-Travel-LOGO-300x179-1.png\",\"contentUrl\":\"https:\\\/\\\/two.travel\\\/wp-content\\\/uploads\\\/2025\\\/02\\\/cropped-Two-Travel-LOGO-300x179-1.png\",\"width\":300,\"height\":178,\"caption\":\"Two Travel Concierge\"},\"image\":{\"@id\":\"https:\\\/\\\/two.travel\\\/#\\\/schema\\\/logo\\\/image\\\/\"},\"sameAs\":[\"https:\\\/\\\/www.facebook.com\\\/twotravelconcierge\",\"https:\\\/\\\/www.instagram.com\\\/twotravelconcierge\\\/\",\"https:\\\/\\\/www.linkedin.com\\\/company\\\/two-travel\\\/\"],\"description\":\"Two Travel is a boutique travel concierge and Destination Management Company specializing in curated group experiences across Colombia and Mexico.\",\"email\":\"reservations@two.travel\",\"telephone\":\"+12126530000\",\"legalName\":\"Tino Destinations\",\"foundingDate\":\"2016-07-11\",\"numberOfEmployees\":{\"@type\":\"QuantitativeValue\",\"minValue\":\"51\",\"maxValue\":\"200\"}}]}<\/script>\n<!-- \/ Yoast SEO Premium plugin. -->","yoast_head_json":{"title":"Medellin Accommodations - 8 Bedroom Luxury Villa - Two Travel Concierge","description":"Villa de Lujo en Medellin, Colombia. Casa de Hu\u00e9spedes 12 Habitaciones 26 en El Poblado. Contactenos en Two Travel y Reserve su Alojamiento en Medellin.","robots":{"index":"index","follow":"follow","max-snippet":"max-snippet:-1","max-image-preview":"max-image-preview:large","max-video-preview":"max-video-preview:-1"},"canonical":"https:\/\/two.travel\/es\/casa-de-manila-de-8-dormitorios\/","og_locale":"es_ES","og_type":"article","og_title":"El Poblado House","og_description":"Luxury Villa in Medellin, Colombia. 12 Bedroom 26 Guest House in El Poblado. Contact us at Two Travel and Book your Medellin Accommodation.","og_url":"https:\/\/two.travel\/es\/casa-de-manila-de-8-dormitorios\/","og_site_name":"Two Travel Concierge","article_publisher":"https:\/\/www.facebook.com\/twotravelconcierge","article_modified_time":"2026-04-08T14:36:02+00:00","og_image":[{"width":1151,"height":1080,"url":"https:\/\/two.travel\/wp-content\/uploads\/2025\/03\/7Z3C3895.jpg","type":"image\/jpeg"}],"twitter_card":"summary_large_image","twitter_misc":{"Tiempo de lectura":"1 minuto"},"schema":{"@context":"https:\/\/schema.org","@graph":[{"@type":"WebPage","@id":"https:\/\/two.travel\/8-bedroom-manila-house\/","url":"https:\/\/two.travel\/8-bedroom-manila-house\/","name":"Medellin Accommodations - 8 Bedroom Luxury Villa - Two Travel Concierge","isPartOf":{"@id":"https:\/\/two.travel\/#website"},"primaryImageOfPage":{"@id":"https:\/\/two.travel\/8-bedroom-manila-house\/#primaryimage"},"image":{"@id":"https:\/\/two.travel\/8-bedroom-manila-house\/#primaryimage"},"thumbnailUrl":"https:\/\/two.travel\/wp-content\/uploads\/2025\/03\/7Z3C3895.jpg","datePublished":"2025-03-20T19:28:45+00:00","dateModified":"2026-04-08T14:36:02+00:00","description":"Villa de Lujo en Medellin, Colombia. Casa de Hu\u00e9spedes 12 Habitaciones 26 en El Poblado. Contactenos en Two Travel y Reserve su Alojamiento en Medellin.","breadcrumb":{"@id":"https:\/\/two.travel\/#breadcrumb"},"inLanguage":"es-CO","potentialAction":[{"@type":"ReadAction","target":["https:\/\/two.travel\/8-bedroom-manila-house\/"]}]},{"@type":"ImageObject","inLanguage":"es-CO","@id":"https:\/\/two.travel\/8-bedroom-manila-house\/#primaryimage","url":"https:\/\/two.travel\/wp-content\/uploads\/2025\/03\/7Z3C3895.jpg","contentUrl":"https:\/\/two.travel\/wp-content\/uploads\/2025\/03\/7Z3C3895.jpg","width":1151,"height":1080},{"@type":"BreadcrumbList","@id":"https:\/\/two.travel\/8-bedroom-manila-house\/#breadcrumb","itemListElement":[{"@type":"ListItem","position":1,"name":"Home","item":"https:\/\/two.travel\/"},{"@type":"ListItem","position":2,"name":"El Poblado House"}]},{"@type":"WebSite","@id":"https:\/\/two.travel\/#website","url":"https:\/\/two.travel\/","name":"Dos conserjes de viajes","description":"Luxury Travel: Villas, Boats, Concierge, and Weddings in Colombia and Mexico","publisher":{"@id":"https:\/\/two.travel\/#organization"},"alternateName":"Two Travel","potentialAction":[{"@type":"SearchAction","target":{"@type":"EntryPoint","urlTemplate":"https:\/\/two.travel\/?s={search_term_string}"},"query-input":{"@type":"PropertyValueSpecification","valueRequired":true,"valueName":"search_term_string"}}],"inLanguage":"es-CO"},{"@type":"Organization","@id":"https:\/\/two.travel\/#organization","name":"Dos conserjes de viajes","alternateName":"Two Travel","url":"https:\/\/two.travel\/","logo":{"@type":"ImageObject","inLanguage":"es-CO","@id":"https:\/\/two.travel\/#\/schema\/logo\/image\/","url":"https:\/\/two.travel\/wp-content\/uploads\/2025\/02\/cropped-Two-Travel-LOGO-300x179-1.png","contentUrl":"https:\/\/two.travel\/wp-content\/uploads\/2025\/02\/cropped-Two-Travel-LOGO-300x179-1.png","width":300,"height":178,"caption":"Two Travel Concierge"},"image":{"@id":"https:\/\/two.travel\/#\/schema\/logo\/image\/"},"sameAs":["https:\/\/www.facebook.com\/twotravelconcierge","https:\/\/www.instagram.com\/twotravelconcierge\/","https:\/\/www.linkedin.com\/company\/two-travel\/"],"description":"Two Travel is a boutique travel concierge and Destination Management Company specializing in curated group experiences across Colombia and Mexico.","email":"reservations@two.travel","telephone":"+12126530000","legalName":"Tino Destinations","foundingDate":"2016-07-11","numberOfEmployees":{"@type":"QuantitativeValue","minValue":"51","maxValue":"200"}}]}},"_links":{"self":[{"href":"https:\/\/two.travel\/es\/wp-json\/wp\/v2\/pages\/2175052","targetHints":{"allow":["GET"]}}],"collection":[{"href":"https:\/\/two.travel\/es\/wp-json\/wp\/v2\/pages"}],"about":[{"href":"https:\/\/two.travel\/es\/wp-json\/wp\/v2\/types\/page"}],"author":[{"embeddable":true,"href":"https:\/\/two.travel\/es\/wp-json\/wp\/v2\/users\/3"}],"replies":[{"embeddable":true,"href":"https:\/\/two.travel\/es\/wp-json\/wp\/v2\/comments?post=2175052"}],"version-history":[{"count":2,"href":"https:\/\/two.travel\/es\/wp-json\/wp\/v2\/pages\/2175052\/revisions"}],"predecessor-version":[{"id":2184468,"href":"https:\/\/two.travel\/es\/wp-json\/wp\/v2\/pages\/2175052\/revisions\/2184468"}],"wp:featuredmedia":[{"embeddable":true,"href":"https:\/\/two.travel\/es\/wp-json\/wp\/v2\/media\/2175064"}],"wp:attachment":[{"href":"https:\/\/two.travel\/es\/wp-json\/wp\/v2\/media?parent=2175052"}],"curies":[{"name":"wp","href":"https:\/\/api.w.org\/{rel}","templated":true}]}}