{"id":2175015,"date":"2025-03-20T17:23:45","date_gmt":"2025-03-20T17:23:45","guid":{"rendered":"https:\/\/two.travel\/pruebas\/?page_id=2175015"},"modified":"2025-05-12T17:52:17","modified_gmt":"2025-05-12T17:52:17","slug":"casa-santisimo","status":"publish","type":"page","link":"https:\/\/two.travel\/es\/casa-santisimo\/","title":{"rendered":"Casa Santisimo"},"content":{"rendered":"<p>Esta propiedad de lujo, elegante y amueblada con 9 dormitorios es todo un gui\u00f1o a las grandes y lujosas casas de principios del siglo pasado. Esta villa \u00fanica cuenta con un espectacular patio rodeado de exuberante vegetaci\u00f3n, junto con una de las piscinas m\u00e1s grandes de la Ciudad Vieja. Esta casa de vacaciones es perfecta para sus pr\u00f3ximas vacaciones familiares o un divertido evento con todo su equipo.<\/p>\n\n\n\n<p>Esta casa incluye en la reserva un servicio de limpieza diario, un portero 24\/7 para su seguridad, y un cocinero para el desayuno. El Parque Fern\u00e1ndez Madrid est\u00e1 a tiro de piedra y todos los mejores restaurantes, bares y discotecas est\u00e1n a poca distancia, por lo que su ubicaci\u00f3n es otra de las mejores comodidades a tener en cuenta. Definitivamente est\u00e1 buscando una de las mejores villas de lujo en la Ciudad Amurallada de Cartagena, Colombia.<\/p>","protected":false},"excerpt":{"rendered":"<p>This luxury, stylish, and furnished 9-bedroom property is quite a nod to large and luxurious homes dating from the beginning of the last century. This unique villa comes with a spectacular courtyard set in a surrounding of lush greenery, together with one of the largest pools in the Old City. This holiday home is perfect [&hellip;]<\/p>\n","protected":false},"author":3,"featured_media":2175030,"parent":0,"menu_order":0,"comment_status":"closed","ping_status":"closed","template":"","meta":{"_acf_changed":false,"content-type":"","footnotes":""},"class_list":["post-2175015","page","type-page","status-publish","has-post-thumbnail","hentry"],"acf":[],"yoast_head":"<!-- This site is optimized with the Yoast SEO Premium plugin v27.3 (Yoast SEO v27.3) - https:\/\/yoast.com\/product\/yoast-seo-premium-wordpress\/ -->\n<title>Villa Santisimo | Cartagena<\/title>\n<meta name=\"description\" content=\"Stay in the Historic Old City of Cartagena, Colombia in this 9 bedroom mansion with a spectacular courtyard pool\" \/>\n<meta name=\"robots\" content=\"index, follow, max-snippet:-1, max-image-preview:large, max-video-preview:-1\" \/>\n<link rel=\"canonical\" href=\"https:\/\/two.travel\/es\/casa-santisimo\/\" \/>\n<meta property=\"og:locale\" content=\"es_ES\" \/>\n<meta property=\"og:type\" content=\"article\" \/>\n<meta property=\"og:title\" content=\"Casa Santisimo\" \/>\n<meta property=\"og:description\" content=\"Stay in the Historic Old City of Cartagena, Colombia in this 9 bedroom mansion with a spectacular courtyard pool\" \/>\n<meta property=\"og:url\" content=\"https:\/\/two.travel\/es\/casa-santisimo\/\" \/>\n<meta property=\"og:site_name\" content=\"Two Travel Concierge\" \/>\n<meta property=\"article:publisher\" content=\"https:\/\/www.facebook.com\/twotravelconcierge\" \/>\n<meta property=\"article:modified_time\" content=\"2025-05-12T17:52:17+00:00\" \/>\n<meta property=\"og:image\" content=\"https:\/\/two.travel\/wp-content\/uploads\/2025\/10\/Two-Travel-Logo-1.png\" \/>\n\t<meta property=\"og:image:width\" content=\"1072\" \/>\n\t<meta property=\"og:image:height\" content=\"581\" \/>\n\t<meta property=\"og:image:type\" content=\"image\/png\" \/>\n<meta name=\"twitter:card\" content=\"summary_large_image\" \/>\n<meta name=\"twitter:label1\" content=\"Tiempo de lectura\" \/>\n\t<meta name=\"twitter:data1\" content=\"1 minuto\" \/>\n<script type=\"application\/ld+json\" class=\"yoast-schema-graph\">{\"@context\":\"https:\\\/\\\/schema.org\",\"@graph\":[{\"@type\":\"WebPage\",\"@id\":\"https:\\\/\\\/two.travel\\\/casa-santisimo\\\/\",\"url\":\"https:\\\/\\\/two.travel\\\/casa-santisimo\\\/\",\"name\":\"Villa Santisimo | Cartagena\",\"isPartOf\":{\"@id\":\"https:\\\/\\\/two.travel\\\/#website\"},\"primaryImageOfPage\":{\"@id\":\"https:\\\/\\\/two.travel\\\/casa-santisimo\\\/#primaryimage\"},\"image\":{\"@id\":\"https:\\\/\\\/two.travel\\\/casa-santisimo\\\/#primaryimage\"},\"thumbnailUrl\":\"https:\\\/\\\/two.travel\\\/wp-content\\\/uploads\\\/2025\\\/03\\\/ecd43737-6668-473a-9711-94a39d295bf4-1-e1742491481144.avif\",\"datePublished\":\"2025-03-20T17:23:45+00:00\",\"dateModified\":\"2025-05-12T17:52:17+00:00\",\"description\":\"Stay in the Historic Old City of Cartagena, Colombia in this 9 bedroom mansion with a spectacular courtyard pool\",\"breadcrumb\":{\"@id\":\"https:\\\/\\\/two.travel\\\/#breadcrumb\"},\"inLanguage\":\"es-CO\",\"potentialAction\":[{\"@type\":\"ReadAction\",\"target\":[\"https:\\\/\\\/two.travel\\\/casa-santisimo\\\/\"]}]},{\"@type\":\"ImageObject\",\"inLanguage\":\"es-CO\",\"@id\":\"https:\\\/\\\/two.travel\\\/casa-santisimo\\\/#primaryimage\",\"url\":\"https:\\\/\\\/two.travel\\\/wp-content\\\/uploads\\\/2025\\\/03\\\/ecd43737-6668-473a-9711-94a39d295bf4-1-e1742491481144.avif\",\"contentUrl\":\"https:\\\/\\\/two.travel\\\/wp-content\\\/uploads\\\/2025\\\/03\\\/ecd43737-6668-473a-9711-94a39d295bf4-1-e1742491481144.avif\",\"width\":1200,\"height\":790},{\"@type\":\"BreadcrumbList\",\"@id\":\"https:\\\/\\\/two.travel\\\/casa-santisimo\\\/#breadcrumb\",\"itemListElement\":[{\"@type\":\"ListItem\",\"position\":1,\"name\":\"Home\",\"item\":\"https:\\\/\\\/two.travel\\\/\"},{\"@type\":\"ListItem\",\"position\":2,\"name\":\"Casa Santisimo\"}]},{\"@type\":\"WebSite\",\"@id\":\"https:\\\/\\\/two.travel\\\/#website\",\"url\":\"https:\\\/\\\/two.travel\\\/\",\"name\":\"Two Travel Concierge\",\"description\":\"Luxury Travel: Villas, Boats, Concierge, and Weddings in Colombia and Mexico\",\"publisher\":{\"@id\":\"https:\\\/\\\/two.travel\\\/#organization\"},\"alternateName\":\"Two Travel\",\"potentialAction\":[{\"@type\":\"SearchAction\",\"target\":{\"@type\":\"EntryPoint\",\"urlTemplate\":\"https:\\\/\\\/two.travel\\\/?s={search_term_string}\"},\"query-input\":{\"@type\":\"PropertyValueSpecification\",\"valueRequired\":true,\"valueName\":\"search_term_string\"}}],\"inLanguage\":\"es-CO\"},{\"@type\":\"Organization\",\"@id\":\"https:\\\/\\\/two.travel\\\/#organization\",\"name\":\"Two Travel Concierge\",\"alternateName\":\"Two Travel\",\"url\":\"https:\\\/\\\/two.travel\\\/\",\"logo\":{\"@type\":\"ImageObject\",\"inLanguage\":\"es-CO\",\"@id\":\"https:\\\/\\\/two.travel\\\/#\\\/schema\\\/logo\\\/image\\\/\",\"url\":\"https:\\\/\\\/two.travel\\\/wp-content\\\/uploads\\\/2025\\\/02\\\/cropped-Two-Travel-LOGO-300x179-1.png\",\"contentUrl\":\"https:\\\/\\\/two.travel\\\/wp-content\\\/uploads\\\/2025\\\/02\\\/cropped-Two-Travel-LOGO-300x179-1.png\",\"width\":300,\"height\":178,\"caption\":\"Two Travel Concierge\"},\"image\":{\"@id\":\"https:\\\/\\\/two.travel\\\/#\\\/schema\\\/logo\\\/image\\\/\"},\"sameAs\":[\"https:\\\/\\\/www.facebook.com\\\/twotravelconcierge\",\"https:\\\/\\\/www.instagram.com\\\/twotravelconcierge\\\/\",\"https:\\\/\\\/www.linkedin.com\\\/company\\\/two-travel\\\/\"],\"description\":\"Two Travel is a boutique travel concierge and Destination Management Company specializing in curated group experiences across Colombia and Mexico.\",\"email\":\"reservations@two.travel\",\"telephone\":\"+12126530000\",\"legalName\":\"Tino Destinations\",\"foundingDate\":\"2016-07-11\",\"numberOfEmployees\":{\"@type\":\"QuantitativeValue\",\"minValue\":\"51\",\"maxValue\":\"200\"}}]}<\/script>\n<!-- \/ Yoast SEO Premium plugin. -->","yoast_head_json":{"title":"Villa Santisimo | Cartagena","description":"Al\u00f3jese en el casco antiguo de Cartagena, Colombia, en esta mansi\u00f3n de 9 habitaciones con una espectacular piscina en el patio.","robots":{"index":"index","follow":"follow","max-snippet":"max-snippet:-1","max-image-preview":"max-image-preview:large","max-video-preview":"max-video-preview:-1"},"canonical":"https:\/\/two.travel\/es\/casa-santisimo\/","og_locale":"es_ES","og_type":"article","og_title":"Casa Santisimo","og_description":"Stay in the Historic Old City of Cartagena, Colombia in this 9 bedroom mansion with a spectacular courtyard pool","og_url":"https:\/\/two.travel\/es\/casa-santisimo\/","og_site_name":"Two Travel Concierge","article_publisher":"https:\/\/www.facebook.com\/twotravelconcierge","article_modified_time":"2025-05-12T17:52:17+00:00","og_image":[{"width":1072,"height":581,"url":"https:\/\/two.travel\/wp-content\/uploads\/2025\/10\/Two-Travel-Logo-1.png","type":"image\/png"}],"twitter_card":"summary_large_image","twitter_misc":{"Tiempo de lectura":"1 minuto"},"schema":{"@context":"https:\/\/schema.org","@graph":[{"@type":"WebPage","@id":"https:\/\/two.travel\/casa-santisimo\/","url":"https:\/\/two.travel\/casa-santisimo\/","name":"Villa Santisimo | Cartagena","isPartOf":{"@id":"https:\/\/two.travel\/#website"},"primaryImageOfPage":{"@id":"https:\/\/two.travel\/casa-santisimo\/#primaryimage"},"image":{"@id":"https:\/\/two.travel\/casa-santisimo\/#primaryimage"},"thumbnailUrl":"https:\/\/two.travel\/wp-content\/uploads\/2025\/03\/ecd43737-6668-473a-9711-94a39d295bf4-1-e1742491481144.avif","datePublished":"2025-03-20T17:23:45+00:00","dateModified":"2025-05-12T17:52:17+00:00","description":"Al\u00f3jese en el casco antiguo de Cartagena, Colombia, en esta mansi\u00f3n de 9 habitaciones con una espectacular piscina en el patio.","breadcrumb":{"@id":"https:\/\/two.travel\/#breadcrumb"},"inLanguage":"es-CO","potentialAction":[{"@type":"ReadAction","target":["https:\/\/two.travel\/casa-santisimo\/"]}]},{"@type":"ImageObject","inLanguage":"es-CO","@id":"https:\/\/two.travel\/casa-santisimo\/#primaryimage","url":"https:\/\/two.travel\/wp-content\/uploads\/2025\/03\/ecd43737-6668-473a-9711-94a39d295bf4-1-e1742491481144.avif","contentUrl":"https:\/\/two.travel\/wp-content\/uploads\/2025\/03\/ecd43737-6668-473a-9711-94a39d295bf4-1-e1742491481144.avif","width":1200,"height":790},{"@type":"BreadcrumbList","@id":"https:\/\/two.travel\/casa-santisimo\/#breadcrumb","itemListElement":[{"@type":"ListItem","position":1,"name":"Home","item":"https:\/\/two.travel\/"},{"@type":"ListItem","position":2,"name":"Casa Santisimo"}]},{"@type":"WebSite","@id":"https:\/\/two.travel\/#website","url":"https:\/\/two.travel\/","name":"Dos conserjes de viajes","description":"Luxury Travel: Villas, Boats, Concierge, and Weddings in Colombia and Mexico","publisher":{"@id":"https:\/\/two.travel\/#organization"},"alternateName":"Two Travel","potentialAction":[{"@type":"SearchAction","target":{"@type":"EntryPoint","urlTemplate":"https:\/\/two.travel\/?s={search_term_string}"},"query-input":{"@type":"PropertyValueSpecification","valueRequired":true,"valueName":"search_term_string"}}],"inLanguage":"es-CO"},{"@type":"Organization","@id":"https:\/\/two.travel\/#organization","name":"Dos conserjes de viajes","alternateName":"Two Travel","url":"https:\/\/two.travel\/","logo":{"@type":"ImageObject","inLanguage":"es-CO","@id":"https:\/\/two.travel\/#\/schema\/logo\/image\/","url":"https:\/\/two.travel\/wp-content\/uploads\/2025\/02\/cropped-Two-Travel-LOGO-300x179-1.png","contentUrl":"https:\/\/two.travel\/wp-content\/uploads\/2025\/02\/cropped-Two-Travel-LOGO-300x179-1.png","width":300,"height":178,"caption":"Two Travel Concierge"},"image":{"@id":"https:\/\/two.travel\/#\/schema\/logo\/image\/"},"sameAs":["https:\/\/www.facebook.com\/twotravelconcierge","https:\/\/www.instagram.com\/twotravelconcierge\/","https:\/\/www.linkedin.com\/company\/two-travel\/"],"description":"Two Travel is a boutique travel concierge and Destination Management Company specializing in curated group experiences across Colombia and Mexico.","email":"reservations@two.travel","telephone":"+12126530000","legalName":"Tino Destinations","foundingDate":"2016-07-11","numberOfEmployees":{"@type":"QuantitativeValue","minValue":"51","maxValue":"200"}}]}},"_links":{"self":[{"href":"https:\/\/two.travel\/es\/wp-json\/wp\/v2\/pages\/2175015","targetHints":{"allow":["GET"]}}],"collection":[{"href":"https:\/\/two.travel\/es\/wp-json\/wp\/v2\/pages"}],"about":[{"href":"https:\/\/two.travel\/es\/wp-json\/wp\/v2\/types\/page"}],"author":[{"embeddable":true,"href":"https:\/\/two.travel\/es\/wp-json\/wp\/v2\/users\/3"}],"replies":[{"embeddable":true,"href":"https:\/\/two.travel\/es\/wp-json\/wp\/v2\/comments?post=2175015"}],"version-history":[{"count":2,"href":"https:\/\/two.travel\/es\/wp-json\/wp\/v2\/pages\/2175015\/revisions"}],"predecessor-version":[{"id":2179324,"href":"https:\/\/two.travel\/es\/wp-json\/wp\/v2\/pages\/2175015\/revisions\/2179324"}],"wp:featuredmedia":[{"embeddable":true,"href":"https:\/\/two.travel\/es\/wp-json\/wp\/v2\/media\/2175030"}],"wp:attachment":[{"href":"https:\/\/two.travel\/es\/wp-json\/wp\/v2\/media?parent=2175015"}],"curies":[{"name":"wp","href":"https:\/\/api.w.org\/{rel}","templated":true}]}}